{"id":3961,"date":"2025-05-19T02:51:21","date_gmt":"2025-05-19T02:51:21","guid":{"rendered":"https:\/\/nazoiq.com\/product\/29048-mi-360-home-security-camera-2k\/"},"modified":"2026-03-24T07:06:31","modified_gmt":"2026-03-24T07:06:31","slug":"29048-mi-360-home-security-camera-2k","status":"publish","type":"product","link":"https:\/\/nazoiq.com\/ar\/product\/29048-mi-360-home-security-camera-2k\/","title":{"rendered":"Mi 360 Home Security Camera 2K"},"content":{"rendered":"<section class=\"section section-02\"><span class=\"xm-text title\" data-key=\"spec_1\" data-type=\"text\" data-id=\"9mmt2t1txg\">Specifications<\/span><\/p>\n<ul class=\"specs-list\">\n<li class=\"specs-item\"><span class=\"xm-text sub-title\" data-key=\"spec_2\" data-type=\"text\" data-id=\"xppmbfho5l\">\u0627\u0633\u0645 \u0627\u0644\u0645\u0646\u062a\u062c<\/span><span class=\"xm-text desc\" data-key=\"spec_3\" data-type=\"text\" data-id=\"l6b3zv1oa2\">Mi 360\u00b0 Home Security Camera 2K<\/span><\/li>\n<li class=\"specs-item\"><span class=\"xm-text sub-title\" data-key=\"spec_4\" data-type=\"text\" data-id=\"denzrfz4dd\">Product net weight<\/span><span class=\"xm-text desc\" data-key=\"spec_5\" data-type=\"text\" data-id=\"yxz2zzcxyg\">310\u00a0g<\/span><\/li>\n<li class=\"specs-item\"><span class=\"xm-text sub-title\" data-key=\"spec_6\" data-type=\"text\" data-id=\"0ys4zxf6jh\">Product model no.<\/span><span class=\"xm-text desc\" data-key=\"spec_7\" data-type=\"text\" data-id=\"6yizrtu756\">MJSXJ09CM<\/span><\/li>\n<li class=\"specs-item\"><span class=\"xm-text sub-title\" data-key=\"spec_8\" data-type=\"text\" data-id=\"7u4donktbf\">Power input<\/span><span class=\"xm-text desc\" data-key=\"spec_9\" data-type=\"text\" data-id=\"3yxxg7kq1w\">5V=2A<\/span><\/li>\n<li class=\"specs-item\"><span class=\"xm-text sub-title\" data-key=\"spec_10\" data-type=\"text\" data-id=\"8njv8qfy40\">Working temperature<\/span><span class=\"xm-text desc\" data-key=\"spec_11\" data-type=\"text\" data-id=\"ek6knm76f2\">-10\u00b0C to 50\u00b0C<\/span><\/li>\n<li class=\"specs-item\"><span class=\"xm-text sub-title\" data-key=\"spec_12\" data-type=\"text\" data-id=\"whmmeh839h\">Aperture<\/span><span class=\"xm-text desc\" data-key=\"spec_13\" data-type=\"text\" data-id=\"9iqty3tmv1\">F1.4<\/span><\/li>\n<li class=\"specs-item\"><span class=\"xm-text sub-title\" data-key=\"spec_14\" data-type=\"text\" data-id=\"mz95ftinkd\">Lens angle<\/span><span class=\"xm-text desc\" data-key=\"spec_15\" data-type=\"text\" data-id=\"c0x7icxtrf\">110\u00b0<\/span><\/li>\n<li class=\"specs-item\"><span class=\"xm-text sub-title\" data-key=\"spec_16\" data-type=\"text\" data-id=\"s3j49r51jm\">\u0627\u0644\u0642\u0631\u0627\u0631<\/span><span class=\"xm-text desc\" data-key=\"spec_17\" data-type=\"text\" data-id=\"6v9ffantsu\">2304 \u00d7 1296<\/span><\/li>\n<li class=\"specs-item\"><span class=\"xm-text sub-title\" data-key=\"spec_18\" data-type=\"text\" data-id=\"gjizkhbye5\">\u0623\u0628\u0639\u0627\u062f \u0627\u0644\u0645\u0646\u062a\u062c<\/span><span class=\"xm-text desc\" data-key=\"spec_19\" data-type=\"text\" data-id=\"6abesnvxo4\">115 \u00d7 78 \u00d7 78\u00a0mm<\/span><\/li>\n<li class=\"specs-item\"><span class=\"xm-text sub-title\" data-key=\"spec_20\" data-type=\"text\" data-id=\"8byet6sayh\">Video encoding<\/span><span class=\"xm-text desc\" data-key=\"spec_21\" data-type=\"text\" data-id=\"b2kugwbqvj\">H.265<\/span><\/li>\n<li class=\"specs-item\"><span class=\"xm-text sub-title\" data-key=\"spec_22\" data-type=\"text\" data-id=\"2nkgxnnkjr\">Compatible with<\/span><span class=\"xm-text desc\" data-key=\"spec_23\" data-type=\"text\" data-id=\"urgmbngldm\">Android 4.4 or iOS 9.0 and above<\/span><\/li>\n<li class=\"specs-item\"><span class=\"xm-text sub-title\" data-key=\"spec_24\" data-type=\"text\" data-id=\"ucesqnfrlb\">Storage<\/span><span class=\"xm-text desc\" data-key=\"spec_25\" data-type=\"text\" data-id=\"3j8r5qw5ak\">Micro SD card (up to 32\u00a0GB supported)<\/span><\/li>\n<li class=\"specs-item\"><span class=\"xm-text sub-title\" data-key=\"spec_26\" data-type=\"text\" data-id=\"p0mjd4xvwx\">Wireless connection<\/span><span class=\"xm-text desc\" data-key=\"spec_27\" data-type=\"text\" data-id=\"ib0oizw8yq\">Wi-Fi IEEE 802.11b\/g\/n 2.4GHz<\/span><\/li>\n<\/ul>\n<\/section>\n<section class=\"section section-03\"><span class=\"xm-text title\" data-key=\"spec_28\" data-type=\"text\" data-id=\"wynjiqm7ue\">\u0645\u062d\u062a\u0648\u064a\u0627\u062a \u0627\u0644\u0639\u0628\u0648\u0629<\/span><\/p>\n<ul class=\"package-list\">\n<li class=\"package-item\">\n<div class=\"img-box\"><img decoding=\"async\" class=\"xm-img lazy\" src=\"https:\/\/i01.appmifile.com\/webfile\/globalimg\/products\/pc\/mi-360-home-security-camera-2k\/specs-new-2.jpg\" alt=\"\" data-id=\"hub0vsc3ui\" data-src=\"\/\/i01.appmifile.com\/webfile\/globalimg\/products\/pc\/mi-360-home-security-camera-2k\/specs-new-2.jpg\" data-loaded=\"true\" \/><\/div>\n<p><span class=\"xm-text desc\" data-key=\"spec_29\" data-type=\"text\" data-id=\"2kv08fzh37\">Mi 360\u00b0 Home Security Camera 2K<\/span><\/li>\n<li class=\"package-item\">\n<div class=\"img-box\"><img decoding=\"async\" class=\"xm-img lazy\" src=\"https:\/\/i01.appmifile.com\/webfile\/globalimg\/products\/pc\/mi-360-home-security-camera-2k-pro\/specs2.jpg\" alt=\"\" data-id=\"8jml7t46nv\" data-src=\"\/\/i01.appmifile.com\/webfile\/globalimg\/products\/pc\/mi-360-home-security-camera-2k-pro\/specs2.jpg\" data-loaded=\"true\" \/><\/div>\n<p><span class=\"xm-text desc\" data-key=\"spec_30\" data-type=\"text\" data-id=\"eaarmgpgn5\">User Manual<\/span><\/li>\n<li class=\"package-item\">\n<div class=\"img-box\"><img decoding=\"async\" class=\"xm-img lazy\" src=\"https:\/\/i01.appmifile.com\/webfile\/globalimg\/products\/pc\/mi-360-home-security-camera-2k-pro\/specs3.jpg\" alt=\"\" data-id=\"wb3c5fql10\" data-src=\"\/\/i01.appmifile.com\/webfile\/globalimg\/products\/pc\/mi-360-home-security-camera-2k-pro\/specs3.jpg\" data-loaded=\"true\" \/><\/div>\n<p><span class=\"xm-text desc\" data-key=\"spec_31\" data-type=\"text\" data-id=\"35l2jz5vtt\">Power cable<\/span><\/li>\n<li class=\"package-item\">\n<div class=\"img-box\"><img decoding=\"async\" class=\"xm-img lazy\" src=\"https:\/\/i01.appmifile.com\/webfile\/globalimg\/products\/pc\/mi-360-home-security-camera-2k-pro\/specs5.jpg\" alt=\"\" data-id=\"5cliko1hko\" data-src=\"\/\/i01.appmifile.com\/webfile\/globalimg\/products\/pc\/mi-360-home-security-camera-2k-pro\/specs5.jpg\" data-loaded=\"true\" \/><\/div>\n<p><span class=\"xm-text desc\" data-key=\"spec_32\" data-type=\"text\" data-id=\"q8d8oyk80a\">Wall mount accessories package<\/span><\/li>\n<\/ul>\n<\/section>","protected":false},"excerpt":{"rendered":"<p>Specifications Product nameMi 360\u00b0 Home Security Camera 2K Product net weight310\u00a0g Product model no.MJSXJ09CM Power input5V=2A Working temperature-10\u00b0C to 50\u00b0C ApertureF1.4 Lens angle110\u00b0 Resolution2304 \u00d7 1296 Product dimensions115 \u00d7 78 \u00d7 78\u00a0mm Video encodingH.265 Compatible withAndroid 4.4 or iOS 9.0 and above StorageMicro SD card (up to 32\u00a0GB supported) Wireless connectionWi-Fi IEEE 802.11b\/g\/n 2.4GHz Package [&hellip;]<\/p>\n","protected":false},"featured_media":4663,"template":"","meta":{"site-sidebar-layout":"default","site-content-layout":"","ast-site-content-layout":"default","site-content-style":"default","site-sidebar-style":"default","ast-global-header-display":"","ast-banner-title-visibility":"","ast-main-header-display":"","ast-hfb-above-header-display":"","ast-hfb-below-header-display":"","ast-hfb-mobile-header-display":"","site-post-title":"","ast-breadcrumbs-content":"","ast-featured-img":"","footer-sml-layout":"","ast-disable-related-posts":"","theme-transparent-header-meta":"default","adv-header-id-meta":"","stick-header-meta":"default","header-above-stick-meta":"","header-main-stick-meta":"","header-below-stick-meta":"","astra-migrate-meta-layouts":"set","ast-page-background-enabled":"default","ast-page-background-meta":{"desktop":{"background-color":"var(--ast-global-color-4)","background-image":"","background-repeat":"repeat","background-position":"center center","background-size":"auto","background-attachment":"scroll","background-type":"","background-media":"","overlay-type":"","overlay-color":"","overlay-opacity":"","overlay-gradient":""},"tablet":{"background-color":"","background-image":"","background-repeat":"repeat","background-position":"center center","background-size":"auto","background-attachment":"scroll","background-type":"","background-media":"","overlay-type":"","overlay-color":"","overlay-opacity":"","overlay-gradient":""},"mobile":{"background-color":"","background-image":"","background-repeat":"repeat","background-position":"center center","background-size":"auto","background-attachment":"scroll","background-type":"","background-media":"","overlay-type":"","overlay-color":"","overlay-opacity":"","overlay-gradient":""}},"ast-content-background-meta":{"desktop":{"background-color":"var(--ast-global-color-5)","background-image":"","background-repeat":"repeat","background-position":"center center","background-size":"auto","background-attachment":"scroll","background-type":"","background-media":"","overlay-type":"","overlay-color":"","overlay-opacity":"","overlay-gradient":""},"tablet":{"background-color":"var(--ast-global-color-5)","background-image":"","background-repeat":"repeat","background-position":"center center","background-size":"auto","background-attachment":"scroll","background-type":"","background-media":"","overlay-type":"","overlay-color":"","overlay-opacity":"","overlay-gradient":""},"mobile":{"background-color":"var(--ast-global-color-5)","background-image":"","background-repeat":"repeat","background-position":"center center","background-size":"auto","background-attachment":"scroll","background-type":"","background-media":"","overlay-type":"","overlay-color":"","overlay-opacity":"","overlay-gradient":""}}},"product_brand":[53],"product_cat":[50,39],"product_tag":[],"class_list":{"0":"post-3961","1":"product","2":"type-product","3":"status-publish","4":"has-post-thumbnail","6":"product_brand-xiaomi","7":"product_cat-other-electronics","8":"product_cat-security-camera","9":"product_shipping_class-all-products","10":"desktop-align-center","11":"tablet-align-left","12":"mobile-align-left","13":"ast-product-gallery-layout-horizontal","14":"ast-product-tabs-layout-horizontal","16":"first","17":"instock","18":"purchasable","19":"product-type-simple"},"_links":{"self":[{"href":"https:\/\/nazoiq.com\/ar\/wp-json\/wp\/v2\/product\/3961","targetHints":{"allow":["GET"]}}],"collection":[{"href":"https:\/\/nazoiq.com\/ar\/wp-json\/wp\/v2\/product"}],"about":[{"href":"https:\/\/nazoiq.com\/ar\/wp-json\/wp\/v2\/types\/product"}],"version-history":[{"count":3,"href":"https:\/\/nazoiq.com\/ar\/wp-json\/wp\/v2\/product\/3961\/revisions"}],"predecessor-version":[{"id":4664,"href":"https:\/\/nazoiq.com\/ar\/wp-json\/wp\/v2\/product\/3961\/revisions\/4664"}],"wp:featuredmedia":[{"embeddable":true,"href":"https:\/\/nazoiq.com\/ar\/wp-json\/wp\/v2\/media\/4663"}],"wp:attachment":[{"href":"https:\/\/nazoiq.com\/ar\/wp-json\/wp\/v2\/media?parent=3961"}],"wp:term":[{"taxonomy":"product_brand","embeddable":true,"href":"https:\/\/nazoiq.com\/ar\/wp-json\/wp\/v2\/product_brand?post=3961"},{"taxonomy":"product_cat","embeddable":true,"href":"https:\/\/nazoiq.com\/ar\/wp-json\/wp\/v2\/product_cat?post=3961"},{"taxonomy":"product_tag","embeddable":true,"href":"https:\/\/nazoiq.com\/ar\/wp-json\/wp\/v2\/product_tag?post=3961"}],"curies":[{"name":"wp","href":"https:\/\/api.w.org\/{rel}","templated":true}]}}