{"id":3974,"date":"2025-05-19T02:51:22","date_gmt":"2025-05-19T02:51:22","guid":{"rendered":"https:\/\/nazoiq.com\/product\/34289-mi-router-ax9000-eu\/"},"modified":"2026-03-24T07:04:58","modified_gmt":"2026-03-24T07:04:58","slug":"34289-mi-router-ax9000-eu","status":"publish","type":"product","link":"https:\/\/nazoiq.com\/ar\/product\/34289-mi-router-ax9000-eu\/","title":{"rendered":"Mi Router AX9000"},"content":{"rendered":"<div class=\"section specs02 lazy\" data-type=\"bg\" data-id=\"is1rjhxfpo\" data-background-image=\"\" data-loaded=\"true\">\n<div class=\"item-container\">\n<div class=\"left\"><span class=\"xm-text title-28\" data-key=\"spec_6\" data-type=\"text\" data-id=\"1mv3tssx1x\">Hardware configuration<\/span><\/div>\n<div class=\"right\">\n<div class=\"item\"><span class=\"xm-text title-18\" data-key=\"spec_7\" data-type=\"text\" data-id=\"jqwdek3c5e\">\u0627\u0644\u0645\u0639\u0627\u0644\u062c<\/span><span class=\"xm-text text-18\" data-key=\"spec_8\" data-type=\"text\" data-id=\"f65auxas8b\">Qualcomm\u00ae IPQ8072 quad-core A53 2.2GHz CPU<\/span><\/div>\n<div class=\"item\"><span class=\"xm-text title-18\" data-key=\"spec_9\" data-type=\"text\" data-id=\"exrn8lze4j\">Network processing unit<\/span><span class=\"xm-text text-18\" data-key=\"spec_10\" data-type=\"text\" data-id=\"2jz0exh79j\">Dual core 1.7GHz NPU<\/span><\/div>\n<div class=\"item\"><span class=\"xm-text title-18\" data-key=\"spec_11\" data-type=\"text\" data-id=\"gjls6zq58z\">\u0627\u0644\u0630\u0627\u0643\u0631\u0629<\/span><span class=\"xm-text text-18\" data-key=\"spec_12\" data-type=\"text\" data-id=\"6q2y55pf0x\">1GB<\/span><\/div>\n<div class=\"item\"><span class=\"xm-text title-18 whole\" data-key=\"spec_13\" data-type=\"text\" data-id=\"bhvp05v4yl\">2.4G Wi-Fi<\/span><\/div>\n<div class=\"item\"><span class=\"xm-text text-18 whole\" data-key=\"spec_14\" data-type=\"text\" data-id=\"1lxz0z9ln0\">4\u00d74 (supports up to IEEE 802.11ax protocol, the theoretical maximum rate is 1148Mbps)<\/span><\/div>\n<div class=\"item\"><span class=\"xm-text title-18 whole\" data-key=\"spec_15\" data-type=\"text\" data-id=\"vac38y1ytw\">5GHz-1 Wi-Fi<\/span><\/div>\n<div class=\"item\"><span class=\"xm-text text-18 whole\" data-key=\"spec_16\" data-type=\"text\" data-id=\"3inv2thvh0\">4\u00d74 (supports up to IEEE 802.11ax protocol, the theoretical maximum rate is 4804Mbps)<\/span><\/div>\n<div class=\"item\"><span class=\"xm-text title-18 whole\" data-key=\"spec_17\" data-type=\"text\" data-id=\"5bb25s9sxt\">5GHz-2 Wi-Fi<\/span><\/div>\n<div class=\"item\"><span class=\"xm-text text-18 whole\" data-key=\"spec_18\" data-type=\"text\" data-id=\"cvwgg9cfnx\">4\u00d74 (supports up to IEEE 802.11ax protocol, theoretical maximum rate is 2402Mbps)<\/span><\/div>\n<div class=\"item\"><span class=\"xm-text title-18\" data-key=\"spec_19\" data-type=\"text\" data-id=\"v09qln7dg7\">Antennas<\/span><span class=\"xm-text text-18\" data-key=\"spec_20\" data-type=\"text\" data-id=\"5jtb8yygds\">External high gain antenna + internal AIoT antenna<\/span><\/div>\n<div class=\"item\"><span class=\"xm-text title-18\" data-key=\"spec_21\" data-type=\"text\" data-id=\"qdv1m4lv23\">Heat dissipation<\/span><span class=\"xm-text text-18\" data-key=\"spec_22\" data-type=\"text\" data-id=\"aeuletj38v\">Active cooling<\/span><\/div>\n<div class=\"item\"><span class=\"xm-text title-18 whole\" data-key=\"spec_23\" data-type=\"text\" data-id=\"wvzk0xw9rl\">Total ports<\/span><\/div>\n<div class=\"item\"><span class=\"xm-text text-18 whole\" data-key=\"spec_24\" data-type=\"text\" data-id=\"91fdxztlbg\">10\/100\/1000\/2500Mbps adaptive WAN\/LAN port (Auto MDI\/MDIX) \u00d71 10\/100\/1000Mbps adaptive WAN\/LAN port (Auto MDI\/MDIX) \u00d71 10\/100\/1000Mbps adaptive LAN ports (Auto MDI\/MDIX)&#8221; \u00d73<\/span><\/div>\n<div class=\"item\"><span class=\"xm-text title-18 whole\" data-key=\"spec_25\" data-type=\"text\" data-id=\"hecvzj01rk\">LED indicator light<\/span><\/div>\n<div class=\"item\"><span class=\"xm-text text-18 whole\" data-key=\"spec_26\" data-type=\"text\" data-id=\"8uq9bhvpif\">8 lights, include: System indicator \u00d7 1, Internet indicator \u00d7 1, Network port \u00d7 5, Atmosphere light \u00d7 1<\/span><\/div>\n<div class=\"item\"><span class=\"xm-text title-18\" data-key=\"spec_27\" data-type=\"text\" data-id=\"v8qsn3kxg5\">System reset button<\/span><span class=\"xm-text text-18\" data-key=\"spec_28\" data-type=\"text\" data-id=\"s5hpfdhhlq\">\u00d71<\/span><\/div>\n<div class=\"item\"><span class=\"xm-text title-18\" data-key=\"spec_29\" data-type=\"text\" data-id=\"ofp3z5tkex\">USB 3.0 port<\/span><span class=\"xm-text text-18\" data-key=\"spec_30\" data-type=\"text\" data-id=\"8nzumcthrd\">\u00d71<\/span><\/div>\n<div class=\"item\"><span class=\"xm-text title-18\" data-key=\"spec_31\" data-type=\"text\" data-id=\"nngp1prrp6\">Mesh networking button<\/span><span class=\"xm-text text-18\" data-key=\"spec_32\" data-type=\"text\" data-id=\"uf6yji6pmz\">\u00d71<\/span><\/div>\n<div class=\"item\"><span class=\"xm-text title-18\" data-key=\"spec_33\" data-type=\"text\" data-id=\"pq1w63opn7\">Power button<\/span><span class=\"xm-text text-18\" data-key=\"spec_34\" data-type=\"text\" data-id=\"62op23575j\">\u00d71<\/span><\/div>\n<div class=\"item\"><span class=\"xm-text title-18\" data-key=\"spec_35\" data-type=\"text\" data-id=\"uvk13p5swh\">Power input port<\/span><span class=\"xm-text text-18\" data-key=\"spec_36\" data-type=\"text\" data-id=\"9rs0gs3cgv\">\u00d71<\/span><\/div>\n<div class=\"item\"><span class=\"xm-text title-18\" data-key=\"spec_37\" data-type=\"text\" data-id=\"5b3chtkv3m\">Protocol standards<\/span><span class=\"xm-text text-18\" data-key=\"spec_38\" data-type=\"text\" data-id=\"6g3j90kbud\">IEEE 802.11a\/b\/g\/n\/ac\/ax\uff0cIEEE 802.3\/3u\/3ab<\/span><\/div>\n<\/div>\n<\/div>\n<\/div>\n<div class=\"section specs03 lazy\" data-type=\"bg\" data-id=\"8jbzpjnf43\" data-background-image=\"\" data-loaded=\"true\">\n<div class=\"item-container\">\n<div class=\"left\"><span class=\"xm-text title-28\" data-key=\"spec_39\" data-type=\"text\" data-id=\"o7fkoqu80o\">Wireless specifications<\/span><\/div>\n<div class=\"right\">\n<div class=\"item\"><span class=\"xm-text title-18\" data-key=\"spec_40\" data-type=\"text\" data-id=\"g3gf8cr71g\">Tri-band<\/span><span class=\"xm-text text-18\" data-key=\"spec_41\" data-type=\"text\" data-id=\"c3uit1768f\">2.4GHz, 5GHz-1 and 5GHz-2<\/span><\/div>\n<div class=\"item\"><span class=\"xm-text title-18 whole\" data-key=\"spec_42\" data-type=\"text\" data-id=\"tk5np5svxu\">Modulation<\/span><\/div>\n<div class=\"item\"><span class=\"xm-text text-18 whole\" data-key=\"spec_43\" data-type=\"text\" data-id=\"gsac3c41ju\">11b\uff1aDSSS\uff1aDBPSK(1Mbps),DQPSK(2Mbps),CCK(5.5\/11Mbps)<\/span><\/div>\n<div class=\"item\"><span class=\"xm-text text-18 whole\" data-key=\"spec_44\" data-type=\"text\" data-id=\"h8syxdso95\">11a\/g\uff1aOFDM:BPSK(6\/9Mbps),QPSK(12\/18Mbps),16QAM(24\/36Mbps), 64QAM(48\/54Mbps)<\/span><\/div>\n<div class=\"item\"><span class=\"xm-text text-18 whole\" data-key=\"spec_45\" data-type=\"text\" data-id=\"f40i1xed5z\">11n\uff1aMIMO-OFDM:BPSK,QPSK,16QAM,64QAM. Data rate\uff1aMCS0-MCS15<\/span><\/div>\n<div class=\"item\"><span class=\"xm-text text-18 whole\" data-key=\"spec_46\" data-type=\"text\" data-id=\"a3pbprrnj2\">11ac\uff1aMIMO-OFDM:BPSK,QPSK,16QAM,64QAM,256QAM.<\/span><\/div>\n<div class=\"item\"><span class=\"xm-text text-18 whole\" data-key=\"spec_47\" data-type=\"text\" data-id=\"2k7bws15z5\">11ax\uff1aMIMO-OFDM:BPSK,QPSK,16QAM,64QAM,256QAM,1024QAM.<\/span><\/div>\n<div class=\"item\"><span class=\"xm-text text-18 whole\" data-key=\"spec_48\" data-type=\"text\" data-id=\"6gq9rztpr7\">Data rates: MCS0-MCS11 (supports 4 streams).4096QAM.<\/span><\/div>\n<div class=\"item\"><span class=\"xm-text text-18 whole\" data-key=\"spec_49\" data-type=\"text\" data-id=\"49eb6et1n3\">Data rates: MCS12-MCS13 (supports 2 streams)<\/span><\/div>\n<\/div>\n<\/div>\n<\/div>\n<div class=\"section specs04 lazy\" data-type=\"bg\" data-id=\"eesvhjcjwd\" data-background-image=\"\" data-loaded=\"true\">\n<div class=\"item-container\">\n<div class=\"left\"><span class=\"xm-text title-28\" data-key=\"spec_50\" data-type=\"text\" data-id=\"u6xj8ggnm4\">Software specifications<\/span><\/div>\n<div class=\"right\">\n<div class=\"item\"><span class=\"xm-text title-18\" data-key=\"spec_51\" data-type=\"text\" data-id=\"27ad1ghs3j\">Operating system<\/span><span class=\"xm-text text-18\" data-key=\"spec_52\" data-type=\"text\" data-id=\"ecn8xrhvbl\">MiWiFi ROM, a smart router operating system based on OpenWRT<\/span><\/div>\n<div class=\"item\"><span class=\"xm-text title-18 whole\" data-key=\"spec_53\" data-type=\"text\" data-id=\"lh86p02kg7\">WiFi Encryption<\/span><\/div>\n<div class=\"item\"><span class=\"xm-text text-18 whole\" data-key=\"spec_54\" data-type=\"text\" data-id=\"5ema0095lb\">WPA-PSK\/WPA2-PSK\/WPA3-SAE encryption, Wireless access control (black and white list), SSID hidden<\/span><\/div>\n<div class=\"item\"><span class=\"xm-text title-18\" data-key=\"spec_55\" data-type=\"text\" data-id=\"cioggmr78a\">Management applications<\/span><span class=\"xm-text text-18\" data-key=\"spec_56\" data-type=\"text\" data-id=\"dx8wyr1k5f\">Supports Web, Android, iOS<\/span><\/div>\n<\/div>\n<\/div>\n<\/div>\n<div class=\"section specs05 lazy\" data-type=\"bg\" data-id=\"bcp0b8a13y\" data-background-image=\"\" data-loaded=\"true\">\n<div class=\"item-container\">\n<div class=\"left\"><span class=\"xm-text title-28\" data-key=\"spec_57\" data-type=\"text\" data-id=\"canftcld0m\">Working environment<\/span><\/div>\n<div class=\"right\">\n<div class=\"item\"><span class=\"xm-text title-18\" data-key=\"spec_58\" data-type=\"text\" data-id=\"qpvevjsdr8\">Working environment temperature<\/span><span class=\"xm-text text-18\" data-key=\"spec_59\" data-type=\"text\" data-id=\"m86kyj4zb1\">0-40\u2103<\/span><\/div>\n<div class=\"item\"><span class=\"xm-text title-18\" data-key=\"spec_60\" data-type=\"text\" data-id=\"d66hqddmok\">Operating humidity<\/span><span class=\"xm-text text-18\" data-key=\"spec_61\" data-type=\"text\" data-id=\"c63qqb4s4s\">10%-90%RH (non-condensing)<\/span><\/div>\n<div class=\"item\"><span class=\"xm-text title-18\" data-key=\"spec_62\" data-type=\"text\" data-id=\"549046rls0\">Storage temperature<\/span><span class=\"xm-text text-18\" data-key=\"spec_63\" data-type=\"text\" data-id=\"irdckh9b60\">-40-70\u2103<\/span><\/div>\n<div class=\"item\"><span class=\"xm-text title-18\" data-key=\"spec_64\" data-type=\"text\" data-id=\"eijddb33ww\">Storage humidity<\/span><span class=\"xm-text text-18\" data-key=\"spec_65\" data-type=\"text\" data-id=\"7w085krmpq\">5%-90%RH (non-condensing)<\/span><\/div>\n<\/div>\n<\/div>\n<\/div>\n<div class=\"section specs06 lazy\" data-type=\"bg\" data-id=\"eflg5jsiez\" data-background-image=\"\" data-loaded=\"true\">\n<div class=\"item-container\">\n<div class=\"left\"><span class=\"xm-text title-28\" data-key=\"spec_66\" data-type=\"text\" data-id=\"a3mvqq3fvv\">\u0645\u062d\u062a\u0648\u064a\u0627\u062a \u0627\u0644\u0639\u0628\u0648\u0629<\/span><\/div>\n<div class=\"right\">\n<div class=\"item\"><span class=\"xm-text title-18\" data-key=\"spec_67\" data-type=\"text\" data-id=\"ox2itzmxe4\">Mi Router AX9000 \u00d71<\/span><\/div>\n<div class=\"item\"><span class=\"xm-text title-18\" data-key=\"spec_68\" data-type=\"text\" data-id=\"yzmr4fh5lr\">Instruction Manual \u00d71<\/span><\/div>\n<div class=\"item\"><span class=\"xm-text title-18\" data-key=\"spec_69\" data-type=\"text\" data-id=\"6v957joxjm\">Power adapter \u00d71<\/span><\/div>\n<div class=\"item\"><span class=\"xm-text title-18\" data-key=\"spec_70\" data-type=\"text\" data-id=\"jz4rtavlh2\">Network cable \u00d71<\/span><\/div>\n<\/div>\n<\/div>\n<\/div>","protected":false},"excerpt":{"rendered":"<p>Hardware configuration ProcessorQualcomm\u00ae IPQ8072 quad-core A53 2.2GHz CPU Network processing unitDual core 1.7GHz NPU Memory1GB 2.4G Wi-Fi 4\u00d74 (supports up to IEEE 802.11ax protocol, the theoretical maximum rate is 1148Mbps) 5GHz-1 Wi-Fi 4\u00d74 (supports up to IEEE 802.11ax protocol, the theoretical maximum rate is 4804Mbps) 5GHz-2 Wi-Fi 4\u00d74 (supports up to IEEE 802.11ax protocol, theoretical [&hellip;]<\/p>\n","protected":false},"featured_media":4704,"template":"","meta":{"site-sidebar-layout":"default","site-content-layout":"","ast-site-content-layout":"default","site-content-style":"default","site-sidebar-style":"default","ast-global-header-display":"","ast-banner-title-visibility":"","ast-main-header-display":"","ast-hfb-above-header-display":"","ast-hfb-below-header-display":"","ast-hfb-mobile-header-display":"","site-post-title":"","ast-breadcrumbs-content":"","ast-featured-img":"","footer-sml-layout":"","ast-disable-related-posts":"","theme-transparent-header-meta":"default","adv-header-id-meta":"","stick-header-meta":"default","header-above-stick-meta":"","header-main-stick-meta":"","header-below-stick-meta":"","astra-migrate-meta-layouts":"set","ast-page-background-enabled":"default","ast-page-background-meta":{"desktop":{"background-color":"var(--ast-global-color-4)","background-image":"","background-repeat":"repeat","background-position":"center center","background-size":"auto","background-attachment":"scroll","background-type":"","background-media":"","overlay-type":"","overlay-color":"","overlay-opacity":"","overlay-gradient":""},"tablet":{"background-color":"","background-image":"","background-repeat":"repeat","background-position":"center center","background-size":"auto","background-attachment":"scroll","background-type":"","background-media":"","overlay-type":"","overlay-color":"","overlay-opacity":"","overlay-gradient":""},"mobile":{"background-color":"","background-image":"","background-repeat":"repeat","background-position":"center center","background-size":"auto","background-attachment":"scroll","background-type":"","background-media":"","overlay-type":"","overlay-color":"","overlay-opacity":"","overlay-gradient":""}},"ast-content-background-meta":{"desktop":{"background-color":"var(--ast-global-color-5)","background-image":"","background-repeat":"repeat","background-position":"center center","background-size":"auto","background-attachment":"scroll","background-type":"","background-media":"","overlay-type":"","overlay-color":"","overlay-opacity":"","overlay-gradient":""},"tablet":{"background-color":"var(--ast-global-color-5)","background-image":"","background-repeat":"repeat","background-position":"center center","background-size":"auto","background-attachment":"scroll","background-type":"","background-media":"","overlay-type":"","overlay-color":"","overlay-opacity":"","overlay-gradient":""},"mobile":{"background-color":"var(--ast-global-color-5)","background-image":"","background-repeat":"repeat","background-position":"center center","background-size":"auto","background-attachment":"scroll","background-type":"","background-media":"","overlay-type":"","overlay-color":"","overlay-opacity":"","overlay-gradient":""}}},"product_brand":[53],"product_cat":[50,40],"product_tag":[],"class_list":{"0":"post-3974","1":"product","2":"type-product","3":"status-publish","4":"has-post-thumbnail","6":"product_brand-xiaomi","7":"product_cat-other-electronics","8":"product_cat-routers","9":"product_shipping_class-all-products","10":"desktop-align-center","11":"tablet-align-left","12":"mobile-align-left","13":"ast-product-gallery-layout-horizontal","14":"ast-product-tabs-layout-horizontal","16":"first","17":"instock","18":"purchasable","19":"product-type-simple"},"_links":{"self":[{"href":"https:\/\/nazoiq.com\/ar\/wp-json\/wp\/v2\/product\/3974","targetHints":{"allow":["GET"]}}],"collection":[{"href":"https:\/\/nazoiq.com\/ar\/wp-json\/wp\/v2\/product"}],"about":[{"href":"https:\/\/nazoiq.com\/ar\/wp-json\/wp\/v2\/types\/product"}],"version-history":[{"count":4,"href":"https:\/\/nazoiq.com\/ar\/wp-json\/wp\/v2\/product\/3974\/revisions"}],"predecessor-version":[{"id":10030,"href":"https:\/\/nazoiq.com\/ar\/wp-json\/wp\/v2\/product\/3974\/revisions\/10030"}],"wp:featuredmedia":[{"embeddable":true,"href":"https:\/\/nazoiq.com\/ar\/wp-json\/wp\/v2\/media\/4704"}],"wp:attachment":[{"href":"https:\/\/nazoiq.com\/ar\/wp-json\/wp\/v2\/media?parent=3974"}],"wp:term":[{"taxonomy":"product_brand","embeddable":true,"href":"https:\/\/nazoiq.com\/ar\/wp-json\/wp\/v2\/product_brand?post=3974"},{"taxonomy":"product_cat","embeddable":true,"href":"https:\/\/nazoiq.com\/ar\/wp-json\/wp\/v2\/product_cat?post=3974"},{"taxonomy":"product_tag","embeddable":true,"href":"https:\/\/nazoiq.com\/ar\/wp-json\/wp\/v2\/product_tag?post=3974"}],"curies":[{"name":"wp","href":"https:\/\/api.w.org\/{rel}","templated":true}]}}