{"id":4015,"date":"2025-05-19T02:51:25","date_gmt":"2025-05-19T02:51:25","guid":{"rendered":"https:\/\/nazoiq.com\/product\/39953-xiaomi-smart-humdifier-2\/"},"modified":"2026-03-24T07:01:47","modified_gmt":"2026-03-24T07:01:47","slug":"39953-xiaomi-smart-humdifier-2","status":"publish","type":"product","link":"https:\/\/nazoiq.com\/ar\/product\/39953-xiaomi-smart-humdifier-2\/","title":{"rendered":"Xiaomi Smart Humdifier 2"},"content":{"rendered":"<div class=\"lazy\" data-type=\"bg\" data-id=\"0448adb92c\" data-background-image=\"\" data-loaded=\"true\">\n<p><span class=\"xm-text f-bold\" data-key=\"spec_1\" data-type=\"text\" data-id=\"afe598f35c\">Specifications<\/span><\/p>\n<div class=\"lazy\" data-type=\"bg\" data-id=\"2fbff6f0bb\" data-background-image=\"\" data-loaded=\"true\">\n<div class=\"lazy\" data-type=\"bg\" data-id=\"1202b50b13\" data-background-image=\"\" data-loaded=\"true\"><span class=\"xm-text f-medium\" data-key=\"spec_2\" data-type=\"text\" data-id=\"9336811bca\">\u0627\u0633\u0645 \u0627\u0644\u0645\u0646\u062a\u062c<\/span><span class=\"xm-text f-light\" data-key=\"spec_3\" data-type=\"text\" data-id=\"7046b66323\">Xiaomi Smart Humidifier 2<\/span><\/div>\n<div class=\"lazy\" data-type=\"bg\" data-id=\"749162c281\" data-background-image=\"\" data-loaded=\"true\"><span class=\"xm-text f-medium\" data-key=\"spec_4\" data-type=\"text\" data-id=\"309053cd88\">\u0646\u0645\u0648\u0630\u062c \u0627\u0644\u0645\u0646\u062a\u062c<\/span><span class=\"xm-text f-light\" data-key=\"spec_5\" data-type=\"text\" data-id=\"9625239fca\">MJJSQ05DY<\/span><\/div>\n<div class=\"lazy\" data-type=\"bg\" data-id=\"30dc794789\" data-background-image=\"\" data-loaded=\"true\"><span class=\"xm-text f-medium\" data-key=\"spec_6\" data-type=\"text\" data-id=\"1246ff945c\">\u0627\u0644\u062c\u0647\u062f \u0627\u0644\u0645\u0642\u0646\u0646<\/span><span class=\"xm-text f-light\" data-key=\"spec_7\" data-type=\"text\" data-id=\"475fe55a6b\">220 V~<\/span><\/div>\n<div class=\"lazy\" data-type=\"bg\" data-id=\"d21a26d030\" data-background-image=\"\" data-loaded=\"true\"><span class=\"xm-text f-medium\" data-key=\"spec_8\" data-type=\"text\" data-id=\"1d12bf19ae\">\u0627\u0644\u062a\u0631\u062f\u062f \u0627\u0644\u0645\u0642\u062f\u0631<\/span><span class=\"xm-text f-light\" data-key=\"spec_9\" data-type=\"text\" data-id=\"f4ed30cdd8\">50 Hz<\/span><\/div>\n<div class=\"lazy\" data-type=\"bg\" data-id=\"b5e117d86d\" data-background-image=\"\" data-loaded=\"true\"><span class=\"xm-text f-medium\" data-key=\"spec_10\" data-type=\"text\" data-id=\"2846dccdd0\">Rated power<\/span><span class=\"xm-text f-light\" data-key=\"spec_11\" data-type=\"text\" data-id=\"db9e76f9a8\">28 W<\/span><\/div>\n<div class=\"lazy\" data-type=\"bg\" data-id=\"b8ea9d31cb\" data-background-image=\"\" data-loaded=\"true\"><span class=\"xm-text f-medium\" data-key=\"spec_12\" data-type=\"text\" data-id=\"e97398bbea\">Humidification rate<\/span><span class=\"xm-text f-light\" data-key=\"spec_13\" data-type=\"text\" data-id=\"39991e7083\">350 mL\/h<\/span><\/div>\n<div class=\"lazy\" data-type=\"bg\" data-id=\"410c76efe3\" data-background-image=\"\" data-loaded=\"true\"><span class=\"xm-text f-medium\" data-key=\"spec_14\" data-type=\"text\" data-id=\"ee6ac6bbbe\">Noise level<\/span><span class=\"xm-text f-light\" data-key=\"spec_15\" data-type=\"text\" data-id=\"6779f40120\">\u226438dB(A)<\/span><\/div>\n<div class=\"lazy\" data-type=\"bg\" data-id=\"763755bb22\" data-background-image=\"\" data-loaded=\"true\"><span class=\"xm-text f-medium\" data-key=\"spec_16\" data-type=\"text\" data-id=\"455b84e8e2\">Water tank capacity<\/span><span class=\"xm-text f-light\" data-key=\"spec_17\" data-type=\"text\" data-id=\"9bf43e7a29\">4.5L<\/span><\/div>\n<div class=\"lazy\" data-type=\"bg\" data-id=\"9c05c651f8\" data-background-image=\"\" data-loaded=\"true\"><span class=\"xm-text f-medium\" data-key=\"spec_18\" data-type=\"text\" data-id=\"339ea64fcd\">Net weight<\/span><span class=\"xm-text f-light\" data-key=\"spec_19\" data-type=\"text\" data-id=\"9cd2989b3a\">1.57kg<\/span><\/div>\n<div class=\"lazy\" data-type=\"bg\" data-id=\"9e525582bc\" data-background-image=\"\" data-loaded=\"true\"><span class=\"xm-text f-medium\" data-key=\"spec_20\" data-type=\"text\" data-id=\"cb853e0415\">\u0623\u0628\u0639\u0627\u062f \u0627\u0644\u0645\u0646\u062a\u062c<\/span><span class=\"xm-text f-light\" data-key=\"spec_21\" data-type=\"text\" data-id=\"62834d7113\">\u03a6190\u00d7335 mm<\/span><\/div>\n<\/div>\n<\/div>\n<div class=\"lazy\" data-type=\"bg\" data-id=\"303b68c1f7\" data-background-image=\"\" data-loaded=\"true\">\n<p><span class=\"xm-text f-bold\" data-key=\"spec_22\" data-type=\"text\" data-id=\"d675666512\">\u0645\u062d\u062a\u0648\u064a\u0627\u062a \u0627\u0644\u0639\u0628\u0648\u0629<\/span><\/p>\n<div class=\"lazy\" data-type=\"bg\" data-id=\"bc227a32bf\" data-background-image=\"\" data-loaded=\"true\">\n<div class=\"lazy\" data-type=\"bg\" data-id=\"6d1d222a77\" data-background-image=\"\" data-loaded=\"true\"><span class=\"xm-text f-medium\" data-key=\"spec_23\" data-type=\"text\" data-id=\"6b5cf8b6b0\">Xiaomi Smart Humidifier \u00d7 1<\/span><\/div>\n<div class=\"lazy\" data-type=\"bg\" data-id=\"68c9543d05\" data-background-image=\"\" data-loaded=\"true\"><span class=\"xm-text f-medium\" data-key=\"spec_24\" data-type=\"text\" data-id=\"a1522252d2\">Instruction Manual \u00d7 1<\/span><\/div>\n<div class=\"lazy\" data-type=\"bg\" data-id=\"fdd754bb21\" data-background-image=\"\" data-loaded=\"true\"><span class=\"xm-text f-medium\" data-key=\"spec_25\" data-type=\"text\" data-id=\"d434a15626\">Fiber Cotton \u00d7 3 (1 installed, 2 replacements)<\/span><\/div>\n<\/div>\n<\/div>","protected":false},"excerpt":{"rendered":"<p>Specifications Product nameXiaomi Smart Humidifier 2 Product modelMJJSQ05DY Rated voltage220 V~ Rated frequency50 Hz Rated power28 W Humidification rate350 mL\/h Noise level\u226438dB(A) Water tank capacity4.5L Net weight1.57kg Product dimensions\u03a6190\u00d7335 mm Package contents Xiaomi Smart Humidifier \u00d7 1 Instruction Manual \u00d7 1 Fiber Cotton \u00d7 3 (1 installed, 2 replacements)<\/p>","protected":false},"featured_media":4794,"template":"","meta":{"site-sidebar-layout":"default","site-content-layout":"","ast-site-content-layout":"default","site-content-style":"default","site-sidebar-style":"default","ast-global-header-display":"","ast-banner-title-visibility":"","ast-main-header-display":"","ast-hfb-above-header-display":"","ast-hfb-below-header-display":"","ast-hfb-mobile-header-display":"","site-post-title":"","ast-breadcrumbs-content":"","ast-featured-img":"","footer-sml-layout":"","ast-disable-related-posts":"","theme-transparent-header-meta":"default","adv-header-id-meta":"","stick-header-meta":"default","header-above-stick-meta":"","header-main-stick-meta":"","header-below-stick-meta":"","astra-migrate-meta-layouts":"set","ast-page-background-enabled":"default","ast-page-background-meta":{"desktop":{"background-color":"var(--ast-global-color-4)","background-image":"","background-repeat":"repeat","background-position":"center center","background-size":"auto","background-attachment":"scroll","background-type":"","background-media":"","overlay-type":"","overlay-color":"","overlay-opacity":"","overlay-gradient":""},"tablet":{"background-color":"","background-image":"","background-repeat":"repeat","background-position":"center center","background-size":"auto","background-attachment":"scroll","background-type":"","background-media":"","overlay-type":"","overlay-color":"","overlay-opacity":"","overlay-gradient":""},"mobile":{"background-color":"","background-image":"","background-repeat":"repeat","background-position":"center center","background-size":"auto","background-attachment":"scroll","background-type":"","background-media":"","overlay-type":"","overlay-color":"","overlay-opacity":"","overlay-gradient":""}},"ast-content-background-meta":{"desktop":{"background-color":"var(--ast-global-color-5)","background-image":"","background-repeat":"repeat","background-position":"center center","background-size":"auto","background-attachment":"scroll","background-type":"","background-media":"","overlay-type":"","overlay-color":"","overlay-opacity":"","overlay-gradient":""},"tablet":{"background-color":"var(--ast-global-color-5)","background-image":"","background-repeat":"repeat","background-position":"center center","background-size":"auto","background-attachment":"scroll","background-type":"","background-media":"","overlay-type":"","overlay-color":"","overlay-opacity":"","overlay-gradient":""},"mobile":{"background-color":"var(--ast-global-color-5)","background-image":"","background-repeat":"repeat","background-position":"center center","background-size":"auto","background-attachment":"scroll","background-type":"","background-media":"","overlay-type":"","overlay-color":"","overlay-opacity":"","overlay-gradient":""}}},"product_brand":[53],"product_cat":[42,50],"product_tag":[],"class_list":{"0":"post-4015","1":"product","2":"type-product","3":"status-publish","4":"has-post-thumbnail","6":"product_brand-xiaomi","7":"product_cat-home-appliance","8":"product_cat-other-electronics","9":"product_shipping_class-all-products","10":"desktop-align-center","11":"tablet-align-left","12":"mobile-align-left","13":"ast-product-gallery-layout-horizontal","14":"ast-product-tabs-layout-horizontal","16":"first","17":"instock","18":"purchasable","19":"product-type-simple"},"_links":{"self":[{"href":"https:\/\/nazoiq.com\/ar\/wp-json\/wp\/v2\/product\/4015","targetHints":{"allow":["GET"]}}],"collection":[{"href":"https:\/\/nazoiq.com\/ar\/wp-json\/wp\/v2\/product"}],"about":[{"href":"https:\/\/nazoiq.com\/ar\/wp-json\/wp\/v2\/types\/product"}],"version-history":[{"count":4,"href":"https:\/\/nazoiq.com\/ar\/wp-json\/wp\/v2\/product\/4015\/revisions"}],"predecessor-version":[{"id":9905,"href":"https:\/\/nazoiq.com\/ar\/wp-json\/wp\/v2\/product\/4015\/revisions\/9905"}],"wp:featuredmedia":[{"embeddable":true,"href":"https:\/\/nazoiq.com\/ar\/wp-json\/wp\/v2\/media\/4794"}],"wp:attachment":[{"href":"https:\/\/nazoiq.com\/ar\/wp-json\/wp\/v2\/media?parent=4015"}],"wp:term":[{"taxonomy":"product_brand","embeddable":true,"href":"https:\/\/nazoiq.com\/ar\/wp-json\/wp\/v2\/product_brand?post=4015"},{"taxonomy":"product_cat","embeddable":true,"href":"https:\/\/nazoiq.com\/ar\/wp-json\/wp\/v2\/product_cat?post=4015"},{"taxonomy":"product_tag","embeddable":true,"href":"https:\/\/nazoiq.com\/ar\/wp-json\/wp\/v2\/product_tag?post=4015"}],"curies":[{"name":"wp","href":"https:\/\/api.w.org\/{rel}","templated":true}]}}