{"id":4018,"date":"2025-05-19T02:51:25","date_gmt":"2025-05-19T02:51:25","guid":{"rendered":"https:\/\/nazoiq.com\/product\/42915-xiaomi-smart-humidifier-2-lite\/"},"modified":"2026-03-24T07:01:48","modified_gmt":"2026-03-24T07:01:48","slug":"42915-xiaomi-smart-humidifier-2-lite","status":"publish","type":"product","link":"https:\/\/nazoiq.com\/ar\/product\/42915-xiaomi-smart-humidifier-2-lite\/","title":{"rendered":"Xiaomi smart Humidifier 2 Lite"},"content":{"rendered":"<div class=\"lazy\" data-type=\"bg\" data-id=\"f62d06ea11\" data-background-image=\"\" data-loaded=\"true\">\n<div class=\"lazy\" data-type=\"bg\" data-id=\"9bc42f5705\" data-background-image=\"\" data-loaded=\"true\">\n<div class=\"lazy\" data-type=\"bg\" data-id=\"c178679e27\" data-background-image=\"\" data-loaded=\"true\">\n<div class=\"lazy\" data-type=\"bg\" data-id=\"297ef3deb1\" data-background-image=\"\" data-loaded=\"true\"><span class=\"xm-text f-bold\" data-key=\"spec_1\" data-type=\"text\" data-id=\"f1225a692c\">\u0627\u0633\u0645 \u0627\u0644\u0645\u0646\u062a\u062c<\/span><span class=\"xm-text f-regular\" data-key=\"spec_2\" data-type=\"text\" data-id=\"07803f044f\">Xiaomi Humidifier 2 Lite<\/span><\/div>\n<div class=\"lazy\" data-type=\"bg\" data-id=\"155703cf15\" data-background-image=\"\" data-loaded=\"true\"><span class=\"xm-text f-bold\" data-key=\"spec_3\" data-type=\"text\" data-id=\"c438424b2e\">Product model no.<\/span><span class=\"xm-text f-regular\" data-key=\"spec_4\" data-type=\"text\" data-id=\"1db986bf19\">MJJSQ06DY<\/span><\/div>\n<div class=\"lazy\" data-type=\"bg\" data-id=\"3cf1fc7f5f\" data-background-image=\"\" data-loaded=\"true\"><span class=\"xm-text f-bold\" data-key=\"spec_5\" data-type=\"text\" data-id=\"0979bd561b\">\u0627\u0644\u062c\u0647\u062f \u0627\u0644\u0645\u0642\u0646\u0646<\/span><span class=\"xm-text f-regular\" data-key=\"spec_6\" data-type=\"text\" data-id=\"e9b0df4762\">220V~<\/span><\/div>\n<div class=\"lazy\" data-type=\"bg\" data-id=\"7623e81614\" data-background-image=\"\" data-loaded=\"true\"><span class=\"xm-text f-bold\" data-key=\"spec_7\" data-type=\"text\" data-id=\"cdced153fb\">\u0627\u0644\u062a\u0631\u062f\u062f \u0627\u0644\u0645\u0642\u062f\u0631<\/span><span class=\"xm-text f-regular\" data-key=\"spec_8\" data-type=\"text\" data-id=\"f9751da8b4\">50 \u0647\u0631\u062a\u0632<\/span><\/div>\n<div class=\"lazy\" data-type=\"bg\" data-id=\"de61d0cf8d\" data-background-image=\"\" data-loaded=\"true\"><span class=\"xm-text f-bold\" data-key=\"spec_9\" data-type=\"text\" data-id=\"8b4b37ddba\">Rated power<\/span><span class=\"xm-text f-regular\" data-key=\"spec_10\" data-type=\"text\" data-id=\"dc19768882\">23W<\/span><\/div>\n<div class=\"lazy\" data-type=\"bg\" data-id=\"d789aa3af9\" data-background-image=\"\" data-loaded=\"true\"><span class=\"xm-text f-bold\" data-key=\"spec_11\" data-type=\"text\" data-id=\"da02fbb9f4\">Humidification rate<\/span><span class=\"xm-text f-regular\" data-key=\"spec_12\" data-type=\"text\" data-id=\"d95cd6e5a7\">300mL\/h<\/span><\/div>\n<div class=\"lazy\" data-type=\"bg\" data-id=\"0cade299b5\" data-background-image=\"\" data-loaded=\"true\"><span class=\"xm-text f-bold\" data-key=\"spec_13\" data-type=\"text\" data-id=\"5b31475d5a\">Water tank capacity<\/span><span class=\"xm-text f-regular\" data-key=\"spec_14\" data-type=\"text\" data-id=\"890852fdaa\">4L<\/span><\/div>\n<div class=\"lazy\" data-type=\"bg\" data-id=\"6f48d1d1da\" data-background-image=\"\" data-loaded=\"true\"><span class=\"xm-text f-bold\" data-key=\"spec_15\" data-type=\"text\" data-id=\"0f82b3d970\">Noise<\/span><span class=\"xm-text f-regular\" data-key=\"spec_16\" data-type=\"text\" data-id=\"1812f4265e\">\u2264 38dB(A)<\/span><\/div>\n<div class=\"lazy\" data-type=\"bg\" data-id=\"e54ffd21d8\" data-background-image=\"\" data-loaded=\"true\"><span class=\"xm-text f-bold\" data-key=\"spec_17\" data-type=\"text\" data-id=\"153227a70e\">Product net weight<\/span><span class=\"xm-text f-regular\" data-key=\"spec_18\" data-type=\"text\" data-id=\"b8ee896402\">1.4kg<\/span><\/div>\n<div class=\"lazy\" data-type=\"bg\" data-id=\"0a60b99c52\" data-background-image=\"\" data-loaded=\"true\"><span class=\"xm-text f-bold\" data-key=\"spec_19\" data-type=\"text\" data-id=\"3f07ff3841\">\u0623\u0628\u0639\u0627\u062f \u0627\u0644\u0645\u0646\u062a\u062c<\/span><span class=\"xm-text f-regular\" data-key=\"spec_20\" data-type=\"text\" data-id=\"2fc8d08870\">190 \u00d7 202 \u00d7 315mm<\/span><\/div>\n<\/div>\n<\/div>\n<div class=\"lazy\" data-type=\"bg\" data-id=\"922a88145c\" data-background-image=\"\" data-loaded=\"true\">\n<div class=\"lazy\" data-type=\"bg\" data-id=\"9585db8e88\" data-background-image=\"\" data-loaded=\"true\"><span class=\"xm-text f-bold\" data-key=\"spec_21\" data-type=\"text\" data-id=\"ba6365e98c\">\u0645\u062d\u062a\u0648\u064a\u0627\u062a \u0627\u0644\u0639\u0628\u0648\u0629<\/span><\/div>\n<div class=\"lazy\" data-type=\"bg\" data-id=\"d6dd456325\" data-background-image=\"\" data-loaded=\"true\">\n<div class=\"lazy\" data-type=\"bg\" data-id=\"f405971e9e\" data-background-image=\"\" data-loaded=\"true\"><span class=\"xm-text f-bold\" data-key=\"spec_22\" data-type=\"text\" data-id=\"532cb5e193\">Xiaomi Humidifier 2 Lite \u00d7 1<\/span><\/div>\n<div class=\"lazy\" data-type=\"bg\" data-id=\"10bee9226f\" data-background-image=\"\" data-loaded=\"true\"><\/div>\n<div class=\"lazy\" data-type=\"bg\" data-id=\"29180871b9\" data-background-image=\"\" data-loaded=\"true\"><span class=\"xm-text f-bold\" data-key=\"spec_23\" data-type=\"text\" data-id=\"7097d70ad1\">User Manual \u00d7 1<\/span><\/div>\n<div class=\"lazy\" data-type=\"bg\" data-id=\"80d9cc8189\" data-background-image=\"\" data-loaded=\"true\"><\/div>\n<\/div>\n<\/div>\n<\/div>","protected":false},"excerpt":{"rendered":"<p>Product nameXiaomi Humidifier 2 Lite Product model no.MJJSQ06DY Rated voltage220V~ Rated frequency50Hz Rated power23W Humidification rate300mL\/h Water tank capacity4L Noise\u2264 38dB(A) Product net weight1.4kg Product dimensions190 \u00d7 202 \u00d7 315mm Package contents Xiaomi Humidifier 2 Lite \u00d7 1 User Manual \u00d7 1<\/p>","protected":false},"featured_media":5234,"template":"","meta":{"site-sidebar-layout":"default","site-content-layout":"","ast-site-content-layout":"default","site-content-style":"default","site-sidebar-style":"default","ast-global-header-display":"","ast-banner-title-visibility":"","ast-main-header-display":"","ast-hfb-above-header-display":"","ast-hfb-below-header-display":"","ast-hfb-mobile-header-display":"","site-post-title":"","ast-breadcrumbs-content":"","ast-featured-img":"","footer-sml-layout":"","ast-disable-related-posts":"","theme-transparent-header-meta":"default","adv-header-id-meta":"","stick-header-meta":"default","header-above-stick-meta":"","header-main-stick-meta":"","header-below-stick-meta":"","astra-migrate-meta-layouts":"set","ast-page-background-enabled":"default","ast-page-background-meta":{"desktop":{"background-color":"var(--ast-global-color-4)","background-image":"","background-repeat":"repeat","background-position":"center center","background-size":"auto","background-attachment":"scroll","background-type":"","background-media":"","overlay-type":"","overlay-color":"","overlay-opacity":"","overlay-gradient":""},"tablet":{"background-color":"","background-image":"","background-repeat":"repeat","background-position":"center center","background-size":"auto","background-attachment":"scroll","background-type":"","background-media":"","overlay-type":"","overlay-color":"","overlay-opacity":"","overlay-gradient":""},"mobile":{"background-color":"","background-image":"","background-repeat":"repeat","background-position":"center center","background-size":"auto","background-attachment":"scroll","background-type":"","background-media":"","overlay-type":"","overlay-color":"","overlay-opacity":"","overlay-gradient":""}},"ast-content-background-meta":{"desktop":{"background-color":"var(--ast-global-color-5)","background-image":"","background-repeat":"repeat","background-position":"center center","background-size":"auto","background-attachment":"scroll","background-type":"","background-media":"","overlay-type":"","overlay-color":"","overlay-opacity":"","overlay-gradient":""},"tablet":{"background-color":"var(--ast-global-color-5)","background-image":"","background-repeat":"repeat","background-position":"center center","background-size":"auto","background-attachment":"scroll","background-type":"","background-media":"","overlay-type":"","overlay-color":"","overlay-opacity":"","overlay-gradient":""},"mobile":{"background-color":"var(--ast-global-color-5)","background-image":"","background-repeat":"repeat","background-position":"center center","background-size":"auto","background-attachment":"scroll","background-type":"","background-media":"","overlay-type":"","overlay-color":"","overlay-opacity":"","overlay-gradient":""}}},"product_brand":[53],"product_cat":[42,50],"product_tag":[],"class_list":{"0":"post-4018","1":"product","2":"type-product","3":"status-publish","4":"has-post-thumbnail","6":"product_brand-xiaomi","7":"product_cat-home-appliance","8":"product_cat-other-electronics","9":"product_shipping_class-all-products","10":"desktop-align-center","11":"tablet-align-left","12":"mobile-align-left","13":"ast-product-gallery-layout-horizontal","14":"ast-product-tabs-layout-horizontal","16":"first","17":"instock","18":"purchasable","19":"product-type-simple"},"_links":{"self":[{"href":"https:\/\/nazoiq.com\/ar\/wp-json\/wp\/v2\/product\/4018","targetHints":{"allow":["GET"]}}],"collection":[{"href":"https:\/\/nazoiq.com\/ar\/wp-json\/wp\/v2\/product"}],"about":[{"href":"https:\/\/nazoiq.com\/ar\/wp-json\/wp\/v2\/types\/product"}],"version-history":[{"count":3,"href":"https:\/\/nazoiq.com\/ar\/wp-json\/wp\/v2\/product\/4018\/revisions"}],"predecessor-version":[{"id":5235,"href":"https:\/\/nazoiq.com\/ar\/wp-json\/wp\/v2\/product\/4018\/revisions\/5235"}],"wp:featuredmedia":[{"embeddable":true,"href":"https:\/\/nazoiq.com\/ar\/wp-json\/wp\/v2\/media\/5234"}],"wp:attachment":[{"href":"https:\/\/nazoiq.com\/ar\/wp-json\/wp\/v2\/media?parent=4018"}],"wp:term":[{"taxonomy":"product_brand","embeddable":true,"href":"https:\/\/nazoiq.com\/ar\/wp-json\/wp\/v2\/product_brand?post=4018"},{"taxonomy":"product_cat","embeddable":true,"href":"https:\/\/nazoiq.com\/ar\/wp-json\/wp\/v2\/product_cat?post=4018"},{"taxonomy":"product_tag","embeddable":true,"href":"https:\/\/nazoiq.com\/ar\/wp-json\/wp\/v2\/product_tag?post=4018"}],"curies":[{"name":"wp","href":"https:\/\/api.w.org\/{rel}","templated":true}]}}