{"id":4019,"date":"2025-05-19T02:51:26","date_gmt":"2025-05-19T02:51:26","guid":{"rendered":"https:\/\/nazoiq.com\/product\/48366-xiaomi-electric-glass-kettle\/"},"modified":"2026-03-24T07:01:47","modified_gmt":"2026-03-24T07:01:47","slug":"48366-xiaomi-electric-glass-kettle","status":"publish","type":"product","link":"https:\/\/nazoiq.com\/ar\/product\/48366-xiaomi-electric-glass-kettle\/","title":{"rendered":"Xiaomi Electric Glass Kettle"},"content":{"rendered":"<div class=\"lazy\" data-type=\"bg\" data-id=\"acf9220d3d\" data-background-image=\"\" data-loaded=\"true\">\n<div class=\"lazy\" data-type=\"bg\" data-id=\"f5bf5cc947\" data-background-image=\"\" data-loaded=\"true\">\n<div class=\"lazy\" data-type=\"bg\" data-id=\"041db0ee9e\" data-background-image=\"\" data-loaded=\"true\"><span class=\"xm-text f-bold\" data-key=\"spec_1\" data-type=\"text\" data-id=\"97029d6221\">Specifications<\/span><\/div>\n<div class=\"lazy\" data-type=\"bg\" data-id=\"6832eefc82\" data-background-image=\"\" data-loaded=\"true\">\n<div class=\"lazy\" data-type=\"bg\" data-id=\"2212c93168\" data-background-image=\"\" data-loaded=\"true\"><span class=\"xm-text f-bold\" data-key=\"spec_2\" data-type=\"text\" data-id=\"4b16c6bd00\">\u0627\u0633\u0645 \u0627\u0644\u0645\u0646\u062a\u062c<\/span><span class=\"xm-text f-regular\" data-key=\"spec_3\" data-type=\"text\" data-id=\"947b394b98\">Xiaomi Electric Glass Kettle<\/span><\/div>\n<div class=\"lazy\" data-type=\"bg\" data-id=\"39ab85b1ad\" data-background-image=\"\" data-loaded=\"true\"><span class=\"xm-text f-bold\" data-key=\"spec_4\" data-type=\"text\" data-id=\"dca58f0d38\">\u0646\u0645\u0648\u0630\u062c \u0627\u0644\u0645\u0646\u062a\u062c<\/span><span class=\"xm-text f-regular\" data-key=\"spec_5\" data-type=\"text\" data-id=\"aa4254fdb6\">MJDSH05FD<\/span><\/div>\n<div class=\"lazy\" data-type=\"bg\" data-id=\"3c4f159ff6\" data-background-image=\"\" data-loaded=\"true\"><span class=\"xm-text f-bold\" data-key=\"spec_6\" data-type=\"text\" data-id=\"8ac042a7af\">\u0627\u0644\u062c\u0647\u062f \u0627\u0644\u0645\u0642\u0646\u0646<\/span><span class=\"xm-text f-regular\" data-key=\"spec_7\" data-type=\"text\" data-id=\"0977b5c6dd\">220-240V~<\/span><\/div>\n<div class=\"lazy\" data-type=\"bg\" data-id=\"181ab2c91e\" data-background-image=\"\" data-loaded=\"true\"><span class=\"xm-text f-bold\" data-key=\"spec_8\" data-type=\"text\" data-id=\"f13c120f16\">\u0627\u0644\u062a\u0631\u062f\u062f \u0627\u0644\u0645\u0642\u062f\u0631<\/span><span class=\"xm-text f-regular\" data-key=\"spec_9\" data-type=\"text\" data-id=\"214a7777f4\">50\/60HZ<\/span><\/div>\n<div class=\"lazy\" data-type=\"bg\" data-id=\"e6ed31f1a1\" data-background-image=\"\" data-loaded=\"true\"><span class=\"xm-text f-bold\" data-key=\"spec_10\" data-type=\"text\" data-id=\"211c63cba4\">Rated power<\/span><span class=\"xm-text f-regular\" data-key=\"spec_11\" data-type=\"text\" data-id=\"02237b6af3\">1850-2200W<\/span><\/div>\n<div class=\"lazy\" data-type=\"bg\" data-id=\"5e1d2c7cd6\" data-background-image=\"\" data-loaded=\"true\"><span class=\"xm-text f-bold\" data-key=\"spec_12\" data-type=\"text\" data-id=\"c946067cc5\">Capacity<\/span><span class=\"xm-text f-regular\" data-key=\"spec_13\" data-type=\"text\" data-id=\"7508725c01\">1.7L<\/span><\/div>\n<div class=\"lazy\" data-type=\"bg\" data-id=\"657f0f719d\" data-background-image=\"\" data-loaded=\"true\"><span class=\"xm-text f-bold\" data-key=\"spec_14\" data-type=\"text\" data-id=\"3fcd15fcde\">Net weight<\/span><span class=\"xm-text f-regular\" data-key=\"spec_15\" data-type=\"text\" data-id=\"02632913c9\">1.1kg<\/span><\/div>\n<div class=\"lazy\" data-type=\"bg\" data-id=\"edfc7e1ac9\" data-background-image=\"\" data-loaded=\"true\"><span class=\"xm-text f-bold\" data-key=\"spec_16\" data-type=\"text\" data-id=\"58499618e5\">\u0623\u0628\u0639\u0627\u062f \u0627\u0644\u0645\u0646\u062a\u062c<\/span><span class=\"xm-text f-regular\" data-key=\"spec_17\" data-type=\"text\" data-id=\"e758ea6baf\">221 \u00d7 142 \u00d7 243mm<\/span><\/div>\n<div class=\"lazy\" data-type=\"bg\" data-id=\"946ad359a3\" data-background-image=\"\" data-loaded=\"true\"><\/div>\n<div class=\"lazy\" data-type=\"bg\" data-id=\"ccaf0e6ca3\" data-background-image=\"\" data-loaded=\"true\"><\/div>\n<\/div>\n<\/div>\n<\/div>\n<div class=\"lazy\" data-type=\"bg\" data-id=\"d841de2e69\" data-background-image=\"\" data-loaded=\"true\">\n<div class=\"lazy\" data-type=\"bg\" data-id=\"96bfd26fea\" data-background-image=\"\" data-loaded=\"true\">\n<div class=\"lazy\" data-type=\"bg\" data-id=\"30e7b2ba44\" data-background-image=\"\" data-loaded=\"true\"><span class=\"xm-text f-bold\" data-key=\"spec_18\" data-type=\"text\" data-id=\"7cf522f581\">\u0645\u062d\u062a\u0648\u064a\u0627\u062a \u0627\u0644\u0639\u0628\u0648\u0629<\/span><\/div>\n<div class=\"lazy\" data-type=\"bg\" data-id=\"647d6eeecf\" data-background-image=\"\" data-loaded=\"true\">\n<div class=\"lazy\" data-type=\"bg\" data-id=\"90d88209d8\" data-background-image=\"\" data-loaded=\"true\"><span class=\"xm-text f-regular\" data-key=\"spec_19\" data-type=\"text\" data-id=\"654069b181\">Kettle\u00d71<\/span><\/div>\n<div class=\"lazy\" data-type=\"bg\" data-id=\"7d733e6a46\" data-background-image=\"\" data-loaded=\"true\"><span class=\"xm-text f-regular\" data-key=\"spec_20\" data-type=\"text\" data-id=\"e386a81579\">Base\u00d71<\/span><\/div>\n<div class=\"lazy\" data-type=\"bg\" data-id=\"4e39e68f28\" data-background-image=\"\" data-loaded=\"true\"><span class=\"xm-text f-regular\" data-key=\"spec_21\" data-type=\"text\" data-id=\"3c2d8f9da0\">User manual\u00d71<\/span><\/div>\n<\/div>\n<\/div>\n<\/div>","protected":false},"excerpt":{"rendered":"<p>Specifications Product nameXiaomi Electric Glass Kettle Product modelMJDSH05FD Rated voltage220-240V~ Rated frequency50\/60HZ Rated power1850-2200W Capacity1.7L Net weight1.1kg Product dimensions221 \u00d7 142 \u00d7 243mm Package contents Kettle\u00d71 Base\u00d71 User manual\u00d71<\/p>","protected":false},"featured_media":4944,"template":"","meta":{"site-sidebar-layout":"default","site-content-layout":"","ast-site-content-layout":"default","site-content-style":"default","site-sidebar-style":"default","ast-global-header-display":"","ast-banner-title-visibility":"","ast-main-header-display":"","ast-hfb-above-header-display":"","ast-hfb-below-header-display":"","ast-hfb-mobile-header-display":"","site-post-title":"","ast-breadcrumbs-content":"","ast-featured-img":"","footer-sml-layout":"","ast-disable-related-posts":"","theme-transparent-header-meta":"default","adv-header-id-meta":"","stick-header-meta":"default","header-above-stick-meta":"","header-main-stick-meta":"","header-below-stick-meta":"","astra-migrate-meta-layouts":"set","ast-page-background-enabled":"default","ast-page-background-meta":{"desktop":{"background-color":"var(--ast-global-color-4)","background-image":"","background-repeat":"repeat","background-position":"center center","background-size":"auto","background-attachment":"scroll","background-type":"","background-media":"","overlay-type":"","overlay-color":"","overlay-opacity":"","overlay-gradient":""},"tablet":{"background-color":"","background-image":"","background-repeat":"repeat","background-position":"center center","background-size":"auto","background-attachment":"scroll","background-type":"","background-media":"","overlay-type":"","overlay-color":"","overlay-opacity":"","overlay-gradient":""},"mobile":{"background-color":"","background-image":"","background-repeat":"repeat","background-position":"center center","background-size":"auto","background-attachment":"scroll","background-type":"","background-media":"","overlay-type":"","overlay-color":"","overlay-opacity":"","overlay-gradient":""}},"ast-content-background-meta":{"desktop":{"background-color":"var(--ast-global-color-5)","background-image":"","background-repeat":"repeat","background-position":"center center","background-size":"auto","background-attachment":"scroll","background-type":"","background-media":"","overlay-type":"","overlay-color":"","overlay-opacity":"","overlay-gradient":""},"tablet":{"background-color":"var(--ast-global-color-5)","background-image":"","background-repeat":"repeat","background-position":"center center","background-size":"auto","background-attachment":"scroll","background-type":"","background-media":"","overlay-type":"","overlay-color":"","overlay-opacity":"","overlay-gradient":""},"mobile":{"background-color":"var(--ast-global-color-5)","background-image":"","background-repeat":"repeat","background-position":"center center","background-size":"auto","background-attachment":"scroll","background-type":"","background-media":"","overlay-type":"","overlay-color":"","overlay-opacity":"","overlay-gradient":""}}},"product_brand":[53],"product_cat":[42,50],"product_tag":[],"class_list":{"0":"post-4019","1":"product","2":"type-product","3":"status-publish","4":"has-post-thumbnail","6":"product_brand-xiaomi","7":"product_cat-home-appliance","8":"product_cat-other-electronics","9":"product_shipping_class-all-products","10":"desktop-align-center","11":"tablet-align-left","12":"mobile-align-left","13":"ast-product-gallery-layout-horizontal","14":"ast-product-tabs-layout-horizontal","16":"first","17":"instock","18":"purchasable","19":"product-type-simple"},"_links":{"self":[{"href":"https:\/\/nazoiq.com\/ar\/wp-json\/wp\/v2\/product\/4019","targetHints":{"allow":["GET"]}}],"collection":[{"href":"https:\/\/nazoiq.com\/ar\/wp-json\/wp\/v2\/product"}],"about":[{"href":"https:\/\/nazoiq.com\/ar\/wp-json\/wp\/v2\/types\/product"}],"version-history":[{"count":3,"href":"https:\/\/nazoiq.com\/ar\/wp-json\/wp\/v2\/product\/4019\/revisions"}],"predecessor-version":[{"id":4947,"href":"https:\/\/nazoiq.com\/ar\/wp-json\/wp\/v2\/product\/4019\/revisions\/4947"}],"wp:featuredmedia":[{"embeddable":true,"href":"https:\/\/nazoiq.com\/ar\/wp-json\/wp\/v2\/media\/4944"}],"wp:attachment":[{"href":"https:\/\/nazoiq.com\/ar\/wp-json\/wp\/v2\/media?parent=4019"}],"wp:term":[{"taxonomy":"product_brand","embeddable":true,"href":"https:\/\/nazoiq.com\/ar\/wp-json\/wp\/v2\/product_brand?post=4019"},{"taxonomy":"product_cat","embeddable":true,"href":"https:\/\/nazoiq.com\/ar\/wp-json\/wp\/v2\/product_cat?post=4019"},{"taxonomy":"product_tag","embeddable":true,"href":"https:\/\/nazoiq.com\/ar\/wp-json\/wp\/v2\/product_tag?post=4019"}],"curies":[{"name":"wp","href":"https:\/\/api.w.org\/{rel}","templated":true}]}}