{"id":4030,"date":"2025-05-19T02:51:27","date_gmt":"2025-05-19T02:51:27","guid":{"rendered":"https:\/\/nazoiq.com\/product\/54405-xiaomi-robot-vacuum-x20\/"},"modified":"2026-03-24T07:04:18","modified_gmt":"2026-03-24T07:04:18","slug":"54405-xiaomi-robot-vacuum-x20","status":"publish","type":"product","link":"https:\/\/nazoiq.com\/ar\/product\/54405-xiaomi-robot-vacuum-x20\/","title":{"rendered":"Xiaomi robot Vacuum X20+"},"content":{"rendered":"<div class=\"lazy\" data-type=\"bg\" data-id=\"473956f5db\" data-background-image=\"\" data-loaded=\"true\">\n<div class=\"lazy\" data-type=\"bg\" data-id=\"b73f0ee805\" data-background-image=\"\" data-loaded=\"true\">\n<div class=\"lazy\" data-type=\"bg\" data-id=\"e2a9fe8712\" data-background-image=\"\" data-loaded=\"true\"><span class=\"xm-text f-bold\" data-key=\"spec_1\" data-type=\"text\" data-id=\"95841232d6\">Robot Vacuum<\/span><\/div>\n<div class=\"lazy\" data-type=\"bg\" data-id=\"72482f5997\" data-background-image=\"\" data-loaded=\"true\">\n<div class=\"lazy\" data-type=\"bg\" data-id=\"d7a116868a\" data-background-image=\"\" data-loaded=\"true\"><span class=\"xm-text f-bold\" data-key=\"spec_4\" data-type=\"text\" data-id=\"79e1a1b402\">Item Dimensions<\/span><span class=\"xm-text f-regular\" data-key=\"spec_5\" data-type=\"text\" data-id=\"13411e5150\">350\u00d7350\u00d797 mm<\/span><\/div>\n<div class=\"lazy\" data-type=\"bg\" data-id=\"1f635c1887\" data-background-image=\"\" data-loaded=\"true\"><span class=\"xm-text f-bold\" data-key=\"spec_6\" data-type=\"text\" data-id=\"617729e2cd\">Rated Voltage<\/span><span class=\"xm-text f-regular\" data-key=\"spec_7\" data-type=\"text\" data-id=\"ee52984f7d\">14.4V\u2393<\/span><\/div>\n<div class=\"lazy\" data-type=\"bg\" data-id=\"a9c8ff353a\" data-background-image=\"\" data-loaded=\"true\"><span class=\"xm-text f-bold\" data-key=\"spec_8\" data-type=\"text\" data-id=\"8cbd222b04\">Rated Power<\/span><span class=\"xm-text f-regular\" data-key=\"spec_9\" data-type=\"text\" data-id=\"4fe10c5b5a\">75W<\/span><\/div>\n<div class=\"lazy\" data-type=\"bg\" data-id=\"b7bef7f7bf\" data-background-image=\"\" data-loaded=\"true\"><span class=\"xm-text f-bold\" data-key=\"spec_10\" data-type=\"text\" data-id=\"cb3abf7194\">Net Weight<\/span><span class=\"xm-text f-regular\" data-key=\"spec_11\" data-type=\"text\" data-id=\"e23bf33dca\">3.67 kg<\/span><\/div>\n<\/div>\n<\/div>\n<\/div>\n<div class=\"lazy\" data-type=\"bg\" data-id=\"a6525d7970\" data-background-image=\"\" data-loaded=\"true\">\n<div class=\"lazy\" data-type=\"bg\" data-id=\"beb092441b\" data-background-image=\"\" data-loaded=\"true\">\n<div class=\"lazy\" data-type=\"bg\" data-id=\"bf7702cc93\" data-background-image=\"\" data-loaded=\"true\"><span class=\"xm-text f-bold\" data-key=\"spec_12\" data-type=\"text\" data-id=\"719d56b531\">All-in-one Station<\/span><\/div>\n<div class=\"lazy\" data-type=\"bg\" data-id=\"7cb24771de\" data-background-image=\"\" data-loaded=\"true\">\n<div class=\"lazy\" data-type=\"bg\" data-id=\"eafe8fa673\" data-background-image=\"\" data-loaded=\"true\"><span class=\"xm-text f-bold\" data-key=\"spec_15\" data-type=\"text\" data-id=\"80e04024c8\">Item Dimensions<\/span><span class=\"xm-text f-regular\" data-key=\"spec_16\" data-type=\"text\" data-id=\"9dffce95e7\">586\u00d7427\u00d7340 mm<\/span><\/div>\n<div class=\"lazy\" data-type=\"bg\" data-id=\"76342b5d09\" data-background-image=\"\" data-loaded=\"true\"><span class=\"xm-text f-bold\" data-key=\"spec_17\" data-type=\"text\" data-id=\"5751720c2d\">Rated Input<\/span><span class=\"xm-text f-regular\" data-key=\"spec_18\" data-type=\"text\" data-id=\"1605f5ef4f\">220-240V\uff5e50\/60Hz<\/span><\/div>\n<div class=\"lazy\" data-type=\"bg\" data-id=\"4d7efecacd\" data-background-image=\"\" data-loaded=\"true\"><span class=\"xm-text f-bold\" data-key=\"spec_19\" data-type=\"text\" data-id=\"ac25230d37\">Rated Output<\/span><span class=\"xm-text f-regular\" data-key=\"spec_20\" data-type=\"text\" data-id=\"58a518a4e6\">20V\u23931A<\/span><\/div>\n<div class=\"lazy\" data-type=\"bg\" data-id=\"0bd1cc6baa\" data-background-image=\"\" data-loaded=\"true\"><span class=\"xm-text f-bold\" data-key=\"spec_21\" data-type=\"text\" data-id=\"d2f0944b69\">Power (during dust emptying)<\/span><span class=\"xm-text f-regular\" data-key=\"spec_22\" data-type=\"text\" data-id=\"b4126ef2c0\">1000W<\/span><\/div>\n<div class=\"lazy\" data-type=\"bg\" data-id=\"5322ed51b7\" data-background-image=\"\" data-loaded=\"true\"><span class=\"xm-text f-bold\" data-key=\"spec_23\" data-type=\"text\" data-id=\"dbfaf6d375\">Power (during cleaning)<\/span><span class=\"xm-text f-regular\" data-key=\"spec_24\" data-type=\"text\" data-id=\"b27565f4b0\">30W<\/span><\/div>\n<div class=\"lazy\" data-type=\"bg\" data-id=\"27b0d4ea66\" data-background-image=\"\" data-loaded=\"true\"><span class=\"xm-text f-bold\" data-key=\"spec_25\" data-type=\"text\" data-id=\"af405bd5ba\">Power (air-drying + charging)<\/span><span class=\"xm-text f-regular\" data-key=\"spec_26\" data-type=\"text\" data-id=\"4c38d517c3\">30W<\/span><\/div>\n<\/div>\n<\/div>\n<\/div>\n<div class=\"lazy\" data-type=\"bg\" data-id=\"25c8edf273\" data-background-image=\"\" data-loaded=\"true\">\n<div class=\"lazy\" data-type=\"bg\" data-id=\"24df0cda50\" data-background-image=\"\" data-loaded=\"true\">\n<div class=\"lazy\" data-type=\"bg\" data-id=\"6d2959bc08\" data-background-image=\"\" data-loaded=\"true\"><span class=\"xm-text f-bold\" data-key=\"spec_27\" data-type=\"text\" data-id=\"e2080ce3a9\">\u0645\u062d\u062a\u0648\u064a\u0627\u062a \u0627\u0644\u0639\u0628\u0648\u0629<\/span><\/div>\n<div class=\"lazy\" data-type=\"bg\" data-id=\"30b9fbea24\" data-background-image=\"\" data-loaded=\"true\">\n<div class=\"lazy\" data-type=\"bg\" data-id=\"b50137e778\" data-background-image=\"\" data-loaded=\"true\"><span class=\"xm-text f-bold\" data-key=\"spec_28\" data-type=\"text\" data-id=\"90a72bd190\">Robot Vacuum \u00d71<\/span><\/div>\n<div class=\"lazy\" data-type=\"bg\" data-id=\"38676ebf24\" data-background-image=\"\" data-loaded=\"true\"><span class=\"xm-text f-bold\" data-key=\"spec_29\" data-type=\"text\" data-id=\"b1630ae952\">All-in-one Station \u00d71<\/span><\/div>\n<div class=\"lazy\" data-type=\"bg\" data-id=\"a60a35980e\" data-background-image=\"\" data-loaded=\"true\"><span class=\"xm-text f-bold\" data-key=\"spec_30\" data-type=\"text\" data-id=\"145d183337\">(disposable bag, clean water tank, dirty water tank, washboard base extender, washboard included)<\/span><\/div>\n<div class=\"lazy\" data-type=\"bg\" data-id=\"2bf2d65ee7\" data-background-image=\"\" data-loaded=\"true\"><span class=\"xm-text f-bold\" data-key=\"spec_31\" data-type=\"text\" data-id=\"cf17d0a155\">Brush \u00d71<\/span><\/div>\n<div class=\"lazy\" data-type=\"bg\" data-id=\"20e748f188\" data-background-image=\"\" data-loaded=\"true\"><span class=\"xm-text f-bold\" data-key=\"spec_32\" data-type=\"text\" data-id=\"5cba29579f\">Brush Cover \u00d71<\/span><\/div>\n<div class=\"lazy\" data-type=\"bg\" data-id=\"c5cd66df1b\" data-background-image=\"\" data-loaded=\"true\"><span class=\"xm-text f-bold\" data-key=\"spec_33\" data-type=\"text\" data-id=\"6fff747e7a\">Dust Compartment \u00d71<\/span><\/div>\n<div class=\"lazy\" data-type=\"bg\" data-id=\"4b4e40c41e\" data-background-image=\"\" data-loaded=\"true\"><span class=\"xm-text f-bold\" data-key=\"spec_34\" data-type=\"text\" data-id=\"929ba399b5\">Filter \u00d71<\/span><span class=\"xm-text f-regular\" data-key=\"spec_35\" data-type=\"text\" data-id=\"bea67c8a70\">(Pre-installed on the dust compartment)<\/span><\/div>\n<div class=\"lazy\" data-type=\"bg\" data-id=\"3d5c46cb4a\" data-background-image=\"\" data-loaded=\"true\"><span class=\"xm-text f-bold\" data-key=\"spec_36\" data-type=\"text\" data-id=\"4671a39e99\">Side Brush \u00d71<\/span><\/div>\n<div class=\"lazy\" data-type=\"bg\" data-id=\"8051173259\" data-background-image=\"\" data-loaded=\"true\"><span class=\"xm-text f-bold\" data-key=\"spec_37\" data-type=\"text\" data-id=\"7316abb121\">Cord Set \u00d71<\/span><\/div>\n<div class=\"lazy\" data-type=\"bg\" data-id=\"260f7221d1\" data-background-image=\"\" data-loaded=\"true\"><span class=\"xm-text f-bold\" data-key=\"spec_38\" data-type=\"text\" data-id=\"6db4fe12bd\">Mop Pad Holder \u00d72<\/span><\/div>\n<div class=\"lazy\" data-type=\"bg\" data-id=\"3e4fea5b54\" data-background-image=\"\" data-loaded=\"true\"><span class=\"xm-text f-bold\" data-key=\"spec_39\" data-type=\"text\" data-id=\"280f279c2c\">Mop Pad \u00d72<\/span><span class=\"xm-text f-regular\" data-key=\"spec_40\" data-type=\"text\" data-id=\"3b5e6e5052\">(Pre-installed on the mop pad holder)<\/span><\/div>\n<div class=\"lazy\" data-type=\"bg\" data-id=\"4e52b4289d\" data-background-image=\"\" data-loaded=\"true\"><span class=\"xm-text f-bold\" data-key=\"spec_41\" data-type=\"text\" data-id=\"169e61b821\">User Manual \u00d71<\/span><\/div>\n<\/div>\n<\/div>\n<\/div>","protected":false},"excerpt":{"rendered":"<p>Robot Vacuum Item Dimensions350\u00d7350\u00d797 mm Rated Voltage14.4V\u2393 Rated Power75W Net Weight3.67 kg All-in-one Station Item Dimensions586\u00d7427\u00d7340 mm Rated Input220-240V\uff5e50\/60Hz Rated Output20V\u23931A Power (during dust emptying)1000W Power (during cleaning)30W Power (air-drying + charging)30W Package contents Robot Vacuum \u00d71 All-in-one Station \u00d71 (disposable bag, clean water tank, dirty water tank, washboard base extender, washboard included) Brush \u00d71 [&hellip;]<\/p>\n","protected":false},"featured_media":4946,"template":"","meta":{"site-sidebar-layout":"default","site-content-layout":"","ast-site-content-layout":"default","site-content-style":"default","site-sidebar-style":"default","ast-global-header-display":"","ast-banner-title-visibility":"","ast-main-header-display":"","ast-hfb-above-header-display":"","ast-hfb-below-header-display":"","ast-hfb-mobile-header-display":"","site-post-title":"","ast-breadcrumbs-content":"","ast-featured-img":"","footer-sml-layout":"","ast-disable-related-posts":"","theme-transparent-header-meta":"default","adv-header-id-meta":"","stick-header-meta":"default","header-above-stick-meta":"","header-main-stick-meta":"","header-below-stick-meta":"","astra-migrate-meta-layouts":"set","ast-page-background-enabled":"default","ast-page-background-meta":{"desktop":{"background-color":"var(--ast-global-color-4)","background-image":"","background-repeat":"repeat","background-position":"center center","background-size":"auto","background-attachment":"scroll","background-type":"","background-media":"","overlay-type":"","overlay-color":"","overlay-opacity":"","overlay-gradient":""},"tablet":{"background-color":"","background-image":"","background-repeat":"repeat","background-position":"center center","background-size":"auto","background-attachment":"scroll","background-type":"","background-media":"","overlay-type":"","overlay-color":"","overlay-opacity":"","overlay-gradient":""},"mobile":{"background-color":"","background-image":"","background-repeat":"repeat","background-position":"center center","background-size":"auto","background-attachment":"scroll","background-type":"","background-media":"","overlay-type":"","overlay-color":"","overlay-opacity":"","overlay-gradient":""}},"ast-content-background-meta":{"desktop":{"background-color":"var(--ast-global-color-5)","background-image":"","background-repeat":"repeat","background-position":"center center","background-size":"auto","background-attachment":"scroll","background-type":"","background-media":"","overlay-type":"","overlay-color":"","overlay-opacity":"","overlay-gradient":""},"tablet":{"background-color":"var(--ast-global-color-5)","background-image":"","background-repeat":"repeat","background-position":"center center","background-size":"auto","background-attachment":"scroll","background-type":"","background-media":"","overlay-type":"","overlay-color":"","overlay-opacity":"","overlay-gradient":""},"mobile":{"background-color":"var(--ast-global-color-5)","background-image":"","background-repeat":"repeat","background-position":"center center","background-size":"auto","background-attachment":"scroll","background-type":"","background-media":"","overlay-type":"","overlay-color":"","overlay-opacity":"","overlay-gradient":""}}},"product_brand":[53],"product_cat":[50,44],"product_tag":[],"class_list":{"0":"post-4030","1":"product","2":"type-product","3":"status-publish","4":"has-post-thumbnail","6":"product_brand-xiaomi","7":"product_cat-other-electronics","8":"product_cat-robot-vaccums","9":"product_shipping_class-10000-iqd","10":"desktop-align-center","11":"tablet-align-left","12":"mobile-align-left","13":"ast-product-gallery-layout-horizontal","14":"ast-product-tabs-layout-horizontal","16":"first","17":"instock","18":"purchasable","19":"product-type-simple"},"_links":{"self":[{"href":"https:\/\/nazoiq.com\/ar\/wp-json\/wp\/v2\/product\/4030","targetHints":{"allow":["GET"]}}],"collection":[{"href":"https:\/\/nazoiq.com\/ar\/wp-json\/wp\/v2\/product"}],"about":[{"href":"https:\/\/nazoiq.com\/ar\/wp-json\/wp\/v2\/types\/product"}],"version-history":[{"count":3,"href":"https:\/\/nazoiq.com\/ar\/wp-json\/wp\/v2\/product\/4030\/revisions"}],"predecessor-version":[{"id":4949,"href":"https:\/\/nazoiq.com\/ar\/wp-json\/wp\/v2\/product\/4030\/revisions\/4949"}],"wp:featuredmedia":[{"embeddable":true,"href":"https:\/\/nazoiq.com\/ar\/wp-json\/wp\/v2\/media\/4946"}],"wp:attachment":[{"href":"https:\/\/nazoiq.com\/ar\/wp-json\/wp\/v2\/media?parent=4030"}],"wp:term":[{"taxonomy":"product_brand","embeddable":true,"href":"https:\/\/nazoiq.com\/ar\/wp-json\/wp\/v2\/product_brand?post=4030"},{"taxonomy":"product_cat","embeddable":true,"href":"https:\/\/nazoiq.com\/ar\/wp-json\/wp\/v2\/product_cat?post=4030"},{"taxonomy":"product_tag","embeddable":true,"href":"https:\/\/nazoiq.com\/ar\/wp-json\/wp\/v2\/product_tag?post=4030"}],"curies":[{"name":"wp","href":"https:\/\/api.w.org\/{rel}","templated":true}]}}