{"id":4037,"date":"2025-05-19T02:51:28","date_gmt":"2025-05-19T02:51:28","guid":{"rendered":"https:\/\/nazoiq.com\/product\/57873-xiaomi-robot-vacuum-x20-pro-eu\/"},"modified":"2026-03-24T07:04:18","modified_gmt":"2026-03-24T07:04:18","slug":"57873-xiaomi-robot-vacuum-x20-pro-eu","status":"publish","type":"product","link":"https:\/\/nazoiq.com\/ar\/product\/57873-xiaomi-robot-vacuum-x20-pro-eu\/","title":{"rendered":"Xiaomi Robot Vacuum X20 Pro"},"content":{"rendered":"<div class=\"lazy\" data-type=\"bg\" data-id=\"bd8e36d9f5\" data-background-image=\"\" data-loaded=\"true\">\n<div class=\"lazy\" data-type=\"bg\" data-id=\"73fcd24d2a\" data-background-image=\"\" data-loaded=\"true\">\n<div class=\"lazy\" data-type=\"bg\" data-id=\"9e5027e1cc\" data-background-image=\"\" data-loaded=\"true\"><span class=\"xm-text f-bold\" data-key=\"spec_2\" data-type=\"text\" data-id=\"03aa4c1155\">Product Specifications<\/span><\/div>\n<div class=\"lazy\" data-type=\"bg\" data-id=\"fb10b5a6fd\" data-background-image=\"\" data-loaded=\"true\">\n<div class=\"lazy\" data-type=\"bg\" data-id=\"36810a76e4\" data-background-image=\"\" data-loaded=\"true\"><span class=\"xm-text f-bold\" data-key=\"spec_3\" data-type=\"text\" data-id=\"8a426f67a5\">Product Name<\/span><span class=\"xm-text f-regular\" data-key=\"spec_4\" data-type=\"text\" data-id=\"0db4489233\">Robotic Vacuum Cleaner<\/span><\/div>\n<div class=\"lazy\" data-type=\"bg\" data-id=\"d667c1d14b\" data-background-image=\"\" data-loaded=\"true\"><span class=\"xm-text f-bold\" data-key=\"spec_5\" data-type=\"text\" data-id=\"76f6530ded\">Product Model Number<\/span><span class=\"xm-text f-regular\" data-key=\"spec_6\" data-type=\"text\" data-id=\"836c71b876\">D102GL<\/span><\/div>\n<div class=\"lazy\" data-type=\"bg\" data-id=\"b321aac630\" data-background-image=\"\" data-loaded=\"true\"><span class=\"xm-text f-bold\" data-key=\"spec_7\" data-type=\"text\" data-id=\"e99c85cd94\">Main Unit Dimensions<\/span><span class=\"xm-text f-regular\" data-key=\"spec_8\" data-type=\"text\" data-id=\"d9fbd63e01\">\u03a6350\u00d797mm<\/span><\/div>\n<div class=\"lazy\" data-type=\"bg\" data-id=\"cbbbb0a696\" data-background-image=\"\" data-loaded=\"true\"><span class=\"xm-text f-bold\" data-key=\"spec_9\" data-type=\"text\" data-id=\"d91bb4756e\">Rated Power<\/span><span class=\"xm-text f-regular\" data-key=\"spec_10\" data-type=\"text\" data-id=\"62916fa3f3\">55W<\/span><\/div>\n<div class=\"lazy\" data-type=\"bg\" data-id=\"3113263c8d\" data-background-image=\"\" data-loaded=\"true\"><span class=\"xm-text f-bold\" data-key=\"spec_11\" data-type=\"text\" data-id=\"69d42689fb\">Rated Voltage<\/span><span class=\"xm-text f-regular\" data-key=\"spec_12\" data-type=\"text\" data-id=\"ac25053375\">14.4V\u2393<\/span><\/div>\n<div class=\"lazy\" data-type=\"bg\" data-id=\"93c8b009c4\" data-background-image=\"\" data-loaded=\"true\"><span class=\"xm-text f-bold\" data-key=\"spec_13\" data-type=\"text\" data-id=\"22f89ee7dd\">Charging Voltage<\/span><span class=\"xm-text f-regular\" data-key=\"spec_14\" data-type=\"text\" data-id=\"d0fe8999cb\">19.6V\u2393<\/span><\/div>\n<div class=\"lazy\" data-type=\"bg\" data-id=\"a8651ba7a7\" data-background-image=\"\" data-loaded=\"true\">\n<p><span class=\"xm-text f-bold\" data-key=\"spec_15\" data-type=\"text\" data-id=\"38fa9fd505\">\u0633\u0639\u0629 \u0627\u0644\u0628\u0637\u0627\u0631\u064a\u0629<\/span><\/p>\n<div class=\"lazy\" data-type=\"bg\" data-id=\"9a939984db\" data-background-image=\"\" data-loaded=\"true\"><span class=\"xm-text f-regular\" data-key=\"spec_16\" data-type=\"text\" data-id=\"475231ae00\">4800mAh (rated capacity)<\/span><span class=\"xm-text f-regular\" data-key=\"spec_17\" data-type=\"text\" data-id=\"51b833c9fd\">5200mAh (nominal capacity)<\/span><\/div>\n<\/div>\n<div class=\"lazy\" data-type=\"bg\" data-id=\"2bff1a9ec2\" data-background-image=\"\" data-loaded=\"true\"><span class=\"xm-text f-bold\" data-key=\"spec_18\" data-type=\"text\" data-id=\"93898c893f\">Main Unit Net Weight<\/span><span class=\"xm-text f-regular\" data-key=\"spec_19\" data-type=\"text\" data-id=\"47928edaa1\">3.7kg<\/span><\/div>\n<\/div>\n<\/div>\n<\/div>\n<div class=\"lazy\" data-type=\"bg\" data-id=\"be5af079fe\" data-background-image=\"\" data-loaded=\"true\">\n<div class=\"lazy\" data-type=\"bg\" data-id=\"6814769478\" data-background-image=\"\" data-loaded=\"true\">\n<div class=\"lazy\" data-type=\"bg\" data-id=\"ac11cecc3f\" data-background-image=\"\" data-loaded=\"true\"><span class=\"xm-text f-bold\" data-key=\"spec_20\" data-type=\"text\" data-id=\"8b1c20b838\">Omni Station<\/span><\/div>\n<div class=\"lazy\" data-type=\"bg\" data-id=\"e0c44a7f61\" data-background-image=\"\" data-loaded=\"true\">\n<div class=\"lazy\" data-type=\"bg\" data-id=\"19e83dcda6\" data-background-image=\"\" data-loaded=\"true\"><span class=\"xm-text f-bold\" data-key=\"spec_21\" data-type=\"text\" data-id=\"21e55ae9ef\">Omni Station Model<\/span><span class=\"xm-text f-regular\" data-key=\"spec_22\" data-type=\"text\" data-id=\"59f3b9e157\">D102-JZEU<\/span><\/div>\n<div class=\"lazy\" data-type=\"bg\" data-id=\"89c5fb6867\" data-background-image=\"\" data-loaded=\"true\"><span class=\"xm-text f-bold\" data-key=\"spec_23\" data-type=\"text\" data-id=\"6786c2e7f6\">Rated Input<\/span><span class=\"xm-text f-regular\" data-key=\"spec_24\" data-type=\"text\" data-id=\"299beaf03c\">200-240V ~ 50\/60Hz<\/span><\/div>\n<div class=\"lazy\" data-type=\"bg\" data-id=\"628486061e\" data-background-image=\"\" data-loaded=\"true\"><span class=\"xm-text f-bold\" data-key=\"spec_25\" data-type=\"text\" data-id=\"31da14bc82\">Rated Output<\/span><span class=\"xm-text f-regular\" data-key=\"spec_26\" data-type=\"text\" data-id=\"fdcf01a665\">19.6V \u2393 1.2A<\/span><\/div>\n<div class=\"lazy\" data-type=\"bg\" data-id=\"fdeed5fe0a\" data-background-image=\"\" data-loaded=\"true\"><span class=\"xm-text f-bold\" data-key=\"spec_27\" data-type=\"text\" data-id=\"cd2dc95bb7\">Station Size<\/span><span class=\"xm-text f-regular\" data-key=\"spec_28\" data-type=\"text\" data-id=\"363a1e9182\">340mm\u00d7420mm\u00d7563mm<\/span><\/div>\n<\/div>\n<\/div>\n<\/div>\n<div class=\"lazy\" data-type=\"bg\" data-id=\"00b9658745\" data-background-image=\"\" data-loaded=\"true\">\n<div class=\"lazy\" data-type=\"bg\" data-id=\"c8d0d60174\" data-background-image=\"\" data-loaded=\"true\">\n<p><span class=\"xm-text f-bold\" data-key=\"spec_29\" data-type=\"text\" data-id=\"410a18f43a\">Package Contents<\/span><\/p>\n<div class=\"lazy\" data-type=\"bg\" data-id=\"d754e17edc\" data-background-image=\"\" data-loaded=\"true\">\n<div class=\"lazy\" data-type=\"bg\" data-id=\"aa30c39396\" data-background-image=\"\" data-loaded=\"true\"><span class=\"xm-text f-regular\" data-key=\"spec_30\" data-type=\"text\" data-id=\"c110017a23\">Main Unit \u00d7 1<\/span><\/div>\n<div class=\"lazy\" data-type=\"bg\" data-id=\"d33cb88a51\" data-background-image=\"\" data-loaded=\"true\"><span class=\"xm-text f-regular\" data-key=\"spec_31\" data-type=\"text\" data-id=\"ed6a64b96a\">Omni Station \u00d7 1<\/span><\/div>\n<div class=\"lazy\" data-type=\"bg\" data-id=\"8fb2e1d972\" data-background-image=\"\" data-loaded=\"true\"><span class=\"xm-text f-regular\" data-key=\"spec_32\" data-type=\"text\" data-id=\"9ef6e88d71\">Main Brush \u00d7 1<\/span><span class=\"xm-text f-regular\" data-key=\"spec_33\" data-type=\"text\" data-id=\"c73676e3d4\">(pre-installed)<\/span><\/div>\n<div class=\"lazy\" data-type=\"bg\" data-id=\"0cc1c2cd44\" data-background-image=\"\" data-loaded=\"true\"><span class=\"xm-text f-regular\" data-key=\"spec_34\" data-type=\"text\" data-id=\"484de59202\">Main Brush Cover \u00d7 1<\/span><span class=\"xm-text f-regular\" data-key=\"spec_35\" data-type=\"text\" data-id=\"4e233e2b58\">(pre-installed)<\/span><\/div>\n<div class=\"lazy\" data-type=\"bg\" data-id=\"7ece9ea188\" data-background-image=\"\" data-loaded=\"true\"><span class=\"xm-text f-regular\" data-key=\"spec_36\" data-type=\"text\" data-id=\"dc0e7b501a\">Dust Compartment \u00d7 1<\/span><span class=\"xm-text f-regular\" data-key=\"spec_37\" data-type=\"text\" data-id=\"f77e0879e4\">(pre-installed)<\/span><\/div>\n<div class=\"lazy\" data-type=\"bg\" data-id=\"d8ca0697b0\" data-background-image=\"\" data-loaded=\"true\"><span class=\"xm-text f-regular\" data-key=\"spec_38\" data-type=\"text\" data-id=\"83f0306468\">Clean Water Tank \u00d7 1<\/span><span class=\"xm-text f-regular\" data-key=\"spec_39\" data-type=\"text\" data-id=\"fc0a0a2ce9\">(pre-installed)<\/span><\/div>\n<div class=\"lazy\" data-type=\"bg\" data-id=\"682041ab0f\" data-background-image=\"\" data-loaded=\"true\"><span class=\"xm-text f-regular\" data-key=\"spec_40\" data-type=\"text\" data-id=\"597d7b3273\">Dirty Water Tank \u00d7 1<\/span><span class=\"xm-text f-regular\" data-key=\"spec_41\" data-type=\"text\" data-id=\"d26e17a272\">(pre-installed)<\/span><\/div>\n<div class=\"lazy\" data-type=\"bg\" data-id=\"55bd1f3aea\" data-background-image=\"\" data-loaded=\"true\"><span class=\"xm-text f-regular\" data-key=\"spec_42\" data-type=\"text\" data-id=\"627964dcc1\">Mop Pad \u00d7 2<\/span><span class=\"xm-text f-regular\" data-key=\"spec_43\" data-type=\"text\" data-id=\"d8ccef4e4f\">(pre-installed on mop pad holder\uff09<\/span><\/div>\n<div class=\"lazy\" data-type=\"bg\" data-id=\"66f9188164\" data-background-image=\"\" data-loaded=\"true\"><span class=\"xm-text f-regular\" data-key=\"spec_44\" data-type=\"text\" data-id=\"7ea688342c\">Side Brush \u00d7 1<\/span><\/div>\n<div class=\"lazy\" data-type=\"bg\" data-id=\"64151b0829\" data-background-image=\"\" data-loaded=\"true\"><span class=\"xm-text f-regular\" data-key=\"spec_45\" data-type=\"text\" data-id=\"29095141ed\">Mop Pad Holder \u00d7 2<\/span><\/div>\n<div class=\"lazy\" data-type=\"bg\" data-id=\"2388b81f89\" data-background-image=\"\" data-loaded=\"true\"><span class=\"xm-text f-regular\" data-key=\"spec_46\" data-type=\"text\" data-id=\"68bcfa2171\">User Manual \u00d7 1<\/span><\/div>\n<div class=\"lazy\" data-type=\"bg\" data-id=\"bce8ca3c1a\" data-background-image=\"\" data-loaded=\"true\"><span class=\"xm-text f-regular\" data-key=\"spec_47\" data-type=\"text\" data-id=\"55a6c74333\">Cord Set \u00d7 1<\/span><\/div>\n<div class=\"lazy\" data-type=\"bg\" data-id=\"49bd3b820d\" data-background-image=\"\" data-loaded=\"true\"><span class=\"xm-text f-regular\" data-key=\"spec_48\" data-type=\"text\" data-id=\"3a34d92203\">\u062f\u0644\u064a\u0644 \u0627\u0644\u0628\u062f\u0621 \u0627\u0644\u0633\u0631\u064a\u0639 \u00d7 1<\/span><\/div>\n<div class=\"lazy\" data-type=\"bg\" data-id=\"6858bbe31b\" data-background-image=\"\" data-loaded=\"true\"><span class=\"xm-text f-regular\" data-key=\"spec_49\" data-type=\"text\" data-id=\"41f5aed11b\">Warranty Notice \u00d7 1<\/span><\/div>\n<div class=\"lazy\" data-type=\"bg\" data-id=\"be1287ee02\" data-background-image=\"\" data-loaded=\"true\"><span class=\"xm-text f-regular\" data-key=\"spec_50\" data-type=\"text\" data-id=\"2e107e2be8\">Washboard Base Extender \u00d7 1<\/span><\/div>\n<div class=\"lazy\" data-type=\"bg\" data-id=\"b587a04a60\" data-background-image=\"\" data-loaded=\"true\"><span class=\"xm-text f-regular\" data-key=\"spec_51\" data-type=\"text\" data-id=\"bd7f7f744e\">Washboard x 1<\/span><span class=\"xm-text f-regular\" data-key=\"spec_52\" data-type=\"text\" data-id=\"82defed5b8\">(pre-installed)<\/span><\/div>\n<\/div>\n<\/div>\n<\/div>","protected":false},"excerpt":{"rendered":"<p>Product Specifications Product NameRobotic Vacuum Cleaner Product Model NumberD102GL Main Unit Dimensions\u03a6350\u00d797mm Rated Power55W Rated Voltage14.4V\u2393 Charging Voltage19.6V\u2393 Battery Capacity 4800mAh (rated capacity)5200mAh (nominal capacity) Main Unit Net Weight3.7kg Omni Station Omni Station ModelD102-JZEU Rated Input200-240V ~ 50\/60Hz Rated Output19.6V \u2393 1.2A Station Size340mm\u00d7420mm\u00d7563mm Package Contents Main Unit \u00d7 1 Omni Station \u00d7 1 Main [&hellip;]<\/p>\n","protected":false},"featured_media":4893,"template":"","meta":{"site-sidebar-layout":"default","site-content-layout":"","ast-site-content-layout":"default","site-content-style":"default","site-sidebar-style":"default","ast-global-header-display":"","ast-banner-title-visibility":"","ast-main-header-display":"","ast-hfb-above-header-display":"","ast-hfb-below-header-display":"","ast-hfb-mobile-header-display":"","site-post-title":"","ast-breadcrumbs-content":"","ast-featured-img":"","footer-sml-layout":"","ast-disable-related-posts":"","theme-transparent-header-meta":"default","adv-header-id-meta":"","stick-header-meta":"default","header-above-stick-meta":"","header-main-stick-meta":"","header-below-stick-meta":"","astra-migrate-meta-layouts":"set","ast-page-background-enabled":"default","ast-page-background-meta":{"desktop":{"background-color":"var(--ast-global-color-4)","background-image":"","background-repeat":"repeat","background-position":"center center","background-size":"auto","background-attachment":"scroll","background-type":"","background-media":"","overlay-type":"","overlay-color":"","overlay-opacity":"","overlay-gradient":""},"tablet":{"background-color":"","background-image":"","background-repeat":"repeat","background-position":"center center","background-size":"auto","background-attachment":"scroll","background-type":"","background-media":"","overlay-type":"","overlay-color":"","overlay-opacity":"","overlay-gradient":""},"mobile":{"background-color":"","background-image":"","background-repeat":"repeat","background-position":"center center","background-size":"auto","background-attachment":"scroll","background-type":"","background-media":"","overlay-type":"","overlay-color":"","overlay-opacity":"","overlay-gradient":""}},"ast-content-background-meta":{"desktop":{"background-color":"var(--ast-global-color-5)","background-image":"","background-repeat":"repeat","background-position":"center center","background-size":"auto","background-attachment":"scroll","background-type":"","background-media":"","overlay-type":"","overlay-color":"","overlay-opacity":"","overlay-gradient":""},"tablet":{"background-color":"var(--ast-global-color-5)","background-image":"","background-repeat":"repeat","background-position":"center center","background-size":"auto","background-attachment":"scroll","background-type":"","background-media":"","overlay-type":"","overlay-color":"","overlay-opacity":"","overlay-gradient":""},"mobile":{"background-color":"var(--ast-global-color-5)","background-image":"","background-repeat":"repeat","background-position":"center center","background-size":"auto","background-attachment":"scroll","background-type":"","background-media":"","overlay-type":"","overlay-color":"","overlay-opacity":"","overlay-gradient":""}}},"product_brand":[53],"product_cat":[50,44],"product_tag":[],"class_list":{"0":"post-4037","1":"product","2":"type-product","3":"status-publish","4":"has-post-thumbnail","6":"product_brand-xiaomi","7":"product_cat-other-electronics","8":"product_cat-robot-vaccums","9":"product_shipping_class-10000-iqd","10":"desktop-align-center","11":"tablet-align-left","12":"mobile-align-left","13":"ast-product-gallery-layout-horizontal","14":"ast-product-tabs-layout-horizontal","16":"first","17":"instock","18":"purchasable","19":"product-type-simple"},"_links":{"self":[{"href":"https:\/\/nazoiq.com\/ar\/wp-json\/wp\/v2\/product\/4037","targetHints":{"allow":["GET"]}}],"collection":[{"href":"https:\/\/nazoiq.com\/ar\/wp-json\/wp\/v2\/product"}],"about":[{"href":"https:\/\/nazoiq.com\/ar\/wp-json\/wp\/v2\/types\/product"}],"version-history":[{"count":9,"href":"https:\/\/nazoiq.com\/ar\/wp-json\/wp\/v2\/product\/4037\/revisions"}],"predecessor-version":[{"id":4897,"href":"https:\/\/nazoiq.com\/ar\/wp-json\/wp\/v2\/product\/4037\/revisions\/4897"}],"wp:featuredmedia":[{"embeddable":true,"href":"https:\/\/nazoiq.com\/ar\/wp-json\/wp\/v2\/media\/4893"}],"wp:attachment":[{"href":"https:\/\/nazoiq.com\/ar\/wp-json\/wp\/v2\/media?parent=4037"}],"wp:term":[{"taxonomy":"product_brand","embeddable":true,"href":"https:\/\/nazoiq.com\/ar\/wp-json\/wp\/v2\/product_brand?post=4037"},{"taxonomy":"product_cat","embeddable":true,"href":"https:\/\/nazoiq.com\/ar\/wp-json\/wp\/v2\/product_cat?post=4037"},{"taxonomy":"product_tag","embeddable":true,"href":"https:\/\/nazoiq.com\/ar\/wp-json\/wp\/v2\/product_tag?post=4037"}],"curies":[{"name":"wp","href":"https:\/\/api.w.org\/{rel}","templated":true}]}}