{"id":4043,"date":"2025-05-19T02:51:28","date_gmt":"2025-05-19T02:51:28","guid":{"rendered":"https:\/\/nazoiq.com\/product\/51056-xiaomi-monitor-a27i-uk\/"},"modified":"2026-03-24T07:13:04","modified_gmt":"2026-03-24T07:13:04","slug":"51056-xiaomi-monitor-a27i-uk","status":"publish","type":"product","link":"https:\/\/nazoiq.com\/ar\/product\/51056-xiaomi-monitor-a27i-uk\/","title":{"rendered":"Xiaomi Monitor A27i"},"content":{"rendered":"<div class=\"lazy\" data-type=\"bg\" data-id=\"4bdd82954b\" data-background-image=\"\" data-loaded=\"true\">\n<div class=\"lazy\" data-type=\"bg\" data-id=\"55f9c06ea2\" data-background-image=\"\" data-loaded=\"true\"><span class=\"xm-text f-bold\" data-key=\"spec_1\" data-type=\"text\" data-id=\"db84a1893e\">Specification<\/span><\/div>\n<div class=\"lazy\" data-type=\"bg\" data-id=\"33ad2dd7b7\" data-background-image=\"\" data-loaded=\"true\">\n<div class=\"lazy\" data-type=\"bg\" data-id=\"263a5ae964\" data-background-image=\"\" data-loaded=\"true\"><span class=\"xm-text f-bold\" data-key=\"spec_2\" data-type=\"text\" data-id=\"2325bbece4\">\u0646\u0645\u0648\u0630\u062c \u0627\u0644\u0645\u0646\u062a\u062c<\/span><span class=\"xm-text f-regular\" data-key=\"spec_3\" data-type=\"text\" data-id=\"a1a33c4e5d\">P27FBA-RAGL<\/span><\/div>\n<div class=\"lazy\" data-type=\"bg\" data-id=\"e5558a6a00\" data-background-image=\"\" data-loaded=\"true\"><span class=\"xm-text f-bold\" data-key=\"spec_4\" data-type=\"text\" data-id=\"b17844a6c4\">Power input<\/span><span class=\"xm-text f-regular\" data-key=\"spec_5\" data-type=\"text\" data-id=\"cbec342a4b\">12V\u23932.0A<\/span><\/div>\n<div class=\"lazy\" data-type=\"bg\" data-id=\"4b1b606787\" data-background-image=\"\" data-loaded=\"true\"><span class=\"xm-text f-bold\" data-key=\"spec_6\" data-type=\"text\" data-id=\"498dabfa7a\">Rated power<\/span><span class=\"xm-text f-regular\" data-key=\"spec_7\" data-type=\"text\" data-id=\"d2d61581a9\">24W<\/span><\/div>\n<div class=\"lazy\" data-type=\"bg\" data-id=\"e5e47eb7b8\" data-background-image=\"\" data-loaded=\"true\"><span class=\"xm-text f-bold\" data-key=\"spec_8\" data-type=\"text\" data-id=\"c08deab2cc\">Screen size<\/span><span class=\"xm-text f-regular\" data-key=\"spec_9\" data-type=\"text\" data-id=\"4ef0e4d256\">27&#8243;<\/span><\/div>\n<div class=\"lazy\" data-type=\"bg\" data-id=\"f4c3a31e33\" data-background-image=\"\" data-loaded=\"true\"><span class=\"xm-text f-bold\" data-key=\"spec_10\" data-type=\"text\" data-id=\"719a5f170d\">Viewing angle<\/span><span class=\"xm-text f-regular\" data-key=\"spec_11\" data-type=\"text\" data-id=\"bcb4dff1b0\">178 (H) \/ 178 (V)<\/span><\/div>\n<div class=\"lazy\" data-type=\"bg\" data-id=\"b4e0d3b87a\" data-background-image=\"\" data-loaded=\"true\"><span class=\"xm-text f-bold\" data-key=\"spec_12\" data-type=\"text\" data-id=\"3c88ab71c0\">Brightness<\/span><span class=\"xm-text f-regular\" data-key=\"spec_13\" data-type=\"text\" data-id=\"003124ea30\">250nits (typ)<\/span><\/div>\n<div class=\"lazy\" data-type=\"bg\" data-id=\"a347800bfa\" data-background-image=\"\" data-loaded=\"true\"><span class=\"xm-text f-bold\" data-key=\"spec_14\" data-type=\"text\" data-id=\"e5744b6d1a\">Contrast ratio<\/span><span class=\"xm-text f-regular\" data-key=\"spec_15\" data-type=\"text\" data-id=\"50777881e5\">1000:1<\/span><\/div>\n<div class=\"lazy\" data-type=\"bg\" data-id=\"c0673087cb\" data-background-image=\"\" data-loaded=\"true\"><span class=\"xm-text f-bold\" data-key=\"spec_16\" data-type=\"text\" data-id=\"68410eaa83\">Color depth<\/span><span class=\"xm-text f-regular\" data-key=\"spec_17\" data-type=\"text\" data-id=\"7eb4f73f0e\">16.7M<\/span><\/div>\n<div class=\"lazy\" data-type=\"bg\" data-id=\"5b5b6fd04a\" data-background-image=\"\" data-loaded=\"true\"><span class=\"xm-text f-bold\" data-key=\"spec_18\" data-type=\"text\" data-id=\"44046fd8df\">Aspect ratio<\/span><span class=\"xm-text f-regular\" data-key=\"spec_19\" data-type=\"text\" data-id=\"fa05e794e3\">16:9<\/span><\/div>\n<div class=\"lazy\" data-type=\"bg\" data-id=\"1e729ed7d0\" data-background-image=\"\" data-loaded=\"true\"><span class=\"xm-text f-bold\" data-key=\"spec_20\" data-type=\"text\" data-id=\"4e00b7410a\">\u0627\u0644\u0642\u0631\u0627\u0631<\/span><span class=\"xm-text f-regular\" data-key=\"spec_21\" data-type=\"text\" data-id=\"1c7ff14762\">1920 \u00d7 1080<\/span><\/div>\n<div class=\"lazy\" data-type=\"bg\" data-id=\"ef5224e65c\" data-background-image=\"\" data-loaded=\"true\"><span class=\"xm-text f-bold\" data-key=\"spec_22\" data-type=\"text\" data-id=\"b4ec286cad\">Panel refresh rate (max.)<\/span><span class=\"xm-text f-regular\" data-key=\"spec_23\" data-type=\"text\" data-id=\"1a114d021e\">100Hz<\/span><\/div>\n<div class=\"lazy\" data-type=\"bg\" data-id=\"dba444a327\" data-background-image=\"\" data-loaded=\"true\"><span class=\"xm-text f-bold\" data-key=\"spec_24\" data-type=\"text\" data-id=\"16d5ad5377\">G to G Response time<\/span><span class=\"xm-text f-regular\" data-key=\"spec_25\" data-type=\"text\" data-id=\"ee3cfc6396\">6ms (typ)<\/span><\/div>\n<div class=\"lazy\" data-type=\"bg\" data-id=\"74ca618283\" data-background-image=\"\" data-loaded=\"true\"><span class=\"xm-text f-bold\" data-key=\"spec_26\" data-type=\"text\" data-id=\"d432268134\">Dimensions (including base)<\/span><span class=\"xm-text f-regular\" data-key=\"spec_27\" data-type=\"text\" data-id=\"51a93dc449\">612.3 (L) \u00d7 170 (W) \u00d7 451.7 (H) mm<\/span><\/div>\n<div class=\"lazy\" data-type=\"bg\" data-id=\"cc1487ae65\" data-background-image=\"\" data-loaded=\"true\"><span class=\"xm-text f-bold\" data-key=\"spec_28\" data-type=\"text\" data-id=\"71cf75ce42\">Weight (including base)<\/span><span class=\"xm-text f-regular\" data-key=\"spec_29\" data-type=\"text\" data-id=\"204d1b51b8\">3.6kg<\/span><\/div>\n<div class=\"lazy\" data-type=\"bg\" data-id=\"bdaa5f3c10\" data-background-image=\"\" data-loaded=\"true\"><span class=\"xm-text f-bold\" data-key=\"spec_30\" data-type=\"text\" data-id=\"15f835def6\">Wall mount size<\/span><span class=\"xm-text f-regular\" data-key=\"spec_31\" data-type=\"text\" data-id=\"fad7dad38a\">VESA 75mm \u00d7 75mm<\/span><\/div>\n<div class=\"lazy\" data-type=\"bg\" data-id=\"1c6739efc9\" data-background-image=\"\" data-loaded=\"true\"><span class=\"xm-text f-bold\" data-key=\"spec_32\" data-type=\"text\" data-id=\"74e36314b8\">Tilt (angle)<\/span><span class=\"xm-text f-regular\" data-key=\"spec_33\" data-type=\"text\" data-id=\"88178e3b7a\">-5\u00b0 \u00b1 2 ~+ 15\u00b0 \u00b1 2<\/span><\/div>\n<div class=\"lazy\" data-type=\"bg\" data-id=\"5efd071305\" data-background-image=\"\" data-loaded=\"true\"><\/div>\n<div class=\"lazy\" data-type=\"bg\" data-id=\"3e0b05e433\" data-background-image=\"\" data-loaded=\"true\"><\/div>\n<\/div>\n<\/div>\n<div class=\"lazy\" data-type=\"bg\" data-id=\"f0f39a8112\" data-background-image=\"\" data-loaded=\"true\">\n<div class=\"lazy\" data-type=\"bg\" data-id=\"6c1ca47328\" data-background-image=\"\" data-loaded=\"true\"><span class=\"xm-text f-bold\" data-key=\"spec_34\" data-type=\"text\" data-id=\"c6f2d67fc0\">\u0645\u062d\u062a\u0648\u064a\u0627\u062a \u0627\u0644\u0639\u0628\u0648\u0629<\/span><\/div>\n<div class=\"lazy\" data-type=\"bg\" data-id=\"7e73cc96f4\" data-background-image=\"\" data-loaded=\"true\">\n<div class=\"lazy\" data-type=\"bg\" data-id=\"743b23e623\" data-background-image=\"\" data-loaded=\"true\"><span class=\"xm-text f-regular\" data-key=\"spec_35\" data-type=\"text\" data-id=\"96db3934d3\">Monitor \u00d71 Base \u00d71 Bracket \u00d71 HDMI cable \u00d71 Screwdriver \u00d71 Screws \u00d72 Power adapter \u00d71 User manual \u00d71 Warranty card \u00d71<\/span><\/div>\n<\/div>\n<\/div>\n<div class=\"lazy\" data-type=\"bg\" data-id=\"946012ac2e\" data-background-image=\"\" data-loaded=\"true\">\n<div class=\"lazy\" data-type=\"bg\" data-id=\"93482e452a\" data-background-image=\"\" data-loaded=\"true\"><span class=\"xm-text f-bold\" data-key=\"spec_44\" data-type=\"text\" data-id=\"229051ebf6\">Number and type of ports<\/span><\/div>\n<div class=\"lazy\" data-type=\"bg\" data-id=\"6652bdfea1\" data-background-image=\"\" data-loaded=\"true\">\n<div class=\"lazy\" data-type=\"bg\" data-id=\"e9d08597f1\" data-background-image=\"\" data-loaded=\"true\"><span class=\"xm-text f-regular\" data-key=\"spec_45\" data-type=\"text\" data-id=\"a064df82ca\">DP port \u00d71 HDMI 2.0 port \u00d71 DC IN cable port \u00d71<\/span><\/div>\n<\/div>\n<\/div>\n<div class=\"lazy\" data-type=\"bg\" data-id=\"53052d90ce\" data-background-image=\"\" data-loaded=\"true\">\n<div class=\"lazy\" data-type=\"bg\" data-id=\"e645f0db49\" data-background-image=\"\" data-loaded=\"true\"><span class=\"xm-text f-bold\" data-key=\"spec_46\" data-type=\"text\" data-id=\"f10a442677\">T\u00dcV Low Blue Light Certification<\/span><\/div>\n<div class=\"lazy\" data-type=\"bg\" data-id=\"be09a2ce0f\" data-background-image=\"\" data-loaded=\"true\"><\/div>\n<\/div>","protected":false},"excerpt":{"rendered":"<p>Specification Product modelP27FBA-RAGL Power input12V\u23932.0A Rated power24W Screen size27&#8243; Viewing angle178 (H) \/ 178 (V) Brightness250nits (typ) Contrast ratio1000:1 Color depth16.7M Aspect ratio16:9 Resolution1920 \u00d7 1080 Panel refresh rate (max.)100Hz G to G Response time6ms (typ) Dimensions (including base)612.3 (L) \u00d7 170 (W) \u00d7 451.7 (H) mm Weight (including base)3.6kg Wall mount sizeVESA 75mm \u00d7 [&hellip;]<\/p>\n","protected":false},"featured_media":5035,"template":"","meta":{"site-sidebar-layout":"default","site-content-layout":"","ast-site-content-layout":"default","site-content-style":"default","site-sidebar-style":"default","ast-global-header-display":"","ast-banner-title-visibility":"","ast-main-header-display":"","ast-hfb-above-header-display":"","ast-hfb-below-header-display":"","ast-hfb-mobile-header-display":"","site-post-title":"","ast-breadcrumbs-content":"","ast-featured-img":"","footer-sml-layout":"","ast-disable-related-posts":"","theme-transparent-header-meta":"default","adv-header-id-meta":"","stick-header-meta":"default","header-above-stick-meta":"","header-main-stick-meta":"","header-below-stick-meta":"","astra-migrate-meta-layouts":"set","ast-page-background-enabled":"default","ast-page-background-meta":{"desktop":{"background-color":"var(--ast-global-color-4)","background-image":"","background-repeat":"repeat","background-position":"center center","background-size":"auto","background-attachment":"scroll","background-type":"","background-media":"","overlay-type":"","overlay-color":"","overlay-opacity":"","overlay-gradient":""},"tablet":{"background-color":"","background-image":"","background-repeat":"repeat","background-position":"center center","background-size":"auto","background-attachment":"scroll","background-type":"","background-media":"","overlay-type":"","overlay-color":"","overlay-opacity":"","overlay-gradient":""},"mobile":{"background-color":"","background-image":"","background-repeat":"repeat","background-position":"center center","background-size":"auto","background-attachment":"scroll","background-type":"","background-media":"","overlay-type":"","overlay-color":"","overlay-opacity":"","overlay-gradient":""}},"ast-content-background-meta":{"desktop":{"background-color":"var(--ast-global-color-5)","background-image":"","background-repeat":"repeat","background-position":"center center","background-size":"auto","background-attachment":"scroll","background-type":"","background-media":"","overlay-type":"","overlay-color":"","overlay-opacity":"","overlay-gradient":""},"tablet":{"background-color":"var(--ast-global-color-5)","background-image":"","background-repeat":"repeat","background-position":"center center","background-size":"auto","background-attachment":"scroll","background-type":"","background-media":"","overlay-type":"","overlay-color":"","overlay-opacity":"","overlay-gradient":""},"mobile":{"background-color":"var(--ast-global-color-5)","background-image":"","background-repeat":"repeat","background-position":"center center","background-size":"auto","background-attachment":"scroll","background-type":"","background-media":"","overlay-type":"","overlay-color":"","overlay-opacity":"","overlay-gradient":""}}},"product_brand":[53],"product_cat":[45],"product_tag":[],"class_list":{"0":"post-4043","1":"product","2":"type-product","3":"status-publish","4":"has-post-thumbnail","6":"product_brand-xiaomi","7":"product_cat-monitors","8":"product_shipping_class-10000-iqd","9":"desktop-align-center","10":"tablet-align-left","11":"mobile-align-left","12":"ast-product-gallery-layout-horizontal","13":"ast-product-tabs-layout-horizontal","15":"first","16":"instock","17":"purchasable","18":"product-type-simple"},"_links":{"self":[{"href":"https:\/\/nazoiq.com\/ar\/wp-json\/wp\/v2\/product\/4043","targetHints":{"allow":["GET"]}}],"collection":[{"href":"https:\/\/nazoiq.com\/ar\/wp-json\/wp\/v2\/product"}],"about":[{"href":"https:\/\/nazoiq.com\/ar\/wp-json\/wp\/v2\/types\/product"}],"version-history":[{"count":4,"href":"https:\/\/nazoiq.com\/ar\/wp-json\/wp\/v2\/product\/4043\/revisions"}],"predecessor-version":[{"id":6617,"href":"https:\/\/nazoiq.com\/ar\/wp-json\/wp\/v2\/product\/4043\/revisions\/6617"}],"wp:featuredmedia":[{"embeddable":true,"href":"https:\/\/nazoiq.com\/ar\/wp-json\/wp\/v2\/media\/5035"}],"wp:attachment":[{"href":"https:\/\/nazoiq.com\/ar\/wp-json\/wp\/v2\/media?parent=4043"}],"wp:term":[{"taxonomy":"product_brand","embeddable":true,"href":"https:\/\/nazoiq.com\/ar\/wp-json\/wp\/v2\/product_brand?post=4043"},{"taxonomy":"product_cat","embeddable":true,"href":"https:\/\/nazoiq.com\/ar\/wp-json\/wp\/v2\/product_cat?post=4043"},{"taxonomy":"product_tag","embeddable":true,"href":"https:\/\/nazoiq.com\/ar\/wp-json\/wp\/v2\/product_tag?post=4043"}],"curies":[{"name":"wp","href":"https:\/\/api.w.org\/{rel}","templated":true}]}}