{"id":4059,"date":"2025-05-19T02:51:30","date_gmt":"2025-05-19T02:51:30","guid":{"rendered":"https:\/\/nazoiq.com\/product\/24792-mi-20w-wireless-car-charger-black-iot\/"},"modified":"2026-03-24T06:49:01","modified_gmt":"2026-03-24T06:49:01","slug":"24792-mi-20w-wireless-car-charger-black-iot","status":"publish","type":"product","link":"https:\/\/nazoiq.com\/ar\/product\/24792-mi-20w-wireless-car-charger-black-iot\/","title":{"rendered":"Mi 20W Wireless Car Charger Black"},"content":{"rendered":"<div class=\"section section2 lazy\" data-type=\"bg\" data-id=\"530dwwsatw\" data-background-image=\"\" data-loaded=\"true\">\n<p><span class=\"xm-text spec_1 f28 f-bold\" data-key=\"spec_1\" data-type=\"text\" data-id=\"ik6xmesyzp\">Product specifications<\/span><\/p>\n<div><span class=\"xm-text f18 f-medium\" data-key=\"spec_2\" data-type=\"text\" data-id=\"j6ohussbu6\">\u0627\u0633\u0645 \u0627\u0644\u0645\u0646\u062a\u062c<\/span><span class=\"xm-text f18 f-light\" data-key=\"spec_3\" data-type=\"text\" data-id=\"vsu25v091z\">Mi 20W Wireless Car Charger<\/span><span class=\"xm-text f18 f-medium\" data-key=\"spec_4\" data-type=\"text\" data-id=\"463hsymqdo\">\u0646\u0645\u0648\u0630\u062c \u0627\u0644\u0645\u0646\u062a\u062c<\/span><span class=\"xm-text f18 f-light\" data-key=\"spec_5\" data-type=\"text\" data-id=\"o6vd6v7vqv\">WCJ02ZM<\/span><span class=\"xm-text f18 f-medium\" data-key=\"spec_6\" data-type=\"text\" data-id=\"lm695vb1zo\">Port type<\/span><span class=\"xm-text f18 f-light\" data-key=\"spec_7\" data-type=\"text\" data-id=\"4g837el41k\">USB-C<\/span><span class=\"xm-text f18 f-medium\" data-key=\"spec_8\" data-type=\"text\" data-id=\"wq2xcmwxs3\">Input<\/span><span class=\"xm-text f18 f-light\" data-key=\"spec_9\" data-type=\"text\" data-id=\"2q90akroh4\">5V\/3A, 9V\/2A, 12V\/2A, 15V\/1.8A, 20V\/1.35A<\/span><span class=\"xm-text f18 f-medium\" data-key=\"spec_10\" data-type=\"text\" data-id=\"1qqknyhsxp\">Output<\/span><span class=\"xm-text f18 f-light\" data-key=\"spec_11\" data-type=\"text\" data-id=\"ufhdpnm28f\">20W MAX<\/span><span class=\"xm-text f18 f-medium\" data-key=\"spec_12\" data-type=\"text\" data-id=\"rnz6c849j4\">\u0627\u0644\u0645\u0648\u0627\u062f<\/span><span class=\"xm-text f18 f-light\" data-key=\"spec_13\" data-type=\"text\" data-id=\"uikissglbp\">PC + Glass<\/span><span class=\"xm-text f18 f-medium\" data-key=\"spec_14\" data-type=\"text\" data-id=\"jzjz1vz3rl\">Product Dimensions<\/span><span class=\"xm-text f18 f-light\" data-key=\"spec_15\" data-type=\"text\" data-id=\"4ojobh0qxf\">117.2 \u00d7 73.4 \u00d7 91.7mm<\/span><span class=\"xm-text f18 f-medium\" data-key=\"spec_16\" data-type=\"text\" data-id=\"intg2mvscz\">Standards Implemented<\/span><span class=\"xm-text f18 f-light\" data-key=\"spec_17\" data-type=\"text\" data-id=\"0wk1szxof7\">T\/CA 101-2018 Q\/320281DHR05<\/span><\/div>\n<\/div>\n<div class=\"section section3 lazy\" data-type=\"bg\" data-id=\"to31pxirtb\" data-background-image=\"\" data-loaded=\"true\">\n<p><span class=\"xm-text spec_18 f28 f-bold\" data-key=\"spec_18\" data-type=\"text\" data-id=\"1wzoejyvyp\">\u0645\u062d\u062a\u0648\u064a\u0627\u062a \u0627\u0644\u0639\u0628\u0648\u0629<\/span><\/p>\n<div><span class=\"xm-text f18 f-medium\" data-key=\"spec_19\" data-type=\"text\" data-id=\"2z66j29ou7\">Mi 20W Wireless Car Charger \u00d71<\/span><span class=\"xm-text f18 f-medium\" data-key=\"spec_20\" data-type=\"text\" data-id=\"3o4edri1tn\">Power cable \u00d71<\/span><span class=\"xm-text f18 f-medium\" data-key=\"spec_21\" data-type=\"text\" data-id=\"r1mzqp2mmm\">Instruction manual \u00d71<\/span><span class=\"xm-text f18 f-medium\" data-key=\"spec_22\" data-type=\"text\" data-id=\"tdderrc0im\">Car charger \u00d71<\/span><span class=\"xm-text f18 f-medium\" data-key=\"spec_23\" data-type=\"text\" data-id=\"xlm6ajg1im\">Adhesive dock \u00d71<\/span><\/div>\n<\/div>","protected":false},"excerpt":{"rendered":"<p>Product specifications Product nameMi 20W Wireless Car ChargerProduct modelWCJ02ZMPort typeUSB-CInput5V\/3A, 9V\/2A, 12V\/2A, 15V\/1.8A, 20V\/1.35AOutput20W MAXMaterialPC + GlassProduct Dimensions117.2 \u00d7 73.4 \u00d7 91.7mmStandards ImplementedT\/CA 101-2018 Q\/320281DHR05 Package contents Mi 20W Wireless Car Charger \u00d71Power cable \u00d71Instruction manual \u00d71Car charger \u00d71Adhesive dock \u00d71<\/p>","protected":false},"featured_media":5211,"template":"","meta":{"site-sidebar-layout":"default","site-content-layout":"","ast-site-content-layout":"default","site-content-style":"default","site-sidebar-style":"default","ast-global-header-display":"","ast-banner-title-visibility":"","ast-main-header-display":"","ast-hfb-above-header-display":"","ast-hfb-below-header-display":"","ast-hfb-mobile-header-display":"","site-post-title":"","ast-breadcrumbs-content":"","ast-featured-img":"","footer-sml-layout":"","ast-disable-related-posts":"","theme-transparent-header-meta":"default","adv-header-id-meta":"","stick-header-meta":"default","header-above-stick-meta":"","header-main-stick-meta":"","header-below-stick-meta":"","astra-migrate-meta-layouts":"set","ast-page-background-enabled":"default","ast-page-background-meta":{"desktop":{"background-color":"var(--ast-global-color-4)","background-image":"","background-repeat":"repeat","background-position":"center center","background-size":"auto","background-attachment":"scroll","background-type":"","background-media":"","overlay-type":"","overlay-color":"","overlay-opacity":"","overlay-gradient":""},"tablet":{"background-color":"","background-image":"","background-repeat":"repeat","background-position":"center center","background-size":"auto","background-attachment":"scroll","background-type":"","background-media":"","overlay-type":"","overlay-color":"","overlay-opacity":"","overlay-gradient":""},"mobile":{"background-color":"","background-image":"","background-repeat":"repeat","background-position":"center center","background-size":"auto","background-attachment":"scroll","background-type":"","background-media":"","overlay-type":"","overlay-color":"","overlay-opacity":"","overlay-gradient":""}},"ast-content-background-meta":{"desktop":{"background-color":"var(--ast-global-color-5)","background-image":"","background-repeat":"repeat","background-position":"center center","background-size":"auto","background-attachment":"scroll","background-type":"","background-media":"","overlay-type":"","overlay-color":"","overlay-opacity":"","overlay-gradient":""},"tablet":{"background-color":"var(--ast-global-color-5)","background-image":"","background-repeat":"repeat","background-position":"center center","background-size":"auto","background-attachment":"scroll","background-type":"","background-media":"","overlay-type":"","overlay-color":"","overlay-opacity":"","overlay-gradient":""},"mobile":{"background-color":"var(--ast-global-color-5)","background-image":"","background-repeat":"repeat","background-position":"center center","background-size":"auto","background-attachment":"scroll","background-type":"","background-media":"","overlay-type":"","overlay-color":"","overlay-opacity":"","overlay-gradient":""}}},"product_brand":[53],"product_cat":[46,49],"product_tag":[],"class_list":{"0":"post-4059","1":"product","2":"type-product","3":"status-publish","4":"has-post-thumbnail","6":"product_brand-xiaomi","7":"product_cat-chargers-cables","8":"product_cat-mobile-accessories","9":"product_shipping_class-all-products","10":"desktop-align-center","11":"tablet-align-left","12":"mobile-align-left","13":"ast-product-gallery-layout-horizontal","14":"ast-product-tabs-layout-horizontal","16":"first","17":"instock","18":"purchasable","19":"product-type-simple"},"_links":{"self":[{"href":"https:\/\/nazoiq.com\/ar\/wp-json\/wp\/v2\/product\/4059","targetHints":{"allow":["GET"]}}],"collection":[{"href":"https:\/\/nazoiq.com\/ar\/wp-json\/wp\/v2\/product"}],"about":[{"href":"https:\/\/nazoiq.com\/ar\/wp-json\/wp\/v2\/types\/product"}],"version-history":[{"count":5,"href":"https:\/\/nazoiq.com\/ar\/wp-json\/wp\/v2\/product\/4059\/revisions"}],"predecessor-version":[{"id":10078,"href":"https:\/\/nazoiq.com\/ar\/wp-json\/wp\/v2\/product\/4059\/revisions\/10078"}],"wp:featuredmedia":[{"embeddable":true,"href":"https:\/\/nazoiq.com\/ar\/wp-json\/wp\/v2\/media\/5211"}],"wp:attachment":[{"href":"https:\/\/nazoiq.com\/ar\/wp-json\/wp\/v2\/media?parent=4059"}],"wp:term":[{"taxonomy":"product_brand","embeddable":true,"href":"https:\/\/nazoiq.com\/ar\/wp-json\/wp\/v2\/product_brand?post=4059"},{"taxonomy":"product_cat","embeddable":true,"href":"https:\/\/nazoiq.com\/ar\/wp-json\/wp\/v2\/product_cat?post=4059"},{"taxonomy":"product_tag","embeddable":true,"href":"https:\/\/nazoiq.com\/ar\/wp-json\/wp\/v2\/product_tag?post=4059"}],"curies":[{"name":"wp","href":"https:\/\/api.w.org\/{rel}","templated":true}]}}