{"id":5132,"date":"2025-06-10T06:27:47","date_gmt":"2025-06-10T06:27:47","guid":{"rendered":"https:\/\/nazoiq.com\/?post_type=product&#038;p=5132"},"modified":"2026-03-24T06:54:57","modified_gmt":"2026-03-24T06:54:57","slug":"poco-x7-pro-12256gb","status":"publish","type":"product","link":"https:\/\/nazoiq.com\/ar\/product\/poco-x7-pro-12256gb\/","title":{"rendered":"POCO X7 Pro 5G (12+256GB)"},"content":{"rendered":"<div class=\"lazy\" data-type=\"bg\" data-id=\"6abce8a05a\" data-background-image=\"\" data-loaded=\"true\">\n<div class=\"lazy\" data-type=\"bg\" data-id=\"316f4ace7f\" data-background-image=\"\" data-loaded=\"true\"><span class=\"xm-text f-bold\" data-key=\"spec_2\" data-type=\"text\" data-id=\"9e29af26f5\">\u0627\u0644\u0645\u0639\u0627\u0644\u062c<\/span><\/div>\n<div class=\"lazy\" data-type=\"bg\" data-id=\"ce6ecadc85\" data-background-image=\"\" data-loaded=\"true\"><span class=\"xm-text f-bold\" data-key=\"spec_3\" data-type=\"text\" data-id=\"effc52d893\">Dimensity 8400-Ultra<\/span><span class=\"xm-text f-light\" data-key=\"spec_4\" data-type=\"text\" data-id=\"0e3223a7ee\">4nm manufacturing process<\/span><span class=\"xm-text f-light\" data-key=\"spec_5\" data-type=\"text\" data-id=\"308b50a033\">CPU: Octa-core CPU, up to 3.25GHz<\/span><span class=\"xm-text f-light\" data-key=\"spec_6\" data-type=\"text\" data-id=\"a5c9ae0379\">GPU: Mali-G720<\/span><\/div>\n<\/div>\n<div class=\"lazy\" data-type=\"bg\" data-id=\"0086e71077\" data-background-image=\"\" data-loaded=\"true\">\n<div class=\"lazy\" data-type=\"bg\" data-id=\"e68d8a9156\" data-background-image=\"\" data-loaded=\"true\"><span class=\"xm-text f-bold\" data-key=\"spec_7\" data-type=\"text\" data-id=\"f7fc43ccc4\">\u0627\u0644\u062a\u062e\u0632\u064a\u0646 \u0648\u0630\u0627\u0643\u0631\u0629 \u0627\u0644\u0648\u0635\u0648\u0644 \u0627\u0644\u0639\u0634\u0648\u0627\u0626\u064a<\/span><\/div>\n<div class=\"lazy\" data-type=\"bg\" data-id=\"67673de381\" data-background-image=\"\" data-loaded=\"true\"><span class=\"xm-text f-bold\" data-key=\"spec_8\" data-type=\"text\" data-id=\"b68901f5aa\">8GB+256GB, 12GB+256GB, 12GB+512GB<\/span><span class=\"xm-text f-light\" data-key=\"spec_9\" data-type=\"text\" data-id=\"0f585e5edb\">LPDDR5X + UFS 4.0<\/span><span class=\"xm-text f-light\" data-key=\"spec_10\" data-type=\"text\" data-id=\"bed668186a\">*Available storage and RAM are less than the total memory due to storage of the operating system and software pre-installed on the device.<\/span><\/div>\n<\/div>\n<div class=\"lazy\" data-type=\"bg\" data-id=\"00774ab1bf\" data-background-image=\"\" data-loaded=\"true\">\n<div class=\"lazy\" data-type=\"bg\" data-id=\"156a75e211\" data-background-image=\"\" data-loaded=\"true\"><span class=\"xm-text f-bold\" data-key=\"spec_11\" data-type=\"text\" data-id=\"2c9aae6b4f\">\u0627\u0644\u0623\u0628\u0639\u0627\u062f<\/span><\/div>\n<div class=\"lazy\" data-type=\"bg\" data-id=\"fe1d48cd25\" data-background-image=\"\" data-loaded=\"true\"><span class=\"xm-text f-light\" data-key=\"spec_12\" data-type=\"text\" data-id=\"e30aa33e0b\">Height: 160.75mm<\/span><span class=\"xm-text f-light\" data-key=\"spec_13\" data-type=\"text\" data-id=\"4324f2c478\">Width: 75.24mm<\/span><span class=\"xm-text f-light\" data-key=\"spec_14\" data-type=\"text\" data-id=\"c9750e593e\">Thickness: 8.29mm\uff08plastic\uff09\/ 8.43mm\uff08PU\uff09<\/span><span class=\"xm-text f-light\" data-key=\"spec_15\" data-type=\"text\" data-id=\"fdc5d72901\">Weight: 195g(plastic) \/ 198 (PU\uff09<\/span><span class=\"xm-text f-light\" data-key=\"spec_16\" data-type=\"text\" data-id=\"3784c9319c\">*Data provided by internal laboratories. Industry measurement methods may vary, and therefore actual results may differ.<\/span><\/div>\n<\/div>\n<div class=\"lazy\" data-type=\"bg\" data-id=\"e110346445\" data-background-image=\"\" data-loaded=\"true\">\n<div class=\"lazy\" data-type=\"bg\" data-id=\"57c16d6876\" data-background-image=\"\" data-loaded=\"true\"><span class=\"xm-text f-bold\" data-key=\"spec_17\" data-type=\"text\" data-id=\"6f5def4306\">\u0627\u0644\u0639\u0631\u0636<\/span><\/div>\n<div class=\"lazy\" data-type=\"bg\" data-id=\"d57aabc0eb\" data-background-image=\"\" data-loaded=\"true\"><span class=\"xm-text f-bold\" data-key=\"spec_18\" data-type=\"text\" data-id=\"0514b52b52\">6.67&#8243; CrystalRes AMOLED display<\/span><span class=\"xm-text f-light\" data-key=\"spec_19\" data-type=\"text\" data-id=\"6325f86c00\">Resolution: 2712 x 1220 (1.5K resolution)<\/span><span class=\"xm-text f-light\" data-key=\"spec_20\" data-type=\"text\" data-id=\"09007bdcc5\">Refresh rate: Up to 120Hz<\/span><span class=\"xm-text f-light\" data-key=\"spec_21\" data-type=\"text\" data-id=\"f031d76f85\">Touch sampling rate: 480Hz touch sampling rate\uff0c2560Hz instant touch sampling rate\uff0c16X super resolution touch *2560Hz instant touch sampling rate supports only with Game Turbo mode on.<\/span><span class=\"xm-text f-light\" data-key=\"spec_22\" data-type=\"text\" data-id=\"02324a2365\">AdaptiveSync display<\/span><span class=\"xm-text f-light\" data-key=\"spec_23\" data-type=\"text\" data-id=\"39feed82bf\">Brightness: 700 nits (typ), 1400 nits(HBM brightness), 3200 nits(peak brightness)<\/span><span class=\"xm-text f-light\" data-key=\"spec_24\" data-type=\"text\" data-id=\"2a3608863c\">Color depth: 12bit<\/span><span class=\"xm-text f-light\" data-key=\"spec_25\" data-type=\"text\" data-id=\"b6da8172dd\">Contrast ratio: 5,000,000:1<\/span><span class=\"xm-text f-light\" data-key=\"spec_26\" data-type=\"text\" data-id=\"708e396db9\">Color gamut: DCI-P3 (typ)<\/span><span class=\"xm-text f-light\" data-key=\"spec_27\" data-type=\"text\" data-id=\"5635aaa2c6\">Corning\u00ae Gorilla\u00ae Glass 7i<\/span><span class=\"xm-text f-light\" data-key=\"spec_28\" data-type=\"text\" data-id=\"e3d1f8e5a8\">Supports Dolby Vision\u00ae<\/span><span class=\"xm-text f-light\" data-key=\"spec_29\" data-type=\"text\" data-id=\"73d9638e86\">Supports sunlight mode \uff5cSupports reading mode\uff5cSupports cycle mode<\/span><span class=\"xm-text f-light\" data-key=\"spec_30\" data-type=\"text\" data-id=\"1881d03966\">Original color Pro | Pro HDR display | Adaptive HDR display<\/span><span class=\"xm-text f-light\" data-key=\"spec_31\" data-type=\"text\" data-id=\"2db70bbea1\">1920Hz PWM dimming\uff5c16,000-level brightness adjustment\uff5cHDR10+ | T\u00dcV Rheinland Low Blue Light Certification (Hardware solution) | T\u00dcV Rheinland Circadian Friendly Certification | T\u00dcV Rheinland Flicker Free Certification<\/span><\/div>\n<\/div>\n<div class=\"lazy\" data-type=\"bg\" data-id=\"24a8038811\" data-background-image=\"\" data-loaded=\"true\">\n<div class=\"lazy\" data-type=\"bg\" data-id=\"aaffe5432a\" data-background-image=\"\" data-loaded=\"true\"><span class=\"xm-text f-bold\" data-key=\"spec_32\" data-type=\"text\" data-id=\"7c44860d4e\">\u0643\u0627\u0645\u064a\u0631\u0627 \u062e\u0644\u0641\u064a\u0629<\/span><\/div>\n<div class=\"lazy\" data-type=\"bg\" data-id=\"880e91334f\" data-background-image=\"\" data-loaded=\"true\"><span class=\"xm-text f-bold\" data-key=\"spec_33\" data-type=\"text\" data-id=\"79ad7dda43\">50MP main camera with OIS<\/span><span class=\"xm-text f-light\" data-key=\"spec_34\" data-type=\"text\" data-id=\"01c18fdafe\">OIS<\/span><span class=\"xm-text f-light\" data-key=\"spec_35\" data-type=\"text\" data-id=\"2959958bdb\">f\/1.5<\/span><span class=\"xm-text f-light\" data-key=\"spec_36\" data-type=\"text\" data-id=\"79f8387d3e\">4-in-1 binning into one large 1.6\u03bcm pixel<\/span><span class=\"xm-text f-light\" data-key=\"spec_37\" data-type=\"text\" data-id=\"0f8d47db11\">1\/1.95&#8221; sensor size<\/span><span class=\"xm-text f-light\" data-key=\"spec_38\" data-type=\"text\" data-id=\"aac729728a\">6P lens<\/span><span class=\"xm-text f-bold\" data-key=\"spec_39\" data-type=\"text\" data-id=\"64304ae247\">8MP ultra-wide camera<\/span><span class=\"xm-text f-light\" data-key=\"spec_40\" data-type=\"text\" data-id=\"5d9b7bac02\">f\/2.2<\/span><span class=\"xm-text f-bold\" data-key=\"spec_41\" data-type=\"text\" data-id=\"5b4f7b5220\">Rear camera photography features <\/span><span class=\"xm-text f-light\" data-key=\"spec_42\" data-type=\"text\" data-id=\"08d3c3c0f3\">Dynamic shots | Motion tracking focus | Motion capture | 50MP mode | Film Camera | Portrait mode | Documents | Night mode | Pro mode | Panorama | HDR<\/span><span class=\"xm-text f-bold\" data-key=\"spec_43\" data-type=\"text\" data-id=\"e3464ca02f\">Rear camera video recording<\/span><span class=\"xm-text f-light\" data-key=\"spec_44\" data-type=\"text\" data-id=\"9158f4f60d\">4K video shooting: 24fps\/30fps\/60fps<\/span><span class=\"xm-text f-light\" data-key=\"spec_45\" data-type=\"text\" data-id=\"50e44e58e3\">1080p video shooting: 30\/60fps<\/span><span class=\"xm-text f-light\" data-key=\"spec_46\" data-type=\"text\" data-id=\"d2d46e7e7d\">720p video shooting: 30fps<\/span><span class=\"xm-text f-light\" data-key=\"spec_47\" data-type=\"text\" data-id=\"a99f3f9462\">Slow motion: 1080p at 120fps\/240fps\/960fps<\/span><span class=\"xm-text f-light\" data-key=\"spec_48\" data-type=\"text\" data-id=\"08a7e0e32f\">Slow motion: 720p at 120fps\/240fps\/960fps<\/span><span class=\"xm-text f-bold\" data-key=\"spec_49\" data-type=\"text\" data-id=\"2fe32f8efa\">Rear camera video features<\/span><span class=\"xm-text f-light\" data-key=\"spec_50\" data-type=\"text\" data-id=\"1a1e1e1408\">Director mode| Video pro mode | Video log format | ShootSteady | Slow motion | Dual video | Time-lapse<\/span><\/div>\n<\/div>\n<div class=\"lazy\" data-type=\"bg\" data-id=\"34c5c943c8\" data-background-image=\"\" data-loaded=\"true\">\n<div class=\"lazy\" data-type=\"bg\" data-id=\"bce4a8eb23\" data-background-image=\"\" data-loaded=\"true\"><span class=\"xm-text f-bold\" data-key=\"spec_51\" data-type=\"text\" data-id=\"1c7cc5c2b2\">\u0643\u0627\u0645\u064a\u0631\u0627 \u0623\u0645\u0627\u0645\u064a\u0629<\/span><\/div>\n<div class=\"lazy\" data-type=\"bg\" data-id=\"f5e51bfbf0\" data-background-image=\"\" data-loaded=\"true\"><span class=\"xm-text f-bold\" data-key=\"spec_52\" data-type=\"text\" data-id=\"c606b1be51\">20MP front camera<\/span><span class=\"xm-text f-light\" data-key=\"spec_53\" data-type=\"text\" data-id=\"9d3ed9eaf2\">OV20B(1\/4&#8243; sensor size)<\/span><span class=\"xm-text f-light\" data-key=\"spec_54\" data-type=\"text\" data-id=\"f748010c82\">f\/2.2<\/span><span class=\"xm-text f-light\" data-key=\"spec_55\" data-type=\"text\" data-id=\"155a24cc89\">4p lens<\/span><span class=\"xm-text f-light\" data-key=\"spec_56\" data-type=\"text\" data-id=\"b6e36c5176\">Soft-light ring | AI beautify | Night mode | Portrait mode<\/span><span class=\"xm-text f-bold\" data-key=\"spec_57\" data-type=\"text\" data-id=\"e51822e2fa\">Front camera video recording<\/span><span class=\"xm-text f-light\" data-key=\"spec_58\" data-type=\"text\" data-id=\"c8aa4fd10f\">1080p at 30fps<\/span><span class=\"xm-text f-light\" data-key=\"spec_59\" data-type=\"text\" data-id=\"9a4c957f3d\">720p at 30fps<\/span><\/div>\n<\/div>\n<div class=\"lazy\" data-type=\"bg\" data-id=\"42970c858c\" data-background-image=\"\" data-loaded=\"true\">\n<div class=\"lazy\" data-type=\"bg\" data-id=\"60045c2eea\" data-background-image=\"\" data-loaded=\"true\"><span class=\"xm-text f-bold\" data-key=\"spec_60\" data-type=\"text\" data-id=\"ac56a0461d\">Battery &amp; Charging<\/span><\/div>\n<div class=\"lazy\" data-type=\"bg\" data-id=\"bbfdbe2119\" data-background-image=\"\" data-loaded=\"true\"><span class=\"xm-text f-light\" data-key=\"spec_61\" data-type=\"text\" data-id=\"4535c816f1\">6000mAh (typ)<\/span><span class=\"xm-text f-light\" data-key=\"spec_62\" data-type=\"text\" data-id=\"e2705627e0\">90W HyperCharge<\/span><span class=\"xm-text f-light\" data-key=\"spec_63\" data-type=\"text\" data-id=\"92f3d2ac6a\">90W in-box charger<\/span><span class=\"xm-text f-light\" data-key=\"spec_64\" data-type=\"text\" data-id=\"78bb29a795\">USB-C<\/span><\/div>\n<\/div>\n<div class=\"lazy\" data-type=\"bg\" data-id=\"1423d07b77\" data-background-image=\"\" data-loaded=\"true\">\n<div class=\"lazy\" data-type=\"bg\" data-id=\"fc2e88518d\" data-background-image=\"\" data-loaded=\"true\"><span class=\"xm-text f-bold\" data-key=\"spec_66\" data-type=\"text\" data-id=\"298040b84b\">Security<\/span><\/div>\n<div class=\"lazy\" data-type=\"bg\" data-id=\"d535768a69\" data-background-image=\"\" data-loaded=\"true\"><span class=\"xm-text f-light\" data-key=\"spec_67\" data-type=\"text\" data-id=\"0dc0744ecd\">In-screen fingerprint sensor<\/span><span class=\"xm-text f-light\" data-key=\"spec_68\" data-type=\"text\" data-id=\"5cc41b74bf\">AI Face Unlock<\/span><\/div>\n<\/div>\n<div class=\"lazy\" data-type=\"bg\" data-id=\"a64ebbd73e\" data-background-image=\"\" data-loaded=\"true\">\n<div class=\"lazy\" data-type=\"bg\" data-id=\"75961cb97a\" data-background-image=\"\" data-loaded=\"true\"><span class=\"xm-text f-bold\" data-key=\"spec_69\" data-type=\"text\" data-id=\"247d296f78\">NFC<\/span><\/div>\n<div class=\"lazy\" data-type=\"bg\" data-id=\"c6764d41a8\" data-background-image=\"\" data-loaded=\"true\"><span class=\"xm-text f-light\" data-key=\"spec_70\" data-type=\"text\" data-id=\"84fcdc2107\">Support<\/span><span class=\"xm-text f-light\" data-key=\"spec_71\" data-type=\"text\" data-id=\"8cae001ad8\">*Functions may vary in some markets.<\/span><\/div>\n<\/div>\n<div class=\"lazy\" data-type=\"bg\" data-id=\"f6a9b9d931\" data-background-image=\"\" data-loaded=\"true\">\n<div class=\"lazy\" data-type=\"bg\" data-id=\"712b1625c9\" data-background-image=\"\" data-loaded=\"true\"><span class=\"xm-text f-bold\" data-key=\"spec_72\" data-type=\"text\" data-id=\"6255c85d35\">Network &amp; Connectivity<\/span><\/div>\n<div class=\"lazy\" data-type=\"bg\" data-id=\"32e0661cd2\" data-background-image=\"\" data-loaded=\"true\"><span class=\"xm-text f-bold\" data-key=\"spec_73\" data-type=\"text\" data-id=\"2954302ee3\">Dual SIM\uff0cdual standby\uff085G+5G\uff0c5G+4G\uff09<\/span><span class=\"xm-text f-light\" data-key=\"spec_74\" data-type=\"text\" data-id=\"1fb5a09d7c\">Supports 5G* \/ 4G \/ 3G\/ 2G<\/span><span class=\"xm-text f-light\" data-key=\"spec_75\" data-type=\"text\" data-id=\"8b4f1c3f8e\">*5G connectivity may vary based on region availability and local operator support.<\/span><span class=\"xm-text f-light\" data-key=\"spec_76\" data-type=\"text\" data-id=\"b810836d24\">2G: GSM: 2\/3\/5\/8<\/span><span class=\"xm-text f-light\" data-key=\"spec_77\" data-type=\"text\" data-id=\"4562dad1b3\">3G: WCDMA: B1\/2\/4\/5\/6\/8\/19<\/span><span class=\"xm-text f-light\" data-key=\"spec_78\" data-type=\"text\" data-id=\"8ded2a489f\">4G: LTE FDD: B1\/2\/3\/4\/5\/7\/8\/18\/19\/20\/26\/28\/66(NarrowBand)<\/span><span class=\"xm-text f-light\" data-key=\"spec_79\" data-type=\"text\" data-id=\"60b492a060\">4G: LTE TDD: B38\/40\/41\/42\/48<\/span><span class=\"xm-text f-light\" data-key=\"spec_80\" data-type=\"text\" data-id=\"1b5fe52e98\">5G SA: n1\/2\/3\/5\/7\/8\/20\/26\/28\/38\/40\/41\/48\/66(NarrowBand)\/77\/78<\/span><span class=\"xm-text f-light\" data-key=\"spec_81\" data-type=\"text\" data-id=\"1ea63287ee\">5G NSA: n1\/3\/5\/7\/8\/28\/38\/40\/41\/77\/78<\/span><span class=\"xm-text f-light\" data-key=\"spec_82\" data-type=\"text\" data-id=\"52906e38eb\">Bluetooth 6.0<\/span><span class=\"xm-text f-light\" data-key=\"spec_83\" data-type=\"text\" data-id=\"7caa701a0e\">Wi-Fi Protocol: 802.11a\/b\/g\/n\/ac\/ax<\/span><\/div>\n<\/div>\n<div class=\"lazy\" data-type=\"bg\" data-id=\"a69111caa4\" data-background-image=\"\" data-loaded=\"true\">\n<div class=\"lazy\" data-type=\"bg\" data-id=\"61f7976592\" data-background-image=\"\" data-loaded=\"true\"><span class=\"xm-text f-bold\" data-key=\"spec_84\" data-type=\"text\" data-id=\"59105a3ff2\">Navigation &amp; Positioning<\/span><\/div>\n<div class=\"lazy\" data-type=\"bg\" data-id=\"2ad432d50e\" data-background-image=\"\" data-loaded=\"true\"><span class=\"xm-text f-light\" data-key=\"spec_85\" data-type=\"text\" data-id=\"84e271ece7\">GPS: L1+L5<\/span><span class=\"xm-text f-light\" data-key=\"spec_86\" data-type=\"text\" data-id=\"f5b8070218\">Galileo: E1+E5a | GLONASS: G1 | Beidou: B1I+B2a+B1C | NavIC: L5A-GPS supplementary positioning | Electronic compass | Wireless network | Data network| MPE<\/span><\/div>\n<\/div>\n<div class=\"lazy\" data-type=\"bg\" data-id=\"d1e09d21c0\" data-background-image=\"\" data-loaded=\"true\">\n<div class=\"lazy\" data-type=\"bg\" data-id=\"006fa70114\" data-background-image=\"\" data-loaded=\"true\"><span class=\"xm-text f-bold\" data-key=\"spec_87\" data-type=\"text\" data-id=\"b523a5c64e\">Audio<\/span><\/div>\n<div class=\"lazy\" data-type=\"bg\" data-id=\"dbf2bf6290\" data-background-image=\"\" data-loaded=\"true\"><span class=\"xm-text f-light\" data-key=\"spec_88\" data-type=\"text\" data-id=\"544669ec9d\">Dual speakers<\/span><span class=\"xm-text f-light\" data-key=\"spec_89\" data-type=\"text\" data-id=\"7770bb9e0c\">Dolby Atmos\u00ae<\/span><span class=\"xm-text f-light\" data-key=\"spec_90\" data-type=\"text\" data-id=\"1430d68f65\">Audio playback<\/span><span class=\"xm-text f-light\" data-key=\"spec_91\" data-type=\"text\" data-id=\"165cf82e47\"> MP3\uff0cFLAC\uff0cAAC\uff0cOGG\uff0cWAV\uff0cAMR\uff0cAWB Hi-Res Audio\uff5cHi-Res Audio Wireless<\/span><\/div>\n<\/div>\n<div class=\"lazy\" data-type=\"bg\" data-id=\"e21cb48178\" data-background-image=\"\" data-loaded=\"true\">\n<div class=\"lazy\" data-type=\"bg\" data-id=\"88ee8a627b\" data-background-image=\"\" data-loaded=\"true\"><span class=\"xm-text f-bold\" data-key=\"spec_92\" data-type=\"text\" data-id=\"70487cbde7\">Video<\/span><\/div>\n<div class=\"lazy\" data-type=\"bg\" data-id=\"6beb5dccdb\" data-background-image=\"\" data-loaded=\"true\"><span class=\"xm-text f-light\" data-key=\"spec_93\" data-type=\"text\" data-id=\"73d2358574\"> MP4\uff0cMKV\uff0cAVI\uff0cWMV\uff0cWEBM\uff0c3GP\uff0cASF, supports HDR10\/10+<\/span><\/div>\n<\/div>\n<div class=\"lazy\" data-type=\"bg\" data-id=\"8929f27b0f\" data-background-image=\"\" data-loaded=\"true\">\n<div class=\"lazy\" data-type=\"bg\" data-id=\"9e1bc04ded\" data-background-image=\"\" data-loaded=\"true\"><span class=\"xm-text f-bold\" data-key=\"spec_94\" data-type=\"text\" data-id=\"0aed5c1729\">\u0627\u0644\u0645\u0633\u062a\u0634\u0639\u0631\u0627\u062a<\/span><\/div>\n<div class=\"lazy\" data-type=\"bg\" data-id=\"d537cb9991\" data-background-image=\"\" data-loaded=\"true\"><span class=\"xm-text f-light\" data-key=\"spec_95\" data-type=\"text\" data-id=\"1e3e1ac1f7\">Proximity sensor | 360\u00b0 Ambient light sensor | Accelerometer | Flicker Senor | Electronic compass | IR blaster \uff5cGyroscope | X-axis linear vibration motor<\/span><\/div>\n<\/div>\n<div class=\"lazy\" data-type=\"bg\" data-id=\"4ba762ca10\" data-background-image=\"\" data-loaded=\"true\">\n<div class=\"lazy\" data-type=\"bg\" data-id=\"98e8e0b5ae\" data-background-image=\"\" data-loaded=\"true\"><span class=\"xm-text f-bold\" data-key=\"spec_96\" data-type=\"text\" data-id=\"34072cc328\">\u0646\u0638\u0627\u0645 \u0627\u0644\u062a\u0634\u063a\u064a\u0644<\/span><\/div>\n<div class=\"lazy\" data-type=\"bg\" data-id=\"7c31e70d78\" data-background-image=\"\" data-loaded=\"true\"><span class=\"xm-text f-light\" data-key=\"spec_97\" data-type=\"text\" data-id=\"87976796d1\">Xiaomi HyperOS 2<\/span><\/div>\n<\/div>\n<div class=\"lazy\" data-type=\"bg\" data-id=\"2d196d4599\" data-background-image=\"\" data-loaded=\"true\">\n<div class=\"lazy\" data-type=\"bg\" data-id=\"dbe9461bf4\" data-background-image=\"\" data-loaded=\"true\"><span class=\"xm-text f-bold\" data-key=\"spec_98\" data-type=\"text\" data-id=\"9b27fdfc13\">Package Contents<\/span><\/div>\n<div class=\"lazy\" data-type=\"bg\" data-id=\"31f848555b\" data-background-image=\"\" data-loaded=\"true\"><span class=\"xm-text f-light\" data-key=\"spec_99\" data-type=\"text\" data-id=\"371a8bd5ea\">Mobile Phone \/ Adapter \/ USB Type-C Cable \/ SIM Eject Tool \/ Protective Case \/ Safety Information \/ Quick Start Guide \/ Warranty Card<\/span><span class=\"xm-text f-light\" data-key=\"spec_100\" data-type=\"text\" data-id=\"c39e9e80f3\">*Contents in the package may differ across different regions.<\/span><\/div>\n<\/div>","protected":false},"excerpt":{"rendered":"<p>RAM: 12GB<\/p>\n<p>ROM: 256GB<\/p>","protected":false},"featured_media":5909,"template":"","meta":{"site-sidebar-layout":"default","site-content-layout":"","ast-site-content-layout":"default","site-content-style":"default","site-sidebar-style":"default","ast-global-header-display":"","ast-banner-title-visibility":"","ast-main-header-display":"","ast-hfb-above-header-display":"","ast-hfb-below-header-display":"","ast-hfb-mobile-header-display":"","site-post-title":"","ast-breadcrumbs-content":"","ast-featured-img":"","footer-sml-layout":"","ast-disable-related-posts":"","theme-transparent-header-meta":"default","adv-header-id-meta":"","stick-header-meta":"default","header-above-stick-meta":"","header-main-stick-meta":"","header-below-stick-meta":"","astra-migrate-meta-layouts":"set","ast-page-background-enabled":"default","ast-page-background-meta":{"desktop":{"background-color":"var(--ast-global-color-4)","background-image":"","background-repeat":"repeat","background-position":"center center","background-size":"auto","background-attachment":"scroll","background-type":"","background-media":"","overlay-type":"","overlay-color":"","overlay-opacity":"","overlay-gradient":""},"tablet":{"background-color":"","background-image":"","background-repeat":"repeat","background-position":"center center","background-size":"auto","background-attachment":"scroll","background-type":"","background-media":"","overlay-type":"","overlay-color":"","overlay-opacity":"","overlay-gradient":""},"mobile":{"background-color":"","background-image":"","background-repeat":"repeat","background-position":"center center","background-size":"auto","background-attachment":"scroll","background-type":"","background-media":"","overlay-type":"","overlay-color":"","overlay-opacity":"","overlay-gradient":""}},"ast-content-background-meta":{"desktop":{"background-color":"var(--ast-global-color-5)","background-image":"","background-repeat":"repeat","background-position":"center center","background-size":"auto","background-attachment":"scroll","background-type":"","background-media":"","overlay-type":"","overlay-color":"","overlay-opacity":"","overlay-gradient":""},"tablet":{"background-color":"var(--ast-global-color-5)","background-image":"","background-repeat":"repeat","background-position":"center center","background-size":"auto","background-attachment":"scroll","background-type":"","background-media":"","overlay-type":"","overlay-color":"","overlay-opacity":"","overlay-gradient":""},"mobile":{"background-color":"var(--ast-global-color-5)","background-image":"","background-repeat":"repeat","background-position":"center center","background-size":"auto","background-attachment":"scroll","background-type":"","background-media":"","overlay-type":"","overlay-color":"","overlay-opacity":"","overlay-gradient":""}}},"product_brand":[73],"product_cat":[34],"product_tag":[],"class_list":{"0":"post-5132","1":"product","2":"type-product","3":"status-publish","4":"has-post-thumbnail","6":"product_brand-poco","7":"product_cat-mobile-phones","8":"product_shipping_class-all-products","9":"desktop-align-center","10":"tablet-align-left","11":"mobile-align-left","12":"ast-product-gallery-layout-horizontal","13":"ast-product-single-variable","14":"ast-product-tabs-layout-horizontal","16":"first","17":"instock","18":"shipping-taxable","19":"purchasable","20":"product-type-variable"},"_links":{"self":[{"href":"https:\/\/nazoiq.com\/ar\/wp-json\/wp\/v2\/product\/5132","targetHints":{"allow":["GET"]}}],"collection":[{"href":"https:\/\/nazoiq.com\/ar\/wp-json\/wp\/v2\/product"}],"about":[{"href":"https:\/\/nazoiq.com\/ar\/wp-json\/wp\/v2\/types\/product"}],"version-history":[{"count":3,"href":"https:\/\/nazoiq.com\/ar\/wp-json\/wp\/v2\/product\/5132\/revisions"}],"predecessor-version":[{"id":5989,"href":"https:\/\/nazoiq.com\/ar\/wp-json\/wp\/v2\/product\/5132\/revisions\/5989"}],"wp:featuredmedia":[{"embeddable":true,"href":"https:\/\/nazoiq.com\/ar\/wp-json\/wp\/v2\/media\/5909"}],"wp:attachment":[{"href":"https:\/\/nazoiq.com\/ar\/wp-json\/wp\/v2\/media?parent=5132"}],"wp:term":[{"taxonomy":"product_brand","embeddable":true,"href":"https:\/\/nazoiq.com\/ar\/wp-json\/wp\/v2\/product_brand?post=5132"},{"taxonomy":"product_cat","embeddable":true,"href":"https:\/\/nazoiq.com\/ar\/wp-json\/wp\/v2\/product_cat?post=5132"},{"taxonomy":"product_tag","embeddable":true,"href":"https:\/\/nazoiq.com\/ar\/wp-json\/wp\/v2\/product_tag?post=5132"}],"curies":[{"name":"wp","href":"https:\/\/api.w.org\/{rel}","templated":true}]}}