{"id":7351,"date":"2025-08-17T09:11:57","date_gmt":"2025-08-17T09:11:57","guid":{"rendered":"https:\/\/nazoiq.com\/?post_type=product&#038;p=7351"},"modified":"2026-03-24T06:54:54","modified_gmt":"2026-03-24T06:54:54","slug":"poco-m7-4g-8256gb","status":"publish","type":"product","link":"https:\/\/nazoiq.com\/en\/product\/poco-m7-4g-8256gb\/","title":{"rendered":"Poco M7  (8+256GB)"},"content":{"rendered":"<div class=\" lazy\" style=\"text-align: left;\" role=\"\" data-type=\"bg\" data-id=\"316f4ace7f\" data-background-image=\"\" data-loaded=\"true\"><strong><span class=\"xm-text f-bold \" data-key=\"spec_4\" data-type=\"text\" data-id=\"9e29af26f5\">Processor<\/span><\/strong><\/div>\n<div class=\" lazy\" style=\"text-align: left;\" role=\"\" data-type=\"bg\" data-id=\"ce6ecadc85\" data-background-image=\"\" data-loaded=\"true\"><span class=\"xm-text f-bold \" data-key=\"spec_5\" data-type=\"text\" data-id=\"effc52d893\">Snapdragon\u00ae 685 4G Mobile Platform<\/span><span class=\"xm-text f-light \" data-key=\"spec_6\" data-type=\"text\" data-id=\"0e3223a7ee\">6nm process, octa-core chipset<\/span><span class=\"xm-text f-light \" data-key=\"spec_7\" data-type=\"text\" data-id=\"308b50a033\">CPU: Qualcomm\u00ae Kryo\u2122, up to 2.8GHz<\/span><span class=\"xm-text f-light \" data-key=\"spec_8\" data-type=\"text\" data-id=\"a5c9ae0379\">GPU: Qualcomm\u00ae Adreno\u2122<\/span><\/div>\n<div style=\"text-align: left;\" role=\"\" data-type=\"bg\" data-id=\"ce6ecadc85\" data-background-image=\"\" data-loaded=\"true\"><\/div>\n<div style=\"text-align: left;\" role=\"\" data-type=\"bg\" data-id=\"ce6ecadc85\" data-background-image=\"\" data-loaded=\"true\">\n<div class=\" lazy\" role=\"\" data-type=\"bg\" data-id=\"156a75e211\" data-background-image=\"\" data-loaded=\"true\"><strong><span class=\"xm-text f-bold \" data-key=\"spec_9\" data-type=\"text\" data-id=\"2c9aae6b4f\">Storage &amp; RAM<\/span><\/strong><\/div>\n<div role=\"\" data-type=\"bg\" data-id=\"156a75e211\" data-background-image=\"\" data-loaded=\"true\"><\/div>\n<div class=\" lazy\" role=\"\" data-type=\"bg\" data-id=\"fe1d48cd25\" data-background-image=\"\" data-loaded=\"true\"><span class=\"xm-text f-light \" data-key=\"spec_10\" data-type=\"text\" data-id=\"bcfe943f46\">6GB + 128GB, 8GB + 256GB<\/span><span class=\"xm-text f-light \" data-key=\"spec_11\" data-type=\"text\" data-id=\"85f1ff0592\">*Available configurations may differ between regions. Available RAM and storage are less than the total memory due to storage of the operating system and the device&#8217;s pre-installed software.<\/span><span class=\"xm-text f-light \" data-key=\"spec_12\" data-type=\"text\" data-id=\"f83d070da2\">Supports up to 16GB RAM with Memory extension<\/span><span class=\"xm-text f-light \" data-key=\"spec_13\" data-type=\"text\" data-id=\"a34a47afd0\">*16GB RAM with memory extension is based on 8GB RAM version. Additional RAM will occupy a corresponding amount of ROM storage. Memory extension is only available when there is enough storage space on your device. Actual extension of RAM storage capacity varies between models.<\/span><span class=\"xm-text f-light \" data-key=\"spec_14\" data-type=\"text\" data-id=\"e30aa33e0b\">Expandable storage up to 2TB<\/span><span class=\"xm-text f-light \" data-key=\"spec_15\" data-type=\"text\" data-id=\"c9750e593e\">*microSD card for expandable storage sold separately. Please refer to the actual use.<\/span><span class=\"xm-text f-light \" data-key=\"spec_16\" data-type=\"text\" data-id=\"4324f2c478\">LPDDR4X + UFS2.2<\/span><\/div>\n<div role=\"\" data-type=\"bg\" data-id=\"fe1d48cd25\" data-background-image=\"\" data-loaded=\"true\"><\/div>\n<div role=\"\" data-type=\"bg\" data-id=\"fe1d48cd25\" data-background-image=\"\" data-loaded=\"true\">\n<div class=\" lazy\" role=\"\" data-type=\"bg\" data-id=\"8ebf64d117\" data-background-image=\"\" data-loaded=\"true\"><strong><span class=\"xm-text f-bold \" data-key=\"spec_17\" data-type=\"text\" data-id=\"e40351c5fb\">Dimensions<\/span><\/strong><\/div>\n<div role=\"\" data-type=\"bg\" data-id=\"8ebf64d117\" data-background-image=\"\" data-loaded=\"true\"><\/div>\n<div class=\" lazy\" role=\"\" data-type=\"bg\" data-id=\"0531c16f12\" data-background-image=\"\" data-loaded=\"true\"><span class=\"xm-text f-light \" data-key=\"spec_18\" data-type=\"text\" data-id=\"f6748d6187\">Height: 169.48mm<\/span><span class=\"xm-text f-light \" data-key=\"spec_19\" data-type=\"text\" data-id=\"549e14e2ca\">Width: 80.45mm<\/span><span class=\"xm-text f-light \" data-key=\"spec_20\" data-type=\"text\" data-id=\"74055e1797\">Thickness: 8.40mm<\/span><span class=\"xm-text f-light \" data-key=\"spec_21\" data-type=\"text\" data-id=\"2512f71ede\">Weight: 214g<\/span><span class=\"xm-text f-light \" data-key=\"spec_22\" data-type=\"text\" data-id=\"d15461fccd\">*Data obtained from POCO Internal Labs. Industry measurement methods may vary, actual results may differ.<\/span><span class=\"xm-text f-light \" data-key=\"spec_23\" data-type=\"text\" data-id=\"c7b1b2b619\">*Product may vary by region, please refer to the actual product.<\/span><\/div>\n<div role=\"\" data-type=\"bg\" data-id=\"0531c16f12\" data-background-image=\"\" data-loaded=\"true\"><\/div>\n<\/div>\n<div role=\"\" data-type=\"bg\" data-id=\"0531c16f12\" data-background-image=\"\" data-loaded=\"true\">\n<div class=\" lazy\" role=\"\" data-type=\"bg\" data-id=\"bce4a8eb23\" data-background-image=\"\" data-loaded=\"true\"><strong><span class=\"xm-text f-bold \" data-key=\"spec_25\" data-type=\"text\" data-id=\"1c7cc5c2b2\">Display<\/span><\/strong><\/div>\n<div role=\"\" data-type=\"bg\" data-id=\"bce4a8eb23\" data-background-image=\"\" data-loaded=\"true\"><\/div>\n<div class=\" lazy\" role=\"\" data-type=\"bg\" data-id=\"f5e51bfbf0\" data-background-image=\"\" data-loaded=\"true\"><span class=\"xm-text f-bold \" data-key=\"spec_26\" data-type=\"text\" data-id=\"c606b1be51\">6.9&#8243; FHD+ DotDisplay<\/span><span class=\"xm-text f-light \" data-key=\"spec_27\" data-type=\"text\" data-id=\"9d3ed9eaf2\">Resolution: 2340 \u00d7 1080<\/span><span class=\"xm-text f-light \" data-key=\"spec_28\" data-type=\"text\" data-id=\"f748010c82\">PPI 374<\/span><span class=\"xm-text f-light \" data-key=\"spec_29\" data-type=\"text\" data-id=\"155a24cc89\">Refresh rate: Up to 144Hz*<\/span><span class=\"xm-text f-light \" data-key=\"spec_30\" data-type=\"text\" data-id=\"b6e36c5176\">*Refresh rate can be adjusted up to 144Hz for supported apps.<\/span><span class=\"xm-text f-light \" data-key=\"spec_31\" data-type=\"text\" data-id=\"72bf290c92\">Touch sampling rate: Up to 288Hz<\/span><span class=\"xm-text f-light \" data-key=\"spec_32\" data-type=\"text\" data-id=\"bb4fc84991\">Brightness: 700 nits (typ) 850 nits (HBM)<\/span><span class=\"xm-text f-light \" data-key=\"spec_33\" data-type=\"text\" data-id=\"ebc6da7f47\">Contrast ratio: 1400:1<\/span><span class=\"xm-text f-light \" data-key=\"spec_34\" data-type=\"text\" data-id=\"617a0ae0c1\">Color gamut: 85% NTSC<\/span><span class=\"xm-text f-light \" data-key=\"spec_35\" data-type=\"text\" data-id=\"9a4c957f3d\">Reading mode<\/span><span class=\"xm-text f-light \" data-key=\"spec_36\" data-type=\"text\" data-id=\"20b40cde2a\">T\u00dcV Rheinland Low Blue Light (Software Solution) Certified T\u00dcV Rheinland Circadian Friendly Certified T\u00dcV Rheinland Flicker Free Certified<\/span><\/div>\n<div role=\"\" data-type=\"bg\" data-id=\"f5e51bfbf0\" data-background-image=\"\" data-loaded=\"true\"><\/div>\n<\/div>\n<div role=\"\" data-type=\"bg\" data-id=\"f5e51bfbf0\" data-background-image=\"\" data-loaded=\"true\">\n<div class=\" lazy\" role=\"\" data-type=\"bg\" data-id=\"a86bacd642\" data-background-image=\"\" data-loaded=\"true\"><strong><span class=\"xm-text f-bold \" data-key=\"spec_37\" data-type=\"text\" data-id=\"05749aa5e2\">Rear camera<\/span><\/strong><\/div>\n<div role=\"\" data-type=\"bg\" data-id=\"a86bacd642\" data-background-image=\"\" data-loaded=\"true\"><\/div>\n<div class=\" lazy\" role=\"\" data-type=\"bg\" data-id=\"ef4331dc95\" data-background-image=\"\" data-loaded=\"true\"><span class=\"xm-text f-bold \" data-key=\"spec_38\" data-type=\"text\" data-id=\"258c88c1c8\">50MP main camera<\/span><span class=\"xm-text f-light \" data-key=\"spec_39\" data-type=\"text\" data-id=\"51571f5a5b\">5P lens<\/span><span class=\"xm-text f-light \" data-key=\"spec_40\" data-type=\"text\" data-id=\"01a313f7d7\">f\/1.8<\/span><span class=\"xm-text f-light \" data-key=\"spec_41\" data-type=\"text\" data-id=\"7b20074f09\">Film Camera | HDR mode | Night mode | Portrait mode | Time-lapse<\/span><span class=\"xm-text f-bold \" data-key=\"spec_42\" data-type=\"text\" data-id=\"90541475c0\">Rear camera video recording<\/span><span class=\"xm-text f-light \" data-key=\"spec_43\" data-type=\"text\" data-id=\"e66a219a39\">1080p (1920&#215;1080) HD video recording at 30 fps<\/span><span class=\"xm-text f-light \" data-key=\"spec_44\" data-type=\"text\" data-id=\"f7fefec928\">720p (1280&#215;720) HD video recording at 30 fps<\/span><\/div>\n<div role=\"\" data-type=\"bg\" data-id=\"ef4331dc95\" data-background-image=\"\" data-loaded=\"true\"><\/div>\n<div role=\"\" data-type=\"bg\" data-id=\"ef4331dc95\" data-background-image=\"\" data-loaded=\"true\">\n<div class=\" lazy\" role=\"\" data-type=\"bg\" data-id=\"9faff2ad18\" data-background-image=\"\" data-loaded=\"true\"><strong><span class=\"xm-text f-bold \" data-key=\"spec_45\" data-type=\"text\" data-id=\"13d5c4ceec\">Front camera<\/span><\/strong><\/div>\n<div role=\"\" data-type=\"bg\" data-id=\"9faff2ad18\" data-background-image=\"\" data-loaded=\"true\"><\/div>\n<div class=\" lazy\" role=\"\" data-type=\"bg\" data-id=\"2885b6e39a\" data-background-image=\"\" data-loaded=\"true\"><span class=\"xm-text f-bold \" data-key=\"spec_46\" data-type=\"text\" data-id=\"849f56a969\">8MP front camera<\/span><span class=\"xm-text f-light \" data-key=\"spec_47\" data-type=\"text\" data-id=\"1dcccacacb\">f\/2<\/span><span class=\"xm-text f-light \" data-key=\"spec_48\" data-type=\"text\" data-id=\"9184d19480\">Film Camera | HDR mode | Soft-light ring | Portrait mode | Time-lapse<\/span><span class=\"xm-text f-bold \" data-key=\"spec_49\" data-type=\"text\" data-id=\"fb0888d959\">Front camera video recording<\/span><span class=\"xm-text f-light \" data-key=\"spec_50\" data-type=\"text\" data-id=\"09e1cbcba4\">1080p (1920&#215;1080) HD video recording at 30 fps<\/span><span class=\"xm-text f-light \" data-key=\"spec_51\" data-type=\"text\" data-id=\"cf7367120d\">720p (1280&#215;720) HD video recording at 30 fps<\/span><\/div>\n<div role=\"\" data-type=\"bg\" data-id=\"2885b6e39a\" data-background-image=\"\" data-loaded=\"true\"><\/div>\n<div role=\"\" data-type=\"bg\" data-id=\"2885b6e39a\" data-background-image=\"\" data-loaded=\"true\">\n<div class=\" lazy\" role=\"\" data-type=\"bg\" data-id=\"60045c2eea\" data-background-image=\"\" data-loaded=\"true\"><strong><span class=\"xm-text f-bold \" data-key=\"spec_52\" data-type=\"text\" data-id=\"ac56a0461d\">Battery &amp; charging<\/span><\/strong><\/div>\n<div role=\"\" data-type=\"bg\" data-id=\"60045c2eea\" data-background-image=\"\" data-loaded=\"true\"><\/div>\n<div class=\" lazy\" role=\"\" data-type=\"bg\" data-id=\"bbfdbe2119\" data-background-image=\"\" data-loaded=\"true\"><span class=\"xm-text f-light \" data-key=\"spec_53\" data-type=\"text\" data-id=\"4535c816f1\">7000mAh (typ) battery<\/span><span class=\"xm-text f-light \" data-key=\"spec_54\" data-type=\"text\" data-id=\"e2705627e0\">33W fast charging<\/span><span class=\"xm-text f-light \" data-key=\"spec_56\" data-type=\"text\" data-id=\"9461686138\">*No power adapter is included in the box. It is recommended to use a 33W power adapter that supports PD charging or the official Xiaomi 33W power adapter.<\/span><\/div>\n<div role=\"\" data-type=\"bg\" data-id=\"bbfdbe2119\" data-background-image=\"\" data-loaded=\"true\"><\/div>\n<div role=\"\" data-type=\"bg\" data-id=\"bbfdbe2119\" data-background-image=\"\" data-loaded=\"true\">\n<div class=\" lazy\" role=\"\" data-type=\"bg\" data-id=\"82e62d27d8\" data-background-image=\"\" data-loaded=\"true\"><strong><span class=\"xm-text f-bold \" data-key=\"spec_60\" data-type=\"text\" data-id=\"61ab553953\">Network and connectivity<\/span><\/strong><\/div>\n<div role=\"\" data-type=\"bg\" data-id=\"82e62d27d8\" data-background-image=\"\" data-loaded=\"true\"><\/div>\n<div class=\" lazy\" role=\"\" data-type=\"bg\" data-id=\"f29152852a\" data-background-image=\"\" data-loaded=\"true\"><span class=\"xm-text f-light \" data-key=\"spec_61\" data-type=\"text\" data-id=\"cc4a7fa98e\">SIM1 + Hybrid (SIM or microSD)<\/span><span class=\"xm-text f-light \" data-key=\"spec_62\" data-type=\"text\" data-id=\"d51724937b\">2G: GSM:2\/3\/5\/8 3G: WCDMA:1\/2\/4\/5\/6\/8\/19 4G: LTE FDD: 1\/2\/3\/4\/5\/7\/8\/18\/19\/20\/26\/28\/66 4G: LTE TDD: 38\/40\/41<\/span><span class=\"xm-text f-light \" data-key=\"spec_63\" data-type=\"text\" data-id=\"566837c57c\">Wi-Fi: 2.4GHz | 5GHz<\/span><span class=\"xm-text f-light \" data-key=\"spec_64\" data-type=\"text\" data-id=\"2134442211\">Bluetooth 5.0<\/span><\/div>\n<div role=\"\" data-type=\"bg\" data-id=\"f29152852a\" data-background-image=\"\" data-loaded=\"true\"><\/div>\n<div role=\"\" data-type=\"bg\" data-id=\"f29152852a\" data-background-image=\"\" data-loaded=\"true\">\n<div class=\" lazy\" role=\"\" data-type=\"bg\" data-id=\"ec6934b039\" data-background-image=\"\" data-loaded=\"true\"><strong><span class=\"xm-text f-bold \" data-key=\"spec_65\" data-type=\"text\" data-id=\"555898baa9\">Water &amp; Dust Resistance<\/span><\/strong><\/div>\n<div role=\"\" data-type=\"bg\" data-id=\"ec6934b039\" data-background-image=\"\" data-loaded=\"true\"><\/div>\n<div class=\" lazy\" role=\"\" data-type=\"bg\" data-id=\"ab900cc89e\" data-background-image=\"\" data-loaded=\"true\"><span class=\"xm-text f-light \" data-key=\"spec_66\" data-type=\"text\" data-id=\"efb4b95e98\">IP64<\/span><span class=\"xm-text f-light \" data-key=\"spec_67\" data-type=\"text\" data-id=\"eccddc525b\">*The device with IP64 has been tested to be resistant to splashes and dust in the presence of specific laboratory conditions with the classification IP64 ingress protection based on IEC 60529: 1989+A1:1999+A2:2013. Resistance is not permanent and may deteriorate naturally over time. If your device is wet, do not attempt to charge it. The life scene is different from the experimental environment. Do not immerse your smartphone in water completely or expose it to solutions such as seawater and chlorinated water or liquids such as drinks during daily use. Your warranty does not cover the damage caused by man-made immersion of your device in liquid.<\/span><\/div>\n<div role=\"\" data-type=\"bg\" data-id=\"ab900cc89e\" data-background-image=\"\" data-loaded=\"true\"><\/div>\n<\/div>\n<div role=\"\" data-type=\"bg\" data-id=\"ab900cc89e\" data-background-image=\"\" data-loaded=\"true\">\n<div class=\" lazy\" role=\"\" data-type=\"bg\" data-id=\"9566f0b5a6\" data-background-image=\"\" data-loaded=\"true\"><strong><span class=\"xm-text f-bold \" data-key=\"spec_77\" data-type=\"text\" data-id=\"c1fae08dbe\">Operating system<\/span><\/strong><\/div>\n<div role=\"\" data-type=\"bg\" data-id=\"9566f0b5a6\" data-background-image=\"\" data-loaded=\"true\"><\/div>\n<div class=\" lazy\" role=\"\" data-type=\"bg\" data-id=\"c71c0b60db\" data-background-image=\"\" data-loaded=\"true\"><span class=\"xm-text f-light \" data-key=\"spec_78\" data-type=\"text\" data-id=\"53e514753a\">Xiaomi HyperOS 2<\/span><span class=\"xm-text f-light \" data-key=\"spec_79\" data-type=\"text\" data-id=\"e622f08349\">*Availability of Xiaomi HyperOS 2 features, apps and services may vary depending on software version and phone model.<\/span><\/div>\n<\/div>\n<\/div>\n<\/div>\n<\/div>\n<\/div>\n<\/div>\n<div style=\"text-align: left;\" role=\"\" data-type=\"bg\" data-id=\"fe1d48cd25\" data-background-image=\"\" data-loaded=\"true\"><\/div>\n","protected":false},"excerpt":{"rendered":"<blockquote><p>POCO M7, equipped with 7000mAh (typ) battery, 6.9\u201d FHD display, Snapdragon\u00ae 685, and 50MP AI dual camera. Level up your daily use.<\/p>\n<p style=\"text-align: center;\"><strong>RAM : 8GB , ROM : 256GB<\/strong><\/p>\n<\/blockquote>\n","protected":false},"featured_media":7352,"template":"","meta":{"site-sidebar-layout":"default","site-content-layout":"","ast-site-content-layout":"default","site-content-style":"default","site-sidebar-style":"default","ast-global-header-display":"","ast-banner-title-visibility":"","ast-main-header-display":"","ast-hfb-above-header-display":"","ast-hfb-below-header-display":"","ast-hfb-mobile-header-display":"","site-post-title":"","ast-breadcrumbs-content":"","ast-featured-img":"","footer-sml-layout":"","ast-disable-related-posts":"","theme-transparent-header-meta":"default","adv-header-id-meta":"","stick-header-meta":"default","header-above-stick-meta":"","header-main-stick-meta":"","header-below-stick-meta":"","astra-migrate-meta-layouts":"set","ast-page-background-enabled":"default","ast-page-background-meta":{"desktop":{"background-color":"var(--ast-global-color-4)","background-image":"","background-repeat":"repeat","background-position":"center center","background-size":"auto","background-attachment":"scroll","background-type":"","background-media":"","overlay-type":"","overlay-color":"","overlay-opacity":"","overlay-gradient":""},"tablet":{"background-color":"","background-image":"","background-repeat":"repeat","background-position":"center center","background-size":"auto","background-attachment":"scroll","background-type":"","background-media":"","overlay-type":"","overlay-color":"","overlay-opacity":"","overlay-gradient":""},"mobile":{"background-color":"","background-image":"","background-repeat":"repeat","background-position":"center center","background-size":"auto","background-attachment":"scroll","background-type":"","background-media":"","overlay-type":"","overlay-color":"","overlay-opacity":"","overlay-gradient":""}},"ast-content-background-meta":{"desktop":{"background-color":"var(--ast-global-color-5)","background-image":"","background-repeat":"repeat","background-position":"center center","background-size":"auto","background-attachment":"scroll","background-type":"","background-media":"","overlay-type":"","overlay-color":"","overlay-opacity":"","overlay-gradient":""},"tablet":{"background-color":"var(--ast-global-color-5)","background-image":"","background-repeat":"repeat","background-position":"center center","background-size":"auto","background-attachment":"scroll","background-type":"","background-media":"","overlay-type":"","overlay-color":"","overlay-opacity":"","overlay-gradient":""},"mobile":{"background-color":"var(--ast-global-color-5)","background-image":"","background-repeat":"repeat","background-position":"center center","background-size":"auto","background-attachment":"scroll","background-type":"","background-media":"","overlay-type":"","overlay-color":"","overlay-opacity":"","overlay-gradient":""}}},"product_brand":[73],"product_cat":[34,122],"product_tag":[],"class_list":{"0":"post-7351","1":"product","2":"type-product","3":"status-publish","4":"has-post-thumbnail","6":"product_brand-poco","7":"product_cat-mobile-phones","8":"product_cat-poco-m7-series","9":"product_shipping_class-all-products","10":"desktop-align-center","11":"tablet-align-left","12":"mobile-align-left","13":"ast-product-gallery-layout-horizontal","14":"ast-product-single-variable","15":"ast-product-tabs-layout-horizontal","17":"first","18":"instock","19":"shipping-taxable","20":"purchasable","21":"product-type-variable"},"_links":{"self":[{"href":"https:\/\/nazoiq.com\/en\/wp-json\/wp\/v2\/product\/7351","targetHints":{"allow":["GET"]}}],"collection":[{"href":"https:\/\/nazoiq.com\/en\/wp-json\/wp\/v2\/product"}],"about":[{"href":"https:\/\/nazoiq.com\/en\/wp-json\/wp\/v2\/types\/product"}],"version-history":[{"count":6,"href":"https:\/\/nazoiq.com\/en\/wp-json\/wp\/v2\/product\/7351\/revisions"}],"predecessor-version":[{"id":8339,"href":"https:\/\/nazoiq.com\/en\/wp-json\/wp\/v2\/product\/7351\/revisions\/8339"}],"wp:featuredmedia":[{"embeddable":true,"href":"https:\/\/nazoiq.com\/en\/wp-json\/wp\/v2\/media\/7352"}],"wp:attachment":[{"href":"https:\/\/nazoiq.com\/en\/wp-json\/wp\/v2\/media?parent=7351"}],"wp:term":[{"taxonomy":"product_brand","embeddable":true,"href":"https:\/\/nazoiq.com\/en\/wp-json\/wp\/v2\/product_brand?post=7351"},{"taxonomy":"product_cat","embeddable":true,"href":"https:\/\/nazoiq.com\/en\/wp-json\/wp\/v2\/product_cat?post=7351"},{"taxonomy":"product_tag","embeddable":true,"href":"https:\/\/nazoiq.com\/en\/wp-json\/wp\/v2\/product_tag?post=7351"}],"curies":[{"name":"wp","href":"https:\/\/api.w.org\/{rel}","templated":true}]}}