{"id":2632,"date":"2025-04-26T12:18:39","date_gmt":"2025-04-26T12:18:39","guid":{"rendered":"https:\/\/nazoiq.com\/?post_type=product&#038;p=2632"},"modified":"2026-03-24T07:07:40","modified_gmt":"2026-03-24T07:07:40","slug":"redmi-pad-pro-6gb128gb","status":"publish","type":"product","link":"https:\/\/nazoiq.com\/ku\/product\/redmi-pad-pro-6gb128gb\/","title":{"rendered":"Redmi Pad Pro (6GB+128GB)"},"content":{"rendered":"<table border=\"1\" width=\"auto\" cellspacing=\"0\">\n<tbody>\n<tr>\n<td width=\"100\">BERAN<\/td>\n<td width=\"442\">6 GB<\/td>\n<\/tr>\n<tr>\n<td width=\"100\">ROM<\/td>\n<td width=\"442\">128 GB<\/td>\n<\/tr>\n<tr>\n<td width=\"100\">Reng<\/td>\n<td width=\"442\">Grey, Green<\/td>\n<\/tr>\n<tr>\n<td width=\"100\">Mezinahiya Ekran\u00ea<\/td>\n<td width=\"442\">12.1 inches<\/td>\n<\/tr>\n<tr>\n<td width=\"100\">Brand<\/td>\n<td width=\"442\">Xiaomi<\/td>\n<\/tr>\n<tr>\n<td width=\"100\">P\u00eeksel\u00ea Kameray\u00ea<\/td>\n<td width=\"442\">8 MP<\/td>\n<\/tr>\n<tr>\n<td width=\"100\">Mob\u00eel<\/td>\n<td width=\"442\">Net\u00fb<\/td>\n<\/tr>\n<tr>\n<td width=\"100\">Mezinahiya P\u00eel\u00ea<\/td>\n<td width=\"442\">10000mAh<\/td>\n<\/tr>\n<tr>\n<td width=\"100\">CPU<\/td>\n<td width=\"442\">Snapdragon 7s Gen 2<\/td>\n<\/tr>\n<\/tbody>\n<\/table>","protected":false},"excerpt":{"rendered":"<blockquote>\n<p style=\"text-align: center;\"><strong>RAM: 6 GB,ROM: 128 GB<\/strong><\/p>\n<p style=\"text-align: center;\">\n<p style=\"text-align: center;\">\n<\/blockquote>","protected":false},"featured_media":2629,"template":"","meta":{"site-sidebar-layout":"default","site-content-layout":"","ast-site-content-layout":"default","site-content-style":"default","site-sidebar-style":"default","ast-global-header-display":"","ast-banner-title-visibility":"","ast-main-header-display":"","ast-hfb-above-header-display":"","ast-hfb-below-header-display":"","ast-hfb-mobile-header-display":"","site-post-title":"","ast-breadcrumbs-content":"","ast-featured-img":"","footer-sml-layout":"","ast-disable-related-posts":"","theme-transparent-header-meta":"default","adv-header-id-meta":"","stick-header-meta":"default","header-above-stick-meta":"","header-main-stick-meta":"","header-below-stick-meta":"","astra-migrate-meta-layouts":"set","ast-page-background-enabled":"default","ast-page-background-meta":{"desktop":{"background-color":"var(--ast-global-color-4)","background-image":"","background-repeat":"repeat","background-position":"center center","background-size":"auto","background-attachment":"scroll","background-type":"","background-media":"","overlay-type":"","overlay-color":"","overlay-opacity":"","overlay-gradient":""},"tablet":{"background-color":"","background-image":"","background-repeat":"repeat","background-position":"center center","background-size":"auto","background-attachment":"scroll","background-type":"","background-media":"","overlay-type":"","overlay-color":"","overlay-opacity":"","overlay-gradient":""},"mobile":{"background-color":"","background-image":"","background-repeat":"repeat","background-position":"center center","background-size":"auto","background-attachment":"scroll","background-type":"","background-media":"","overlay-type":"","overlay-color":"","overlay-opacity":"","overlay-gradient":""}},"ast-content-background-meta":{"desktop":{"background-color":"var(--ast-global-color-5)","background-image":"","background-repeat":"repeat","background-position":"center center","background-size":"auto","background-attachment":"scroll","background-type":"","background-media":"","overlay-type":"","overlay-color":"","overlay-opacity":"","overlay-gradient":""},"tablet":{"background-color":"var(--ast-global-color-5)","background-image":"","background-repeat":"repeat","background-position":"center center","background-size":"auto","background-attachment":"scroll","background-type":"","background-media":"","overlay-type":"","overlay-color":"","overlay-opacity":"","overlay-gradient":""},"mobile":{"background-color":"var(--ast-global-color-5)","background-image":"","background-repeat":"repeat","background-position":"center center","background-size":"auto","background-attachment":"scroll","background-type":"","background-media":"","overlay-type":"","overlay-color":"","overlay-opacity":"","overlay-gradient":""}}},"product_brand":[53],"product_cat":[35],"product_tag":[],"class_list":{"0":"post-2632","1":"product","2":"type-product","3":"status-publish","4":"has-post-thumbnail","6":"product_brand-xiaomi","7":"product_cat-tablets","8":"product_shipping_class-all-products","9":"desktop-align-center","10":"tablet-align-left","11":"mobile-align-left","12":"ast-product-gallery-layout-horizontal","13":"ast-product-single-variable","14":"ast-product-tabs-layout-horizontal","16":"first","17":"instock","18":"purchasable","19":"product-type-variable","20":"has-default-attributes"},"_links":{"self":[{"href":"https:\/\/nazoiq.com\/ku\/wp-json\/wp\/v2\/product\/2632","targetHints":{"allow":["GET"]}}],"collection":[{"href":"https:\/\/nazoiq.com\/ku\/wp-json\/wp\/v2\/product"}],"about":[{"href":"https:\/\/nazoiq.com\/ku\/wp-json\/wp\/v2\/types\/product"}],"version-history":[{"count":5,"href":"https:\/\/nazoiq.com\/ku\/wp-json\/wp\/v2\/product\/2632\/revisions"}],"predecessor-version":[{"id":9347,"href":"https:\/\/nazoiq.com\/ku\/wp-json\/wp\/v2\/product\/2632\/revisions\/9347"}],"wp:featuredmedia":[{"embeddable":true,"href":"https:\/\/nazoiq.com\/ku\/wp-json\/wp\/v2\/media\/2629"}],"wp:attachment":[{"href":"https:\/\/nazoiq.com\/ku\/wp-json\/wp\/v2\/media?parent=2632"}],"wp:term":[{"taxonomy":"product_brand","embeddable":true,"href":"https:\/\/nazoiq.com\/ku\/wp-json\/wp\/v2\/product_brand?post=2632"},{"taxonomy":"product_cat","embeddable":true,"href":"https:\/\/nazoiq.com\/ku\/wp-json\/wp\/v2\/product_cat?post=2632"},{"taxonomy":"product_tag","embeddable":true,"href":"https:\/\/nazoiq.com\/ku\/wp-json\/wp\/v2\/product_tag?post=2632"}],"curies":[{"name":"wp","href":"https:\/\/api.w.org\/{rel}","templated":true}]}}