{"id":3926,"date":"2025-05-19T02:51:17","date_gmt":"2025-05-19T02:51:17","guid":{"rendered":"https:\/\/nazoiq.com\/product\/55462-xiaomi-smart-band-9-arctic-blue\/"},"modified":"2026-03-24T06:52:53","modified_gmt":"2026-03-24T06:52:53","slug":"55462-xiaomi-smart-band-9-arctic-blue","status":"publish","type":"product","link":"https:\/\/nazoiq.com\/ku\/product\/55462-xiaomi-smart-band-9-arctic-blue\/","title":{"rendered":"Xiaomi Smart Band 9 \u015e\u00een a Arkt\u00eek"},"content":{"rendered":"<div class=\"lazy\" data-type=\"bg\" data-id=\"fed1408a37\" data-background-image=\"\" data-loaded=\"true\">\n<p><span class=\"xm-text f-bold\" data-key=\"spec_1\" data-type=\"text\" data-id=\"bdbb6edc38\">Dimensions<\/span><\/p>\n<div class=\"lazy\" data-type=\"bg\" data-id=\"6a0f9f83b6\" data-background-image=\"\" data-loaded=\"true\">\n<div class=\"lazy\" data-type=\"bg\" data-id=\"cdbc9cc082\" data-background-image=\"\" data-loaded=\"true\"><span class=\"xm-text f-bold\" data-key=\"spec_2\" data-type=\"text\" data-id=\"b9d92825f8\">46.53 x 21.63 x 10.95 mm<\/span><\/div>\n<div class=\"lazy\" data-type=\"bg\" data-id=\"318ae86982\" data-background-image=\"\" data-loaded=\"true\"><span class=\"xm-text f-light\" data-key=\"spec_3\" data-type=\"text\" data-id=\"71cfa77783\">*Height, width and thickness dimensions exclude the strap and protrusions<\/span><\/div>\n<div class=\"lazy\" data-type=\"bg\" data-id=\"4220ce7220\" data-background-image=\"\" data-loaded=\"true\"><span class=\"xm-text f-regular\" data-key=\"spec_4\" data-type=\"text\" data-id=\"95c192a483\">Weight:<\/span><span class=\"xm-text f-light\" data-key=\"spec_5\" data-type=\"text\" data-id=\"f22493dd52\">15.8g (without strap)<\/span><\/div>\n<\/div>\n<\/div>\n<div class=\"lazy\" data-type=\"bg\" data-id=\"636ebaba97\" data-background-image=\"\" data-loaded=\"true\">\n<p><span class=\"xm-text f-bold\" data-key=\"spec_6\" data-type=\"text\" data-id=\"f2b6314b94\">Band Strap<\/span><\/p>\n<div class=\"lazy\" data-type=\"bg\" data-id=\"783814dc5b\" data-background-image=\"\" data-loaded=\"true\">\n<div class=\"lazy\" data-type=\"bg\" data-id=\"88383e5c7f\" data-background-image=\"\" data-loaded=\"true\"><span class=\"xm-text f-regular\" data-key=\"spec_7\" data-type=\"text\" data-id=\"3f698bef48\">Size:<\/span><span class=\"xm-text f-light\" data-key=\"spec_8\" data-type=\"text\" data-id=\"5b449600e2\">135\u2013210 mm<\/span><\/div>\n<div class=\"lazy\" data-type=\"bg\" data-id=\"5916b492c4\" data-background-image=\"\" data-loaded=\"true\"><span class=\"xm-text f-regular\" data-key=\"spec_9\" data-type=\"text\" data-id=\"8313b06111\">Material:<\/span><span class=\"xm-text f-light\" data-key=\"spec_10\" data-type=\"text\" data-id=\"0dc3920509\">TPU<\/span><\/div>\n<div class=\"lazy\" data-type=\"bg\" data-id=\"8371d23031\" data-background-image=\"\" data-loaded=\"true\"><span class=\"xm-text f-regular\" data-key=\"spec_11\" data-type=\"text\" data-id=\"e1a914ff3f\">Reng:<\/span><span class=\"xm-text f-light\" data-key=\"spec_12\" data-type=\"text\" data-id=\"376f3ff022\">Midnight Black | Glacier Silver | Mystic Rose | Arctic Blue | Titan Gray<\/span><\/div>\n<\/div>\n<\/div>\n<div class=\"lazy\" data-type=\"bg\" data-id=\"6854f50d67\" data-background-image=\"\" data-loaded=\"true\">\n<p><span class=\"xm-text f-bold\" data-key=\"spec_13\" data-type=\"text\" data-id=\"930ac5a056\">Display<\/span><\/p>\n<div class=\"lazy\" data-type=\"bg\" data-id=\"f0790d79f2\" data-background-image=\"\" data-loaded=\"true\">\n<div class=\"lazy\" data-type=\"bg\" data-id=\"636229ef9a\" data-background-image=\"\" data-loaded=\"true\"><span class=\"xm-text f-light\" data-key=\"spec_14\" data-type=\"text\" data-id=\"65cd56417d\">1.62-inch AMOLED Touch Display<\/span><\/div>\n<div class=\"lazy\" data-type=\"bg\" data-id=\"d2d8340338\" data-background-image=\"\" data-loaded=\"true\"><span class=\"xm-text f-regular\" data-key=\"spec_15\" data-type=\"text\" data-id=\"4c0f922c1b\">Resolution:<\/span><span class=\"xm-text f-light\" data-key=\"spec_16\" data-type=\"text\" data-id=\"d2f79a3024\">192 x 490 pixels<\/span><\/div>\n<div class=\"lazy\" data-type=\"bg\" data-id=\"e2ad96d014\" data-background-image=\"\" data-loaded=\"true\"><span class=\"xm-text f-regular\" data-key=\"spec_17\" data-type=\"text\" data-id=\"2534654c55\">Brightness:<\/span><span class=\"xm-text f-light\" data-key=\"spec_18\" data-type=\"text\" data-id=\"362cda2ee9\">Up to 1200 nits, adjustable<\/span><\/div>\n<\/div>\n<\/div>\n<div class=\"lazy\" data-type=\"bg\" data-id=\"44d6afb8ba\" data-background-image=\"\" data-loaded=\"true\">\n<p><span class=\"xm-text f-bold\" data-key=\"spec_19\" data-type=\"text\" data-id=\"f9aed79e8b\">Battery<\/span><\/p>\n<div class=\"lazy\" data-type=\"bg\" data-id=\"e74d35b79e\" data-background-image=\"\" data-loaded=\"true\">\n<div class=\"lazy\" data-type=\"bg\" data-id=\"14b1c4b82f\" data-background-image=\"\" data-loaded=\"true\"><span class=\"xm-text f-regular\" data-key=\"spec_20\" data-type=\"text\" data-id=\"5fca214537\">Charging type:<\/span><span class=\"xm-text f-light\" data-key=\"spec_21\" data-type=\"text\" data-id=\"a2795eb54e\">Magnetic charging<\/span><\/div>\n<div class=\"lazy\" data-type=\"bg\" data-id=\"3979d134ca\" data-background-image=\"\" data-loaded=\"true\"><span class=\"xm-text f-regular\" data-key=\"spec_22\" data-type=\"text\" data-id=\"abf5f9a724\">Charging time:<\/span><span class=\"xm-text f-light\" data-key=\"spec_23\" data-type=\"text\" data-id=\"573ffb3711\">Approx. 1 hour<\/span><\/div>\n<div class=\"lazy\" data-type=\"bg\" data-id=\"7ad749b81a\" data-background-image=\"\" data-loaded=\"true\"><span class=\"xm-text f-regular\" data-key=\"spec_24\" data-type=\"text\" data-id=\"0e6a37832b\">Typical usage time:<\/span><span class=\"xm-text f-light\" data-key=\"spec_25\" data-type=\"text\" data-id=\"a4a3bfd120\">Up to 21 days<\/span><\/div>\n<div class=\"lazy\" data-type=\"bg\" data-id=\"aa99039c25\" data-background-image=\"\" data-loaded=\"true\"><span class=\"xm-text f-regular\" data-key=\"spec_26\" data-type=\"text\" data-id=\"500fe15a79\">Nominal Capacity:<\/span><span class=\"xm-text f-light\" data-key=\"spec_27\" data-type=\"text\" data-id=\"874d5d4d02\">233mAh<\/span><\/div>\n<\/div>\n<\/div>\n<div class=\"lazy\" data-type=\"bg\" data-id=\"3af823252d\" data-background-image=\"\" data-loaded=\"true\">\n<p><span class=\"xm-text f-bold\" data-key=\"spec_28\" data-type=\"text\" data-id=\"d7f1286307\">Sensors<\/span><\/p>\n<div class=\"lazy\" data-type=\"bg\" data-id=\"7799fd33af\" data-background-image=\"\" data-loaded=\"true\">\n<div class=\"lazy\" data-type=\"bg\" data-id=\"d55d331cb5\" data-background-image=\"\" data-loaded=\"true\"><span class=\"xm-text f-light\" data-key=\"spec_29\" data-type=\"text\" data-id=\"e897c86bf5\">Accelerometer sensor \/ Gyroscope sensor \/ Optical heart rate sensor \/ Ambient light sensor<\/span><\/div>\n<\/div>\n<\/div>\n<div class=\"lazy\" data-type=\"bg\" data-id=\"971fc347c0\" data-background-image=\"\" data-loaded=\"true\">\n<p><span class=\"xm-text f-bold\" data-key=\"spec_30\" data-type=\"text\" data-id=\"1084fc72aa\">Specifications<\/span><\/p>\n<div class=\"lazy\" data-type=\"bg\" data-id=\"14c3229ec6\" data-background-image=\"\" data-loaded=\"true\">\n<div class=\"lazy\" data-type=\"bg\" data-id=\"5a22788aa8\" data-background-image=\"\" data-loaded=\"true\"><span class=\"xm-text f-light\" data-key=\"spec_31\" data-type=\"text\" data-id=\"a67c84d950\">5ATM water resistant<\/span><\/div>\n<div class=\"lazy\" data-type=\"bg\" data-id=\"e0c3da217b\" data-background-image=\"\" data-loaded=\"true\"><span class=\"xm-text f-light\" data-key=\"spec_32\" data-type=\"text\" data-id=\"e6fd9f26af\">App: Mi Fitness<\/span><\/div>\n<div class=\"lazy\" data-type=\"bg\" data-id=\"4b0dbf9036\" data-background-image=\"\" data-loaded=\"true\"><span class=\"xm-text f-light\" data-key=\"spec_33\" data-type=\"text\" data-id=\"fb54d7bfae\">Motor: Linear motor<\/span><\/div>\n<div class=\"lazy\" data-type=\"bg\" data-id=\"6811ba46cd\" data-background-image=\"\" data-loaded=\"true\"><span class=\"xm-text f-light\" data-key=\"spec_34\" data-type=\"text\" data-id=\"b2c1db00b2\">Compatibility: Supports smartphones with Android 8.0 or iOS 12.0 and above<\/span><\/div>\n<\/div>\n<\/div>\n<div class=\"lazy\" data-type=\"bg\" data-id=\"08a92957a2\" data-background-image=\"\" data-loaded=\"true\">\n<p><span class=\"xm-text f-bold\" data-key=\"spec_35\" data-type=\"text\" data-id=\"87f4cffab1\">Package contents<\/span><\/p>\n<div class=\"lazy\" data-type=\"bg\" data-id=\"b51de5d51c\" data-background-image=\"\" data-loaded=\"true\">\n<div class=\"lazy\" data-type=\"bg\" data-id=\"148aaa3c4d\" data-background-image=\"\" data-loaded=\"true\"><span class=\"xm-text f-light\" data-key=\"spec_36\" data-type=\"text\" data-id=\"a490ccb918\">Xiaomi Smart Band 9 \/ Magnetic charging cable \/ User manual<\/span><\/div>\n<\/div>\n<\/div>","protected":false},"excerpt":{"rendered":"<p>Dimensions 46.53 x 21.63 x 10.95 mm *Height, width and thickness dimensions exclude the strap and protrusions Weight:15.8g (without strap) Band Strap Size:135\u2013210 mm Material:TPU Color:Midnight Black | Glacier Silver | Mystic Rose | Arctic Blue | Titan Gray Display 1.62-inch AMOLED Touch Display Resolution:192 x 490 pixels Brightness:Up to 1200 nits, adjustable Battery Charging [&hellip;]<\/p>\n","protected":false},"featured_media":4493,"template":"","meta":{"site-sidebar-layout":"default","site-content-layout":"","ast-site-content-layout":"default","site-content-style":"default","site-sidebar-style":"default","ast-global-header-display":"","ast-banner-title-visibility":"","ast-main-header-display":"","ast-hfb-above-header-display":"","ast-hfb-below-header-display":"","ast-hfb-mobile-header-display":"","site-post-title":"","ast-breadcrumbs-content":"","ast-featured-img":"","footer-sml-layout":"","ast-disable-related-posts":"","theme-transparent-header-meta":"default","adv-header-id-meta":"","stick-header-meta":"default","header-above-stick-meta":"","header-main-stick-meta":"","header-below-stick-meta":"","astra-migrate-meta-layouts":"set","ast-page-background-enabled":"default","ast-page-background-meta":{"desktop":{"background-color":"var(--ast-global-color-4)","background-image":"","background-repeat":"repeat","background-position":"center center","background-size":"auto","background-attachment":"scroll","background-type":"","background-media":"","overlay-type":"","overlay-color":"","overlay-opacity":"","overlay-gradient":""},"tablet":{"background-color":"","background-image":"","background-repeat":"repeat","background-position":"center center","background-size":"auto","background-attachment":"scroll","background-type":"","background-media":"","overlay-type":"","overlay-color":"","overlay-opacity":"","overlay-gradient":""},"mobile":{"background-color":"","background-image":"","background-repeat":"repeat","background-position":"center center","background-size":"auto","background-attachment":"scroll","background-type":"","background-media":"","overlay-type":"","overlay-color":"","overlay-opacity":"","overlay-gradient":""}},"ast-content-background-meta":{"desktop":{"background-color":"var(--ast-global-color-5)","background-image":"","background-repeat":"repeat","background-position":"center center","background-size":"auto","background-attachment":"scroll","background-type":"","background-media":"","overlay-type":"","overlay-color":"","overlay-opacity":"","overlay-gradient":""},"tablet":{"background-color":"var(--ast-global-color-5)","background-image":"","background-repeat":"repeat","background-position":"center center","background-size":"auto","background-attachment":"scroll","background-type":"","background-media":"","overlay-type":"","overlay-color":"","overlay-opacity":"","overlay-gradient":""},"mobile":{"background-color":"var(--ast-global-color-5)","background-image":"","background-repeat":"repeat","background-position":"center center","background-size":"auto","background-attachment":"scroll","background-type":"","background-media":"","overlay-type":"","overlay-color":"","overlay-opacity":"","overlay-gradient":""}}},"product_brand":[53],"product_cat":[49,36],"product_tag":[],"class_list":{"0":"post-3926","1":"product","2":"type-product","3":"status-publish","4":"has-post-thumbnail","6":"product_brand-xiaomi","7":"product_cat-mobile-accessories","8":"product_cat-smart-watches","9":"product_shipping_class-all-products","10":"desktop-align-center","11":"tablet-align-left","12":"mobile-align-left","13":"ast-product-gallery-layout-horizontal","14":"ast-product-tabs-layout-horizontal","16":"first","17":"instock","18":"purchasable","19":"product-type-simple"},"_links":{"self":[{"href":"https:\/\/nazoiq.com\/ku\/wp-json\/wp\/v2\/product\/3926","targetHints":{"allow":["GET"]}}],"collection":[{"href":"https:\/\/nazoiq.com\/ku\/wp-json\/wp\/v2\/product"}],"about":[{"href":"https:\/\/nazoiq.com\/ku\/wp-json\/wp\/v2\/types\/product"}],"version-history":[{"count":4,"href":"https:\/\/nazoiq.com\/ku\/wp-json\/wp\/v2\/product\/3926\/revisions"}],"predecessor-version":[{"id":7739,"href":"https:\/\/nazoiq.com\/ku\/wp-json\/wp\/v2\/product\/3926\/revisions\/7739"}],"wp:featuredmedia":[{"embeddable":true,"href":"https:\/\/nazoiq.com\/ku\/wp-json\/wp\/v2\/media\/4493"}],"wp:attachment":[{"href":"https:\/\/nazoiq.com\/ku\/wp-json\/wp\/v2\/media?parent=3926"}],"wp:term":[{"taxonomy":"product_brand","embeddable":true,"href":"https:\/\/nazoiq.com\/ku\/wp-json\/wp\/v2\/product_brand?post=3926"},{"taxonomy":"product_cat","embeddable":true,"href":"https:\/\/nazoiq.com\/ku\/wp-json\/wp\/v2\/product_cat?post=3926"},{"taxonomy":"product_tag","embeddable":true,"href":"https:\/\/nazoiq.com\/ku\/wp-json\/wp\/v2\/product_tag?post=3926"}],"curies":[{"name":"wp","href":"https:\/\/api.w.org\/{rel}","templated":true}]}}