{"id":3984,"date":"2025-05-19T02:51:23","date_gmt":"2025-05-19T02:51:23","guid":{"rendered":"https:\/\/nazoiq.com\/product\/55404-xiaomi-router-ax3000t-eu\/"},"modified":"2026-03-24T07:04:58","modified_gmt":"2026-03-24T07:04:58","slug":"55404-xiaomi-router-ax3000t-eu","status":"publish","type":"product","link":"https:\/\/nazoiq.com\/ku\/product\/55404-xiaomi-router-ax3000t-eu\/","title":{"rendered":"Xiaomi Router AX3000T"},"content":{"rendered":"<div class=\"lazy\" data-type=\"bg\" data-id=\"2bc77d9f05\" data-background-image=\"\" data-loaded=\"true\">\n<div class=\"lazy\" data-type=\"bg\" data-id=\"fc1a86b37c\" data-background-image=\"\" data-loaded=\"true\"><span class=\"xm-text f-bold\" data-key=\"spec_1\" data-type=\"text\" data-id=\"03d298dc08\">Product Specifications<\/span><\/div>\n<div class=\"lazy\" data-type=\"bg\" data-id=\"a5eae8e0fd\" data-background-image=\"\" data-loaded=\"true\">\n<div class=\"lazy\" data-type=\"bg\" data-id=\"f4e9c633a6\" data-background-image=\"\" data-loaded=\"true\"><span class=\"xm-text f-bold\" data-key=\"spec_2\" data-type=\"text\" data-id=\"21384ff053\">Dimensions<\/span><span class=\"xm-text f-regular\" data-key=\"spec_3\" data-type=\"text\" data-id=\"2f8ab9214c\">225mm \u00d7 172mm \u00d7 208.8mm<\/span><\/div>\n<div class=\"lazy\" data-type=\"bg\" data-id=\"ce46f58811\" data-background-image=\"\" data-loaded=\"true\"><span class=\"xm-text f-bold\" data-key=\"spec_4\" data-type=\"text\" data-id=\"c0a7f80731\">Colors<\/span><span class=\"xm-text f-regular\" data-key=\"spec_5\" data-type=\"text\" data-id=\"fb973301a2\">Sp\u00ee<\/span><\/div>\n<\/div>\n<\/div>\n<div class=\"lazy\" data-type=\"bg\" data-id=\"64f0b4bc5b\" data-background-image=\"\" data-loaded=\"true\">\n<div class=\"lazy\" data-type=\"bg\" data-id=\"9ff540a4b2\" data-background-image=\"\" data-loaded=\"true\"><span class=\"xm-text f-bold\" data-key=\"spec_6\" data-type=\"text\" data-id=\"8e001286eb\">Hardware Configuration<\/span><\/div>\n<div class=\"lazy\" data-type=\"bg\" data-id=\"b081220fe3\" data-background-image=\"\" data-loaded=\"true\">\n<div class=\"lazy\" data-type=\"bg\" data-id=\"447d79b5cd\" data-background-image=\"\" data-loaded=\"true\"><span class=\"xm-text f-bold\" data-key=\"spec_7\" data-type=\"text\" data-id=\"07faf2fdf9\">2.4G Wi-Fi<\/span><span class=\"xm-text f-regular\" data-key=\"spec_8\" data-type=\"text\" data-id=\"69420eeeb9\">2\u00d72 (supports up to IEEE 802.11ax protocol, the theoretical maximum rate is 574Mbps)<\/span><\/div>\n<div class=\"lazy\" data-type=\"bg\" data-id=\"1c9d3cbfd6\" data-background-image=\"\" data-loaded=\"true\"><span class=\"xm-text f-bold\" data-key=\"spec_9\" data-type=\"text\" data-id=\"3c563da068\">5GHz Wi-Fi<\/span><span class=\"xm-text f-regular\" data-key=\"spec_10\" data-type=\"text\" data-id=\"5a650a5495\">2\u00d72 (supports up to IEEE 802.11ax protocol, the theoretical maximum rate is 2402Mbps)<\/span><\/div>\n<div class=\"lazy\" data-type=\"bg\" data-id=\"dd98758d26\" data-background-image=\"\" data-loaded=\"true\"><span class=\"xm-text f-bold\" data-key=\"spec_11\" data-type=\"text\" data-id=\"a8cdcee096\">Antennas<\/span><span class=\"xm-text f-regular\" data-key=\"spec_12\" data-type=\"text\" data-id=\"2c671e130d\">4 \u00d7 High gain antennas<\/span><\/div>\n<div class=\"lazy\" data-type=\"bg\" data-id=\"ac4b4ce71a\" data-background-image=\"\" data-loaded=\"true\"><span class=\"xm-text f-bold\" data-key=\"spec_13\" data-type=\"text\" data-id=\"d4ed4ae496\">Heat Dissipation<\/span><span class=\"xm-text f-regular\" data-key=\"spec_14\" data-type=\"text\" data-id=\"d8ace5f780\">Natural heat dissipation<\/span><\/div>\n<div class=\"lazy\" data-type=\"bg\" data-id=\"1f1d4abf15\" data-background-image=\"\" data-loaded=\"true\"><span class=\"xm-text f-bold\" data-key=\"spec_15\" data-type=\"text\" data-id=\"cec1a45e23\">Total Ports<\/span><span class=\"xm-text f-regular\" data-key=\"spec_16\" data-type=\"text\" data-id=\"07c3ea7605\">4 \u00d7 10\/100\/1000Mbps self-adaptive WAN\/LAN port (Auto MDI\/MDIX)<\/span><\/div>\n<div class=\"lazy\" data-type=\"bg\" data-id=\"06f8100fe4\" data-background-image=\"\" data-loaded=\"true\"><span class=\"xm-text f-bold\" data-key=\"spec_17\" data-type=\"text\" data-id=\"c27aabe912\">LED Indicator Light<\/span><span class=\"xm-text f-regular\" data-key=\"spec_18\" data-type=\"text\" data-id=\"0a80203593\">Single light<\/span><\/div>\n<div class=\"lazy\" data-type=\"bg\" data-id=\"98a90423da\" data-background-image=\"\" data-loaded=\"true\"><span class=\"xm-text f-bold\" data-key=\"spec_19\" data-type=\"text\" data-id=\"cbbd22e6a7\">System Reset Button<\/span><span class=\"xm-text f-regular\" data-key=\"spec_20\" data-type=\"text\" data-id=\"9e5ceca578\">\u00d7 1<\/span><\/div>\n<div class=\"lazy\" data-type=\"bg\" data-id=\"66fcb0d4fe\" data-background-image=\"\" data-loaded=\"true\"><span class=\"xm-text f-bold\" data-key=\"spec_21\" data-type=\"text\" data-id=\"55855d7821\">Mesh Networking Button<\/span><span class=\"xm-text f-regular\" data-key=\"spec_22\" data-type=\"text\" data-id=\"4de223d1d0\">\u00d7 1<\/span><\/div>\n<div class=\"lazy\" data-type=\"bg\" data-id=\"ec1eec5b7f\" data-background-image=\"\" data-loaded=\"true\"><span class=\"xm-text f-bold\" data-key=\"spec_23\" data-type=\"text\" data-id=\"279aa166f3\">Power Input Port<\/span><span class=\"xm-text f-regular\" data-key=\"spec_24\" data-type=\"text\" data-id=\"723d3d8338\">\u00d7 1<\/span><\/div>\n<div class=\"lazy\" data-type=\"bg\" data-id=\"888862c81a\" data-background-image=\"\" data-loaded=\"true\"><span class=\"xm-text f-bold\" data-key=\"spec_25\" data-type=\"text\" data-id=\"49eb8c1a94\">Protocol Standards<\/span><span class=\"xm-text f-regular\" data-key=\"spec_26\" data-type=\"text\" data-id=\"877ab2599e\">IEEE 802.11a\/b\/g\/n\/ac\/ax, IEEE 802.3\/3u\/3ab<\/span><\/div>\n<\/div>\n<\/div>\n<div class=\"lazy\" data-type=\"bg\" data-id=\"377902a9e9\" data-background-image=\"\" data-loaded=\"true\">\n<div class=\"lazy\" data-type=\"bg\" data-id=\"b79a8680b0\" data-background-image=\"\" data-loaded=\"true\"><span class=\"xm-text f-bold\" data-key=\"spec_27\" data-type=\"text\" data-id=\"14aad5f934\">Wireless Specifications<\/span><\/div>\n<div class=\"lazy\" data-type=\"bg\" data-id=\"0f010f910d\" data-background-image=\"\" data-loaded=\"true\">\n<div class=\"lazy\" data-type=\"bg\" data-id=\"9335112096\" data-background-image=\"\" data-loaded=\"true\"><span class=\"xm-text f-bold\" data-key=\"spec_28\" data-type=\"text\" data-id=\"e7b452a5b7\">Dual-band<\/span><span class=\"xm-text f-regular\" data-key=\"spec_29\" data-type=\"text\" data-id=\"f953e5b6a5\">2.4GHz, 5GHz<\/span><\/div>\n<div class=\"lazy\" data-type=\"bg\" data-id=\"9e468fa40a\" data-background-image=\"\" data-loaded=\"true\"><span class=\"xm-text f-bold\" data-key=\"spec_30\" data-type=\"text\" data-id=\"e5292d33f5\">Modulation<\/span><\/div>\n<div class=\"lazy\" data-type=\"bg\" data-id=\"2f46c866a1\" data-background-image=\"\" data-loaded=\"true\"><span class=\"xm-text f-regular\" data-key=\"spec_31\" data-type=\"text\" data-id=\"9d5602b33b\">11b: DSSS: DBPSK (1Mbps), DQPSK (2Mbps), CCK (5.5\/11Mbps)<\/span><\/div>\n<div class=\"lazy\" data-type=\"bg\" data-id=\"586cb10422\" data-background-image=\"\" data-loaded=\"true\"><span class=\"xm-text f-regular\" data-key=\"spec_32\" data-type=\"text\" data-id=\"f5ec388a8f\">11a\/g: OFDM: BPSK (6\/9Mbps), QPSK (12\/18Mbps), 16QAM (24\/36Mbps), 64QAM (48\/54Mbps)<\/span><\/div>\n<div class=\"lazy\" data-type=\"bg\" data-id=\"3f9b6e827a\" data-background-image=\"\" data-loaded=\"true\"><span class=\"xm-text f-regular\" data-key=\"spec_33\" data-type=\"text\" data-id=\"6f59326cee\">11n: MIMO-OFDM: BPSK, QPSK, 16QAM, 64QAM. Data rate: MCS0-MCS15<\/span><\/div>\n<div class=\"lazy\" data-type=\"bg\" data-id=\"d555e09998\" data-background-image=\"\" data-loaded=\"true\"><span class=\"xm-text f-regular\" data-key=\"spec_34\" data-type=\"text\" data-id=\"98c10ff888\">11ac: MIMO-OFDM: BPSK, QPSK, 16QAM, 64QAM, 256QAM<\/span><\/div>\n<div class=\"lazy\" data-type=\"bg\" data-id=\"3b87ebe3f3\" data-background-image=\"\" data-loaded=\"true\"><span class=\"xm-text f-regular\" data-key=\"spec_35\" data-type=\"text\" data-id=\"ef0dd52d8a\">11ax: MIMO-OFDM: BPSK, QPSK, 16QAM, 64QAM, 256QAM, 1024QAM<\/span><\/div>\n<div class=\"lazy\" data-type=\"bg\" data-id=\"7a9ec7465f\" data-background-image=\"\" data-loaded=\"true\"><span class=\"xm-text f-regular\" data-key=\"spec_36\" data-type=\"text\" data-id=\"c94a8d2d3b\">Data rates: MCS0-MCS11 (supports 2 streams)<\/span><\/div>\n<\/div>\n<\/div>\n<div class=\"lazy\" data-type=\"bg\" data-id=\"b932c1a73a\" data-background-image=\"\" data-loaded=\"true\">\n<div class=\"lazy\" data-type=\"bg\" data-id=\"49883ef6c7\" data-background-image=\"\" data-loaded=\"true\"><span class=\"xm-text f-bold\" data-key=\"spec_37\" data-type=\"text\" data-id=\"4f1b7fb751\">Software Specifications<\/span><\/div>\n<div class=\"lazy\" data-type=\"bg\" data-id=\"7ea24931f5\" data-background-image=\"\" data-loaded=\"true\">\n<div class=\"lazy\" data-type=\"bg\" data-id=\"0a75170e27\" data-background-image=\"\" data-loaded=\"true\"><span class=\"xm-text f-bold\" data-key=\"spec_38\" data-type=\"text\" data-id=\"a7d8a0ba2e\">Operating System<\/span><span class=\"xm-text f-regular\" data-key=\"spec_39\" data-type=\"text\" data-id=\"ec83b20374\">MiWiFi ROM<\/span><\/div>\n<div class=\"lazy\" data-type=\"bg\" data-id=\"c3e9717ab5\" data-background-image=\"\" data-loaded=\"true\"><span class=\"xm-text f-bold\" data-key=\"spec_40\" data-type=\"text\" data-id=\"badc0382f5\">Wi-Fi Encryption<\/span><span class=\"xm-text f-regular\" data-key=\"spec_41\" data-type=\"text\" data-id=\"5d94d3c7bb\">WPA-PSK\/WPA2-PSK\/WPA3-SAE encryption, Wireless access control (black and white list), SSID hidden<\/span><\/div>\n<div class=\"lazy\" data-type=\"bg\" data-id=\"a9120e253d\" data-background-image=\"\" data-loaded=\"true\"><span class=\"xm-text f-bold\" data-key=\"spec_42\" data-type=\"text\" data-id=\"dcda378ef0\">Management Applications<\/span><span class=\"xm-text f-regular\" data-key=\"spec_43\" data-type=\"text\" data-id=\"056f66c00b\">Supports Web, Mi Home\/Xiaomi Home App (Android, iOS)<\/span><\/div>\n<\/div>\n<\/div>\n<div class=\"lazy\" data-type=\"bg\" data-id=\"9dd4c6eeb3\" data-background-image=\"\" data-loaded=\"true\">\n<div class=\"lazy\" data-type=\"bg\" data-id=\"de68d5757f\" data-background-image=\"\" data-loaded=\"true\"><span class=\"xm-text f-bold\" data-key=\"spec_44\" data-type=\"text\" data-id=\"b6cbfe3109\">Working Environment<\/span><\/div>\n<div class=\"lazy\" data-type=\"bg\" data-id=\"ae03bb5145\" data-background-image=\"\" data-loaded=\"true\">\n<div class=\"lazy\" data-type=\"bg\" data-id=\"cc6fb691c0\" data-background-image=\"\" data-loaded=\"true\"><span class=\"xm-text f-bold\" data-key=\"spec_45\" data-type=\"text\" data-id=\"72ea871130\">Working Environment Temperature<\/span><span class=\"xm-text f-regular\" data-key=\"spec_46\" data-type=\"text\" data-id=\"3498bd5bda\">0 ~ 40\u00b0C<\/span><\/div>\n<div class=\"lazy\" data-type=\"bg\" data-id=\"5ac0348d72\" data-background-image=\"\" data-loaded=\"true\"><span class=\"xm-text f-bold\" data-key=\"spec_47\" data-type=\"text\" data-id=\"1b640f1728\">Operating Humidity<\/span><span class=\"xm-text f-regular\" data-key=\"spec_48\" data-type=\"text\" data-id=\"7f241647ef\">10% ~ 90% RH (non-condensing)<\/span><\/div>\n<div class=\"lazy\" data-type=\"bg\" data-id=\"1765df6eb2\" data-background-image=\"\" data-loaded=\"true\"><span class=\"xm-text f-bold\" data-key=\"spec_49\" data-type=\"text\" data-id=\"9ac917ce44\">Storage Temperature<\/span><span class=\"xm-text f-regular\" data-key=\"spec_50\" data-type=\"text\" data-id=\"5ef9ea557b\">-40 ~ 70\u2103<\/span><\/div>\n<div class=\"lazy\" data-type=\"bg\" data-id=\"2efa3b7305\" data-background-image=\"\" data-loaded=\"true\"><span class=\"xm-text f-bold\" data-key=\"spec_51\" data-type=\"text\" data-id=\"8c84adfa83\">Storage Humidity<\/span><span class=\"xm-text f-regular\" data-key=\"spec_52\" data-type=\"text\" data-id=\"31eb859a42\">5% ~ 90% RH (non-condensing)<\/span><\/div>\n<\/div>\n<\/div>\n<div class=\"lazy\" data-type=\"bg\" data-id=\"4686a985b2\" data-background-image=\"\" data-loaded=\"true\">\n<div class=\"lazy\" data-type=\"bg\" data-id=\"d6e3528117\" data-background-image=\"\" data-loaded=\"true\"><span class=\"xm-text f-bold\" data-key=\"spec_53\" data-type=\"text\" data-id=\"43bdff06e4\">Package Contents<\/span><\/div>\n<div class=\"lazy\" data-type=\"bg\" data-id=\"57dba8b168\" data-background-image=\"\" data-loaded=\"true\">\n<div class=\"lazy\" data-type=\"bg\" data-id=\"702c9c4148\" data-background-image=\"\" data-loaded=\"true\"><span class=\"xm-text f-bold\" data-key=\"spec_54\" data-type=\"text\" data-id=\"9b875df0fa\">Xiaomi Router AX3000T \u00d7 1<\/span><\/div>\n<div class=\"lazy\" data-type=\"bg\" data-id=\"c56db0ca77\" data-background-image=\"\" data-loaded=\"true\"><span class=\"xm-text f-bold\" data-key=\"spec_55\" data-type=\"text\" data-id=\"ef0264bc9b\">Network Cable \u00d7 1<\/span><\/div>\n<div class=\"lazy\" data-type=\"bg\" data-id=\"d3b57ee88b\" data-background-image=\"\" data-loaded=\"true\"><span class=\"xm-text f-bold\" data-key=\"spec_56\" data-type=\"text\" data-id=\"b57778f242\">Power Adapter \u00d7 1<\/span><\/div>\n<div class=\"lazy\" data-type=\"bg\" data-id=\"5b894d0423\" data-background-image=\"\" data-loaded=\"true\"><span class=\"xm-text f-bold\" data-key=\"spec_57\" data-type=\"text\" data-id=\"2270498b29\">Warranty Card \u00d71<\/span><\/div>\n<div class=\"lazy\" data-type=\"bg\" data-id=\"51fa7fd99c\" data-background-image=\"\" data-loaded=\"true\"><span class=\"xm-text f-bold\" data-key=\"spec_58\" data-type=\"text\" data-id=\"d4f4a4cb8d\">User Manual \u00d7 1<\/span><\/div>\n<\/div>\n<\/div>","protected":false},"excerpt":{"rendered":"<p>Product Specifications Dimensions225mm \u00d7 172mm \u00d7 208.8mm ColorsWhite Hardware Configuration 2.4G Wi-Fi2\u00d72 (supports up to IEEE 802.11ax protocol, the theoretical maximum rate is 574Mbps) 5GHz Wi-Fi2\u00d72 (supports up to IEEE 802.11ax protocol, the theoretical maximum rate is 2402Mbps) Antennas4 \u00d7 High gain antennas Heat DissipationNatural heat dissipation Total Ports4 \u00d7 10\/100\/1000Mbps self-adaptive WAN\/LAN port (Auto [&hellip;]<\/p>\n","protected":false},"featured_media":4749,"template":"","meta":{"site-sidebar-layout":"default","site-content-layout":"","ast-site-content-layout":"default","site-content-style":"default","site-sidebar-style":"default","ast-global-header-display":"","ast-banner-title-visibility":"","ast-main-header-display":"","ast-hfb-above-header-display":"","ast-hfb-below-header-display":"","ast-hfb-mobile-header-display":"","site-post-title":"","ast-breadcrumbs-content":"","ast-featured-img":"","footer-sml-layout":"","ast-disable-related-posts":"","theme-transparent-header-meta":"default","adv-header-id-meta":"","stick-header-meta":"default","header-above-stick-meta":"","header-main-stick-meta":"","header-below-stick-meta":"","astra-migrate-meta-layouts":"set","ast-page-background-enabled":"default","ast-page-background-meta":{"desktop":{"background-color":"var(--ast-global-color-4)","background-image":"","background-repeat":"repeat","background-position":"center center","background-size":"auto","background-attachment":"scroll","background-type":"","background-media":"","overlay-type":"","overlay-color":"","overlay-opacity":"","overlay-gradient":""},"tablet":{"background-color":"","background-image":"","background-repeat":"repeat","background-position":"center center","background-size":"auto","background-attachment":"scroll","background-type":"","background-media":"","overlay-type":"","overlay-color":"","overlay-opacity":"","overlay-gradient":""},"mobile":{"background-color":"","background-image":"","background-repeat":"repeat","background-position":"center center","background-size":"auto","background-attachment":"scroll","background-type":"","background-media":"","overlay-type":"","overlay-color":"","overlay-opacity":"","overlay-gradient":""}},"ast-content-background-meta":{"desktop":{"background-color":"var(--ast-global-color-5)","background-image":"","background-repeat":"repeat","background-position":"center center","background-size":"auto","background-attachment":"scroll","background-type":"","background-media":"","overlay-type":"","overlay-color":"","overlay-opacity":"","overlay-gradient":""},"tablet":{"background-color":"var(--ast-global-color-5)","background-image":"","background-repeat":"repeat","background-position":"center center","background-size":"auto","background-attachment":"scroll","background-type":"","background-media":"","overlay-type":"","overlay-color":"","overlay-opacity":"","overlay-gradient":""},"mobile":{"background-color":"var(--ast-global-color-5)","background-image":"","background-repeat":"repeat","background-position":"center center","background-size":"auto","background-attachment":"scroll","background-type":"","background-media":"","overlay-type":"","overlay-color":"","overlay-opacity":"","overlay-gradient":""}}},"product_brand":[53],"product_cat":[50,40],"product_tag":[],"class_list":{"0":"post-3984","1":"product","2":"type-product","3":"status-publish","4":"has-post-thumbnail","6":"product_brand-xiaomi","7":"product_cat-other-electronics","8":"product_cat-routers","9":"product_shipping_class-all-products","10":"desktop-align-center","11":"tablet-align-left","12":"mobile-align-left","13":"ast-product-gallery-layout-horizontal","14":"ast-product-tabs-layout-horizontal","16":"first","17":"instock","18":"purchasable","19":"product-type-simple"},"_links":{"self":[{"href":"https:\/\/nazoiq.com\/ku\/wp-json\/wp\/v2\/product\/3984","targetHints":{"allow":["GET"]}}],"collection":[{"href":"https:\/\/nazoiq.com\/ku\/wp-json\/wp\/v2\/product"}],"about":[{"href":"https:\/\/nazoiq.com\/ku\/wp-json\/wp\/v2\/types\/product"}],"version-history":[{"count":4,"href":"https:\/\/nazoiq.com\/ku\/wp-json\/wp\/v2\/product\/3984\/revisions"}],"predecessor-version":[{"id":10033,"href":"https:\/\/nazoiq.com\/ku\/wp-json\/wp\/v2\/product\/3984\/revisions\/10033"}],"wp:featuredmedia":[{"embeddable":true,"href":"https:\/\/nazoiq.com\/ku\/wp-json\/wp\/v2\/media\/4749"}],"wp:attachment":[{"href":"https:\/\/nazoiq.com\/ku\/wp-json\/wp\/v2\/media?parent=3984"}],"wp:term":[{"taxonomy":"product_brand","embeddable":true,"href":"https:\/\/nazoiq.com\/ku\/wp-json\/wp\/v2\/product_brand?post=3984"},{"taxonomy":"product_cat","embeddable":true,"href":"https:\/\/nazoiq.com\/ku\/wp-json\/wp\/v2\/product_cat?post=3984"},{"taxonomy":"product_tag","embeddable":true,"href":"https:\/\/nazoiq.com\/ku\/wp-json\/wp\/v2\/product_tag?post=3984"}],"curies":[{"name":"wp","href":"https:\/\/api.w.org\/{rel}","templated":true}]}}