{"id":5156,"date":"2025-06-10T06:38:43","date_gmt":"2025-06-10T06:38:43","guid":{"rendered":"https:\/\/nazoiq.com\/?post_type=product&#038;p=5156"},"modified":"2026-03-24T06:54:56","modified_gmt":"2026-03-24T06:54:56","slug":"poco-m7-pro-5g","status":"publish","type":"product","link":"https:\/\/nazoiq.com\/ku\/product\/poco-m7-pro-5g\/","title":{"rendered":"POCO M7 Pro 5G (12+256GB)"},"content":{"rendered":"<div class=\"lazy\" data-type=\"bg\" data-id=\"6abce8a05a\" data-background-image=\"\" data-loaded=\"true\">\n<div class=\"lazy\" data-type=\"bg\" data-id=\"316f4ace7f\" data-background-image=\"\" data-loaded=\"true\"><span class=\"xm-text f-bold\" data-key=\"spec_4\" data-type=\"text\" data-id=\"9e29af26f5\">Processor<\/span><\/div>\n<div class=\"lazy\" data-type=\"bg\" data-id=\"ce6ecadc85\" data-background-image=\"\" data-loaded=\"true\"><span class=\"xm-text f-bold\" data-key=\"spec_5\" data-type=\"text\" data-id=\"effc52d893\">Dimensity 7025-Ultra<\/span><span class=\"xm-text f-light\" data-key=\"spec_6\" data-type=\"text\" data-id=\"0e3223a7ee\">6nm manufacturing process technology<\/span><span class=\"xm-text f-light\" data-key=\"spec_7\" data-type=\"text\" data-id=\"308b50a033\">CPU: Octa-core processor, up to 2.5GHz<\/span><span class=\"xm-text f-light\" data-key=\"spec_8\" data-type=\"text\" data-id=\"a5c9ae0379\">GPU: IMG BXM-8-256<\/span><\/div>\n<\/div>\n<div class=\"lazy\" data-type=\"bg\" data-id=\"00774ab1bf\" data-background-image=\"\" data-loaded=\"true\">\n<div class=\"lazy\" data-type=\"bg\" data-id=\"156a75e211\" data-background-image=\"\" data-loaded=\"true\"><span class=\"xm-text f-bold\" data-key=\"spec_9\" data-type=\"text\" data-id=\"2c9aae6b4f\">Storage &amp; RAM<\/span><\/div>\n<div class=\"lazy\" data-type=\"bg\" data-id=\"fe1d48cd25\" data-background-image=\"\" data-loaded=\"true\"><span class=\"xm-text f-light\" data-key=\"spec_10\" data-type=\"text\" data-id=\"e30aa33e0b\">8GB+256GB | 12GB+256GB*<\/span><span class=\"xm-text f-light\" data-key=\"spec_11\" data-type=\"text\" data-id=\"4324f2c478\">LPDDR4X + UFS2.2<\/span><span class=\"xm-text f-light\" data-key=\"spec_12\" data-type=\"text\" data-id=\"c9750e593e\">*Available storage and RAM are less than the total memory due to storage of the operating system and software pre-installed on the device.<\/span><\/div>\n<\/div>\n<div class=\"lazy\" data-type=\"bg\" data-id=\"797da38030\" data-background-image=\"\" data-loaded=\"true\">\n<div class=\"lazy\" data-type=\"bg\" data-id=\"8ebf64d117\" data-background-image=\"\" data-loaded=\"true\"><span class=\"xm-text f-bold\" data-key=\"spec_13\" data-type=\"text\" data-id=\"e40351c5fb\">Dimensions<\/span><\/div>\n<div class=\"lazy\" data-type=\"bg\" data-id=\"0531c16f12\" data-background-image=\"\" data-loaded=\"true\"><span class=\"xm-text f-light\" data-key=\"spec_14\" data-type=\"text\" data-id=\"f6748d6187\">Height:162.4mm<\/span><span class=\"xm-text f-light\" data-key=\"spec_15\" data-type=\"text\" data-id=\"549e14e2ca\">Width: 75.7mm<\/span><span class=\"xm-text f-light\" data-key=\"spec_16\" data-type=\"text\" data-id=\"74055e1797\">Thickness: 7.99mm<\/span><span class=\"xm-text f-light\" data-key=\"spec_17\" data-type=\"text\" data-id=\"2512f71ede\">Weight: 190g<\/span><span class=\"xm-text f-light\" data-key=\"spec_18\" data-type=\"text\" data-id=\"d15461fccd\">*Data obtained from POCO Internal Labs. Industry measurement methods may vary, and therefore actual results may differ.<\/span><\/div>\n<\/div>\n<div class=\"lazy\" data-type=\"bg\" data-id=\"8335e7ce48\" data-background-image=\"\" data-loaded=\"true\">\n<div class=\"lazy\" data-type=\"bg\" data-id=\"fddfd6664e\" data-background-image=\"\" data-loaded=\"true\"><span class=\"xm-text f-bold\" data-key=\"spec_19\" data-type=\"text\" data-id=\"a67b79c040\">Display<\/span><\/div>\n<div class=\"lazy\" data-type=\"bg\" data-id=\"a96f1b57a3\" data-background-image=\"\" data-loaded=\"true\"><span class=\"xm-text f-light\" data-key=\"spec_20\" data-type=\"text\" data-id=\"1949eb94ce\">6.67&#8243; AMOLED display<\/span><span class=\"xm-text f-light\" data-key=\"spec_21\" data-type=\"text\" data-id=\"63b78fdd07\">Resolution: 2400 x 1080<\/span><span class=\"xm-text f-light\" data-key=\"spec_22\" data-type=\"text\" data-id=\"efd84c89f6\">Refresh rate: Up to 120Hz<\/span><span class=\"xm-text f-light\" data-key=\"spec_23\" data-type=\"text\" data-id=\"e336555b4b\">Touch sampling rate: 240Hz<\/span><span class=\"xm-text f-light\" data-key=\"spec_24\" data-type=\"text\" data-id=\"4ed7de5460\">Brightness: peak brightness 2100 nits<\/span><span class=\"xm-text f-light\" data-key=\"spec_25\" data-type=\"text\" data-id=\"2bb6348230\">Brightness: HBM brightness 1200 nits<\/span><span class=\"xm-text f-light\" data-key=\"spec_26\" data-type=\"text\" data-id=\"aa68bb7b3d\">Color depth: 8 bit<\/span><span class=\"xm-text f-light\" data-key=\"spec_27\" data-type=\"text\" data-id=\"a658362146\">Contrast ratio: 5,000,000:1<\/span><span class=\"xm-text f-light\" data-key=\"spec_28\" data-type=\"text\" data-id=\"262814f35c\">DCI- P3 wide color gamut<\/span><span class=\"xm-text f-light\" data-key=\"spec_29\" data-type=\"text\" data-id=\"e271bf09e4\">PPI 394<\/span><span class=\"xm-text f-light\" data-key=\"spec_30\" data-type=\"text\" data-id=\"c864b7a84f\">Corning\u00ae Gorilla\u00ae Glass 5<\/span><span class=\"xm-text f-light\" data-key=\"spec_31\" data-type=\"text\" data-id=\"7a687bd251\">Sunlight display<\/span><span class=\"xm-text f-light\" data-key=\"spec_32\" data-type=\"text\" data-id=\"4af1570bac\">Reading mode<\/span><span class=\"xm-text f-light\" data-key=\"spec_33\" data-type=\"text\" data-id=\"6405a47b93\">960Hz PWM dimming\uff5cT\u00dcV Rheinland Low Blue Light Certified (Hardware solution) | T\u00dcV Rheinland Circadian Friendly Certified | T\u00dcV Rheinland Flicker Free Certified<\/span><span class=\"xm-text f-light\" data-key=\"spec_34\" data-type=\"text\" data-id=\"9ce2f66c6a\">SGS Eye Care Display<\/span><span class=\"xm-text f-light\" data-key=\"spec_35\" data-type=\"text\" data-id=\"b267452ff9\">2160Hz instantaneous touch sampling rate 16x super-resolution touch<\/span><span class=\"xm-text f-light\" data-key=\"spec_36\" data-type=\"text\" data-id=\"5fc57c5e03\">Screen-to-body ratio\uff1a92%*<\/span><span class=\"xm-text f-light\" data-key=\"spec_37\" data-type=\"text\" data-id=\"7d0d70356e\">*Data obtained from POCO Internal Labs. Actual results may vary.<\/span><\/div>\n<\/div>\n<div class=\"lazy\" data-type=\"bg\" data-id=\"34c5c943c8\" data-background-image=\"\" data-loaded=\"true\">\n<div class=\"lazy\" data-type=\"bg\" data-id=\"bce4a8eb23\" data-background-image=\"\" data-loaded=\"true\"><span class=\"xm-text f-bold\" data-key=\"spec_38\" data-type=\"text\" data-id=\"1c7cc5c2b2\">Rear Camera<\/span><\/div>\n<div class=\"lazy\" data-type=\"bg\" data-id=\"f5e51bfbf0\" data-background-image=\"\" data-loaded=\"true\"><span class=\"xm-text f-bold\" data-key=\"spec_39\" data-type=\"text\" data-id=\"c606b1be51\">50MP main camera<\/span><span class=\"xm-text f-light\" data-key=\"spec_40\" data-type=\"text\" data-id=\"9d3ed9eaf2\">Optical Image Stabilization (OIS)<\/span><span class=\"xm-text f-light\" data-key=\"spec_41\" data-type=\"text\" data-id=\"f748010c82\">1.6\u03bcm 4in1<\/span><span class=\"xm-text f-light\" data-key=\"spec_42\" data-type=\"text\" data-id=\"155a24cc89\">f\/1.5<\/span><span class=\"xm-text f-light\" data-key=\"spec_43\" data-type=\"text\" data-id=\"b6e36c5176\">6P lens<\/span><span class=\"xm-text f-light\" data-key=\"spec_44\" data-type=\"text\" data-id=\"72bf290c92\">1\/1.95&#8243;<\/span><span class=\"xm-text f-light\" data-key=\"spec_45\" data-type=\"text\" data-id=\"bb4fc84991\">RAW Domain Ultra-Sense Night Mode<\/span><span class=\"xm-text f-light\" data-key=\"spec_46\" data-type=\"text\" data-id=\"b86ab0259f\">2MP depth camera<\/span><span class=\"xm-text f-light\" data-key=\"spec_47\" data-type=\"text\" data-id=\"ebc6da7f47\">f\/2.4<\/span><span class=\"xm-text f-light\" data-key=\"spec_48\" data-type=\"text\" data-id=\"617a0ae0c1\">POCO Image Engine<\/span><span class=\"xm-text f-bold\" data-key=\"spec_49\" data-type=\"text\" data-id=\"66c590866c\">Rear camera video recording<\/span><span class=\"xm-text f-light\" data-key=\"spec_50\" data-type=\"text\" data-id=\"9a4c957f3d\">1080p at 30fps<\/span><span class=\"xm-text f-light\" data-key=\"spec_51\" data-type=\"text\" data-id=\"20b40cde2a\">720p at 30fps<\/span><\/div>\n<\/div>\n<div class=\"lazy\" data-type=\"bg\" data-id=\"d3c40df42f\" data-background-image=\"\" data-loaded=\"true\">\n<div class=\"lazy\" data-type=\"bg\" data-id=\"a86bacd642\" data-background-image=\"\" data-loaded=\"true\"><span class=\"xm-text f-bold\" data-key=\"spec_52\" data-type=\"text\" data-id=\"05749aa5e2\">Front camera<\/span><\/div>\n<div class=\"lazy\" data-type=\"bg\" data-id=\"ef4331dc95\" data-background-image=\"\" data-loaded=\"true\"><span class=\"xm-text f-bold\" data-key=\"spec_53\" data-type=\"text\" data-id=\"258c88c1c8\">20MP front camera<\/span><span class=\"xm-text f-light\" data-key=\"spec_54\" data-type=\"text\" data-id=\"51571f5a5b\">1\/4.0&#8243; sensor size<\/span><span class=\"xm-text f-light\" data-key=\"spec_55\" data-type=\"text\" data-id=\"01a313f7d7\">f\/2.2<\/span><span class=\"xm-text f-light\" data-key=\"spec_56\" data-type=\"text\" data-id=\"7b20074f09\">4P lens<\/span><span class=\"xm-text f-bold\" data-key=\"spec_58\" data-type=\"text\" data-id=\"37215c9ea1\">1080p at 30fps<\/span><span class=\"xm-text f-light\" data-key=\"spec_59\" data-type=\"text\" data-id=\"e66a219a39\">720p at 30fps<\/span><\/div>\n<\/div>\n<div class=\"lazy\" data-type=\"bg\" data-id=\"42970c858c\" data-background-image=\"\" data-loaded=\"true\">\n<div class=\"lazy\" data-type=\"bg\" data-id=\"60045c2eea\" data-background-image=\"\" data-loaded=\"true\"><span class=\"xm-text f-bold\" data-key=\"spec_60\" data-type=\"text\" data-id=\"ac56a0461d\">Battery &amp; Charging<\/span><\/div>\n<div class=\"lazy\" data-type=\"bg\" data-id=\"bbfdbe2119\" data-background-image=\"\" data-loaded=\"true\"><span class=\"xm-text f-light\" data-key=\"spec_61\" data-type=\"text\" data-id=\"4535c816f1\">5110mAh(typ) battery<\/span><span class=\"xm-text f-light\" data-key=\"spec_62\" data-type=\"text\" data-id=\"e2705627e0\">45W turbo charging<\/span><span class=\"xm-text f-light\" data-key=\"spec_63\" data-type=\"text\" data-id=\"92f3d2ac6a\">45W In-box charger<\/span><\/div>\n<\/div>\n<div class=\"lazy\" data-type=\"bg\" data-id=\"1423d07b77\" data-background-image=\"\" data-loaded=\"true\">\n<div class=\"lazy\" data-type=\"bg\" data-id=\"fc2e88518d\" data-background-image=\"\" data-loaded=\"true\"><span class=\"xm-text f-bold\" data-key=\"spec_65\" data-type=\"text\" data-id=\"298040b84b\">Security<\/span><\/div>\n<div class=\"lazy\" data-type=\"bg\" data-id=\"d535768a69\" data-background-image=\"\" data-loaded=\"true\"><span class=\"xm-text f-light\" data-key=\"spec_66\" data-type=\"text\" data-id=\"0dc0744ecd\">In-screen fingerprint sensor<\/span><span class=\"xm-text f-light\" data-key=\"spec_67\" data-type=\"text\" data-id=\"5cc41b74bf\">AI Face Unlock<\/span><\/div>\n<\/div>\n<div class=\"lazy\" data-type=\"bg\" data-id=\"a64ebbd73e\" data-background-image=\"\" data-loaded=\"true\">\n<div class=\"lazy\" data-type=\"bg\" data-id=\"75961cb97a\" data-background-image=\"\" data-loaded=\"true\"><span class=\"xm-text f-bold\" data-key=\"spec_68\" data-type=\"text\" data-id=\"247d296f78\">Network &amp; Connectivity<\/span><\/div>\n<div class=\"lazy\" data-type=\"bg\" data-id=\"c6764d41a8\" data-background-image=\"\" data-loaded=\"true\"><span class=\"xm-text f-light\" data-key=\"spec_69\" data-type=\"text\" data-id=\"84fcdc2107\">SIM 1 + Hybrid (SIM or microSD)<\/span><span class=\"xm-text f-light\" data-key=\"spec_70\" data-type=\"text\" data-id=\"caca0d16aa\">Supports 5G \/ 4G \/ 3G \/ 2G<\/span><span class=\"xm-text f-light\" data-key=\"spec_71\" data-type=\"text\" data-id=\"e217bfdcf1\">2G: GSM: 2\/3\/5\/8<\/span><span class=\"xm-text f-light\" data-key=\"spec_72\" data-type=\"text\" data-id=\"b922a27837\">3G: WCDMA: 1\/2\/4\/5\/8\/6\/19<\/span><span class=\"xm-text f-light\" data-key=\"spec_73\" data-type=\"text\" data-id=\"26eb370048\">4G FDD:1\/2\/3\/4\/5\/7\/8\/12\/13\/17\/18\/19\/20\/26\/28\/32\/66<\/span><span class=\"xm-text f-light\" data-key=\"spec_74\" data-type=\"text\" data-id=\"06582b03b5\">4G TDD: 38\/40\/41\/42\/48<\/span><span class=\"xm-text f-light\" data-key=\"spec_75\" data-type=\"text\" data-id=\"7ca9f6c9b4\">5G SA:1\/2\/3\/5\/7\/8\/12\/20\/26\/28\/38\/40\/41\/48\/66\/77\/78<\/span><span class=\"xm-text f-light\" data-key=\"spec_76\" data-type=\"text\" data-id=\"cb740b9332\">5G NSA: 1\/3\/5\/7\/8\/20\/28\/38\/40\/41\/66\/77\/78<\/span><span class=\"xm-text f-light\" data-key=\"spec_77\" data-type=\"text\" data-id=\"da930547c4\">NFC<\/span><span class=\"xm-text f-light\" data-key=\"spec_78\" data-type=\"text\" data-id=\"daff4ab1b9\">Bluetooth 5.3<\/span><span class=\"xm-text f-light\" data-key=\"spec_79\" data-type=\"text\" data-id=\"8f002df03b\">Wi-Fi Protocol: 802.11a\/b\/g\/n\/ac Supports 2.4GHz Wi-Fi | 5GHz Wi-Fi Wi-Fi Direct<\/span><\/div>\n<\/div>\n<div class=\"lazy\" data-type=\"bg\" data-id=\"a69111caa4\" data-background-image=\"\" data-loaded=\"true\">\n<div class=\"lazy\" data-type=\"bg\" data-id=\"61f7976592\" data-background-image=\"\" data-loaded=\"true\"><span class=\"xm-text f-bold\" data-key=\"spec_80\" data-type=\"text\" data-id=\"59105a3ff2\">Navigation &amp; Positioning<\/span><\/div>\n<div class=\"lazy\" data-type=\"bg\" data-id=\"2ad432d50e\" data-background-image=\"\" data-loaded=\"true\"><span class=\"xm-text f-light\" data-key=\"spec_81\" data-type=\"text\" data-id=\"84e271ece7\">GPS: L1 | GLONASS: G1 | BDS: B1I | Galileo E1<\/span><\/div>\n<\/div>\n<div class=\"lazy\" data-type=\"bg\" data-id=\"26ba9f09c0\" data-background-image=\"\" data-loaded=\"true\">\n<div class=\"lazy\" data-type=\"bg\" data-id=\"f58d8a7dd2\" data-background-image=\"\" data-loaded=\"true\"><span class=\"xm-text f-bold\" data-key=\"spec_82\" data-type=\"text\" data-id=\"3835d451ba\">Audio<\/span><\/div>\n<div class=\"lazy\" data-type=\"bg\" data-id=\"019b51391d\" data-background-image=\"\" data-loaded=\"true\"><span class=\"xm-text f-light\" data-key=\"spec_83\" data-type=\"text\" data-id=\"f8d49fbefc\">Dual speakers<\/span><span class=\"xm-text f-light\" data-key=\"spec_84\" data-type=\"text\" data-id=\"5b40442c14\">Dolby Atmos\u00ae<\/span><span class=\"xm-text f-light\" data-key=\"spec_85\" data-type=\"text\" data-id=\"5f5efdfde3\">3.5mm headphone jack<\/span><\/div>\n<\/div>\n<div class=\"lazy\" data-type=\"bg\" data-id=\"95a694fdf2\" data-background-image=\"\" data-loaded=\"true\">\n<div class=\"lazy\" data-type=\"bg\" data-id=\"9841b4c7f3\" data-background-image=\"\" data-loaded=\"true\"><span class=\"xm-text f-bold\" data-key=\"spec_86\" data-type=\"text\" data-id=\"227e797177\">Sensors<\/span><\/div>\n<div class=\"lazy\" data-type=\"bg\" data-id=\"09cb933ea7\" data-background-image=\"\" data-loaded=\"true\"><span class=\"xm-text f-light\" data-key=\"spec_87\" data-type=\"text\" data-id=\"ee1d49321b\">Virtual proximity sensor | Ambient light sensor | Accelerometer | Electronic compass | IR blaster | Gyroscope<\/span><\/div>\n<\/div>\n<div class=\"lazy\" data-type=\"bg\" data-id=\"60bedc4ed2\" data-background-image=\"\" data-loaded=\"true\">\n<div class=\"lazy\" data-type=\"bg\" data-id=\"3e25a96806\" data-background-image=\"\" data-loaded=\"true\"><span class=\"xm-text f-bold\" data-key=\"spec_88\" data-type=\"text\" data-id=\"c2c2809c82\">Operating System<\/span><\/div>\n<div class=\"lazy\" data-type=\"bg\" data-id=\"bca0f685cb\" data-background-image=\"\" data-loaded=\"true\"><span class=\"xm-text f-light\" data-key=\"spec_89\" data-type=\"text\" data-id=\"a2b3d6de42\">Xiaomi HyperOS<\/span><\/div>\n<\/div>\n<div class=\"lazy\" data-type=\"bg\" data-id=\"5b126d65aa\" data-background-image=\"\" data-loaded=\"true\">\n<div class=\"lazy\" data-type=\"bg\" data-id=\"9566f0b5a6\" data-background-image=\"\" data-loaded=\"true\"><span class=\"xm-text f-bold\" data-key=\"spec_90\" data-type=\"text\" data-id=\"c1fae08dbe\">Package Contents<\/span><\/div>\n<div class=\"lazy\" data-type=\"bg\" data-id=\"c71c0b60db\" data-background-image=\"\" data-loaded=\"true\"><span class=\"xm-text f-light\" data-key=\"spec_91\" data-type=\"text\" data-id=\"53e514753a\">POCO M7 Pro 5G \/ Adapter \/ USB Type-C Cable \/ SIM Eject Tool \/ Protective Case \/ Quick Start Guide \/ Warranty Card<\/span><span class=\"xm-text f-light\" data-key=\"spec_92\" data-type=\"text\" data-id=\"e622f08349\">*Content in the package may differ across different regions.<\/span><\/div>\n<\/div>","protected":false},"excerpt":{"rendered":"<p>RAM: 12GB<\/p>\n<p>ROM: 256GB<\/p>","protected":false},"featured_media":5903,"template":"","meta":{"site-sidebar-layout":"default","site-content-layout":"","ast-site-content-layout":"default","site-content-style":"default","site-sidebar-style":"default","ast-global-header-display":"","ast-banner-title-visibility":"","ast-main-header-display":"","ast-hfb-above-header-display":"","ast-hfb-below-header-display":"","ast-hfb-mobile-header-display":"","site-post-title":"","ast-breadcrumbs-content":"","ast-featured-img":"","footer-sml-layout":"","ast-disable-related-posts":"","theme-transparent-header-meta":"default","adv-header-id-meta":"","stick-header-meta":"default","header-above-stick-meta":"","header-main-stick-meta":"","header-below-stick-meta":"","astra-migrate-meta-layouts":"set","ast-page-background-enabled":"default","ast-page-background-meta":{"desktop":{"background-color":"var(--ast-global-color-4)","background-image":"","background-repeat":"repeat","background-position":"center center","background-size":"auto","background-attachment":"scroll","background-type":"","background-media":"","overlay-type":"","overlay-color":"","overlay-opacity":"","overlay-gradient":""},"tablet":{"background-color":"","background-image":"","background-repeat":"repeat","background-position":"center center","background-size":"auto","background-attachment":"scroll","background-type":"","background-media":"","overlay-type":"","overlay-color":"","overlay-opacity":"","overlay-gradient":""},"mobile":{"background-color":"","background-image":"","background-repeat":"repeat","background-position":"center center","background-size":"auto","background-attachment":"scroll","background-type":"","background-media":"","overlay-type":"","overlay-color":"","overlay-opacity":"","overlay-gradient":""}},"ast-content-background-meta":{"desktop":{"background-color":"var(--ast-global-color-5)","background-image":"","background-repeat":"repeat","background-position":"center center","background-size":"auto","background-attachment":"scroll","background-type":"","background-media":"","overlay-type":"","overlay-color":"","overlay-opacity":"","overlay-gradient":""},"tablet":{"background-color":"var(--ast-global-color-5)","background-image":"","background-repeat":"repeat","background-position":"center center","background-size":"auto","background-attachment":"scroll","background-type":"","background-media":"","overlay-type":"","overlay-color":"","overlay-opacity":"","overlay-gradient":""},"mobile":{"background-color":"var(--ast-global-color-5)","background-image":"","background-repeat":"repeat","background-position":"center center","background-size":"auto","background-attachment":"scroll","background-type":"","background-media":"","overlay-type":"","overlay-color":"","overlay-opacity":"","overlay-gradient":""}}},"product_brand":[73],"product_cat":[34,122],"product_tag":[],"class_list":{"0":"post-5156","1":"product","2":"type-product","3":"status-publish","4":"has-post-thumbnail","6":"product_brand-poco","7":"product_cat-mobile-phones","8":"product_cat-poco-m7-series","9":"product_shipping_class-all-products","10":"desktop-align-center","11":"tablet-align-left","12":"mobile-align-left","13":"ast-product-gallery-layout-horizontal","14":"ast-product-single-variable","15":"ast-product-tabs-layout-horizontal","17":"first","18":"instock","19":"shipping-taxable","20":"purchasable","21":"product-type-variable"},"_links":{"self":[{"href":"https:\/\/nazoiq.com\/ku\/wp-json\/wp\/v2\/product\/5156","targetHints":{"allow":["GET"]}}],"collection":[{"href":"https:\/\/nazoiq.com\/ku\/wp-json\/wp\/v2\/product"}],"about":[{"href":"https:\/\/nazoiq.com\/ku\/wp-json\/wp\/v2\/types\/product"}],"version-history":[{"count":4,"href":"https:\/\/nazoiq.com\/ku\/wp-json\/wp\/v2\/product\/5156\/revisions"}],"predecessor-version":[{"id":7807,"href":"https:\/\/nazoiq.com\/ku\/wp-json\/wp\/v2\/product\/5156\/revisions\/7807"}],"wp:featuredmedia":[{"embeddable":true,"href":"https:\/\/nazoiq.com\/ku\/wp-json\/wp\/v2\/media\/5903"}],"wp:attachment":[{"href":"https:\/\/nazoiq.com\/ku\/wp-json\/wp\/v2\/media?parent=5156"}],"wp:term":[{"taxonomy":"product_brand","embeddable":true,"href":"https:\/\/nazoiq.com\/ku\/wp-json\/wp\/v2\/product_brand?post=5156"},{"taxonomy":"product_cat","embeddable":true,"href":"https:\/\/nazoiq.com\/ku\/wp-json\/wp\/v2\/product_cat?post=5156"},{"taxonomy":"product_tag","embeddable":true,"href":"https:\/\/nazoiq.com\/ku\/wp-json\/wp\/v2\/product_tag?post=5156"}],"curies":[{"name":"wp","href":"https:\/\/api.w.org\/{rel}","templated":true}]}}